{"id":4182,"date":"2025-01-25T16:19:29","date_gmt":"2025-01-25T15:19:29","guid":{"rendered":"https:\/\/dormuz.fr\/?post_type=product&#038;p=4182"},"modified":"2025-01-25T04:19:17","modified_gmt":"2025-01-25T03:19:17","slug":"red-one","status":"publish","type":"product","link":"https:\/\/dormuz.fr\/index.php\/produit\/red-one\/","title":{"rendered":"Red One"},"content":{"rendered":"<div class=\"iframe-container\"><iframe src=\"https:\/\/tromcloud.com\/iframe\/ch3EYJsO3b\"><\/iframe><\/div>\n","protected":false},"excerpt":{"rendered":"<p class=\"bo-p\"><span class=\"yZlgBd\">Apr\u00e8s l&rsquo;enl\u00e8vement du P\u00e8re No\u00ebl, le chef de la s\u00e9curit\u00e9 du p\u00f4le Nord doit faire \u00e9quipe avec le chasseur de primes le plus c\u00e9l\u00e8bre du monde dans une mission pleine d&rsquo;action \u00e0 travers le monde pour sauver No\u00ebl&#8230;<\/span>&#8230;.<br \/>\n<span style=\"color: #ff9900;\">Vous pouvez le visionner d\u00e8s maintenant en streaming VF VOSTFR.\u00a0<\/span><\/p>\n","protected":false},"featured_media":4676,"comment_status":"open","ping_status":"closed","template":"","meta":{"pmpro_default_level":"","_monsterinsights_skip_tracking":false,"_monsterinsights_sitenote_active":false,"_monsterinsights_sitenote_note":"","_monsterinsights_sitenote_category":0,"_uf_show_specific_survey":0,"_uf_disable_surveys":false},"product_brand":[],"product_cat":[39,40,44,51],"product_tag":[27],"class_list":{"0":"post-4182","1":"product","2":"type-product","3":"status-publish","4":"has-post-thumbnail","6":"product_cat-action","7":"product_cat-aventure","8":"product_cat-comedie","9":"product_cat-fantastique","10":"product_tag-film-2024","11":"pmpro-has-access","13":"first","14":"instock","15":"shipping-taxable","16":"product-type-external"},"aioseo_notices":[],"_links":{"self":[{"href":"https:\/\/dormuz.fr\/index.php\/wp-json\/wp\/v2\/product\/4182","targetHints":{"allow":["GET"]}}],"collection":[{"href":"https:\/\/dormuz.fr\/index.php\/wp-json\/wp\/v2\/product"}],"about":[{"href":"https:\/\/dormuz.fr\/index.php\/wp-json\/wp\/v2\/types\/product"}],"replies":[{"embeddable":true,"href":"https:\/\/dormuz.fr\/index.php\/wp-json\/wp\/v2\/comments?post=4182"}],"version-history":[{"count":28,"href":"https:\/\/dormuz.fr\/index.php\/wp-json\/wp\/v2\/product\/4182\/revisions"}],"predecessor-version":[{"id":4752,"href":"https:\/\/dormuz.fr\/index.php\/wp-json\/wp\/v2\/product\/4182\/revisions\/4752"}],"wp:featuredmedia":[{"embeddable":true,"href":"https:\/\/dormuz.fr\/index.php\/wp-json\/wp\/v2\/media\/4676"}],"wp:attachment":[{"href":"https:\/\/dormuz.fr\/index.php\/wp-json\/wp\/v2\/media?parent=4182"}],"wp:term":[{"taxonomy":"product_brand","embeddable":true,"href":"https:\/\/dormuz.fr\/index.php\/wp-json\/wp\/v2\/product_brand?post=4182"},{"taxonomy":"product_cat","embeddable":true,"href":"https:\/\/dormuz.fr\/index.php\/wp-json\/wp\/v2\/product_cat?post=4182"},{"taxonomy":"product_tag","embeddable":true,"href":"https:\/\/dormuz.fr\/index.php\/wp-json\/wp\/v2\/product_tag?post=4182"}],"curies":[{"name":"wp","href":"https:\/\/api.w.org\/{rel}","templated":true}]}}