{"id":4724,"date":"2024-12-16T03:25:30","date_gmt":"2024-12-16T02:25:30","guid":{"rendered":"https:\/\/dormuz.fr\/?post_type=product&#038;p=4724"},"modified":"2024-12-16T03:37:52","modified_gmt":"2024-12-16T02:37:52","slug":"conclave","status":"publish","type":"product","link":"https:\/\/dormuz.fr\/index.php\/produit\/conclave\/","title":{"rendered":"Conclave"},"content":{"rendered":"<div class=\"iframe-container\"><iframe src=\"https:\/\/cloudmatoc.com\/iframe\/gjAjaq4xCS\"><\/iframe><\/div>\n","protected":false},"excerpt":{"rendered":"<p><span style=\"color: #999999;\">Synopsis :<\/span><\/p>\n<p class=\"bo-p\"><span class=\"yZlgBd\">Apr\u00e8s la mort du Pape, le cardinal Lawrence, r\u00e9ticent, est charg\u00e9 de superviser le groupe de cardinaux du monde entier charg\u00e9s de s\u00e9lectionner un nouveau chef pour l&rsquo;\u00c9glise. Mais alors que les machinations politiques au sein du Vatican s&rsquo;intensifient, il se rend compte que le d\u00e9funt leur avait cach\u00e9 un secret qu&rsquo;il doit d\u00e9couvrir avant qu&rsquo;un nouveau Pape ne soit choisi&#8230;.<\/span>&#8230;.<br \/>\n<span style=\"color: #ff9900;\">Vous pouvez le visionner d\u00e8s maintenant en streaming VF VOSTFR.\u00a0<\/span><\/p>\n","protected":false},"featured_media":4725,"comment_status":"open","ping_status":"closed","template":"","meta":{"pmpro_default_level":"","_monsterinsights_skip_tracking":false,"_monsterinsights_sitenote_active":false,"_monsterinsights_sitenote_note":"","_monsterinsights_sitenote_category":0,"_uf_show_specific_survey":0,"_uf_disable_surveys":false},"product_brand":[],"product_cat":[64],"product_tag":[27],"class_list":{"0":"post-4724","1":"product","2":"type-product","3":"status-publish","4":"has-post-thumbnail","6":"product_cat-thriller","7":"product_tag-film-2024","8":"pmpro-has-access","10":"first","11":"instock","12":"shipping-taxable","13":"product-type-external"},"aioseo_notices":[],"_links":{"self":[{"href":"https:\/\/dormuz.fr\/index.php\/wp-json\/wp\/v2\/product\/4724","targetHints":{"allow":["GET"]}}],"collection":[{"href":"https:\/\/dormuz.fr\/index.php\/wp-json\/wp\/v2\/product"}],"about":[{"href":"https:\/\/dormuz.fr\/index.php\/wp-json\/wp\/v2\/types\/product"}],"replies":[{"embeddable":true,"href":"https:\/\/dormuz.fr\/index.php\/wp-json\/wp\/v2\/comments?post=4724"}],"version-history":[{"count":1,"href":"https:\/\/dormuz.fr\/index.php\/wp-json\/wp\/v2\/product\/4724\/revisions"}],"predecessor-version":[{"id":4726,"href":"https:\/\/dormuz.fr\/index.php\/wp-json\/wp\/v2\/product\/4724\/revisions\/4726"}],"wp:featuredmedia":[{"embeddable":true,"href":"https:\/\/dormuz.fr\/index.php\/wp-json\/wp\/v2\/media\/4725"}],"wp:attachment":[{"href":"https:\/\/dormuz.fr\/index.php\/wp-json\/wp\/v2\/media?parent=4724"}],"wp:term":[{"taxonomy":"product_brand","embeddable":true,"href":"https:\/\/dormuz.fr\/index.php\/wp-json\/wp\/v2\/product_brand?post=4724"},{"taxonomy":"product_cat","embeddable":true,"href":"https:\/\/dormuz.fr\/index.php\/wp-json\/wp\/v2\/product_cat?post=4724"},{"taxonomy":"product_tag","embeddable":true,"href":"https:\/\/dormuz.fr\/index.php\/wp-json\/wp\/v2\/product_tag?post=4724"}],"curies":[{"name":"wp","href":"https:\/\/api.w.org\/{rel}","templated":true}]}}