{"id":4746,"date":"2024-12-17T00:59:45","date_gmt":"2024-12-16T23:59:45","guid":{"rendered":"https:\/\/dormuz.fr\/?post_type=product&#038;p=4746"},"modified":"2024-12-17T04:19:52","modified_gmt":"2024-12-17T03:19:52","slug":"hildegart-la-virgen-roja","status":"publish","type":"product","link":"https:\/\/dormuz.fr\/index.php\/produit\/hildegart-la-virgen-roja\/","title":{"rendered":"Hildegart : La virgen roja"},"content":{"rendered":"<div class=\"iframe-container\"><iframe src=\"https:\/\/sharecloudy.com\/iframe\/0kjtPZncEw\"><span data-mce-type=\"bookmark\" style=\"display: inline-block; width: 0px; overflow: hidden; line-height: 0;\" class=\"mce_SELRES_start\">\ufeff<\/span><\/iframe><\/div>\n","protected":false},"excerpt":{"rendered":"<p class=\"bo-p\"><span class=\"yZlgBd\">La vie extraordinaire et tragique de l&rsquo;Espagnole Hildegart Rodr\u00edguez, n\u00e9e en 1914, une enfant prodige \u00e9lev\u00e9e par sa m\u00e8re pour devenir un mod\u00e8le pour les femmes de demain, qui donna des conf\u00e9rences sur le f\u00e9minisme et la sexualit\u00e9 d\u00e8s l&rsquo;\u00e2ge de 11 ans, \u00e9crivit sur la prostitution, la contraception et l&rsquo;eug\u00e9nisme et accompagna H. G.\u00a0&#8230;<\/span>&#8230;.<br \/>\n<span style=\"color: #ff9900;\">Vous pouvez le visionner d\u00e8s maintenant en streaming VF VOSTFR.\u00a0<\/span><\/p>\n","protected":false},"featured_media":4747,"comment_status":"open","ping_status":"closed","template":"","meta":{"pmpro_default_level":"","_monsterinsights_skip_tracking":false,"_monsterinsights_sitenote_active":false,"_monsterinsights_sitenote_note":"","_monsterinsights_sitenote_category":0,"_uf_show_specific_survey":0,"_uf_disable_surveys":false},"product_brand":[],"product_cat":[46],"product_tag":[27],"class_list":{"0":"post-4746","1":"product","2":"type-product","3":"status-publish","4":"has-post-thumbnail","6":"product_cat-drame","7":"product_tag-film-2024","8":"pmpro-has-access","10":"first","11":"instock","12":"shipping-taxable","13":"product-type-external"},"aioseo_notices":[],"_links":{"self":[{"href":"https:\/\/dormuz.fr\/index.php\/wp-json\/wp\/v2\/product\/4746","targetHints":{"allow":["GET"]}}],"collection":[{"href":"https:\/\/dormuz.fr\/index.php\/wp-json\/wp\/v2\/product"}],"about":[{"href":"https:\/\/dormuz.fr\/index.php\/wp-json\/wp\/v2\/types\/product"}],"replies":[{"embeddable":true,"href":"https:\/\/dormuz.fr\/index.php\/wp-json\/wp\/v2\/comments?post=4746"}],"version-history":[{"count":1,"href":"https:\/\/dormuz.fr\/index.php\/wp-json\/wp\/v2\/product\/4746\/revisions"}],"predecessor-version":[{"id":4748,"href":"https:\/\/dormuz.fr\/index.php\/wp-json\/wp\/v2\/product\/4746\/revisions\/4748"}],"wp:featuredmedia":[{"embeddable":true,"href":"https:\/\/dormuz.fr\/index.php\/wp-json\/wp\/v2\/media\/4747"}],"wp:attachment":[{"href":"https:\/\/dormuz.fr\/index.php\/wp-json\/wp\/v2\/media?parent=4746"}],"wp:term":[{"taxonomy":"product_brand","embeddable":true,"href":"https:\/\/dormuz.fr\/index.php\/wp-json\/wp\/v2\/product_brand?post=4746"},{"taxonomy":"product_cat","embeddable":true,"href":"https:\/\/dormuz.fr\/index.php\/wp-json\/wp\/v2\/product_cat?post=4746"},{"taxonomy":"product_tag","embeddable":true,"href":"https:\/\/dormuz.fr\/index.php\/wp-json\/wp\/v2\/product_tag?post=4746"}],"curies":[{"name":"wp","href":"https:\/\/api.w.org\/{rel}","templated":true}]}}