{"id":4749,"date":"2024-12-17T04:06:57","date_gmt":"2024-12-17T03:06:57","guid":{"rendered":"https:\/\/dormuz.fr\/?post_type=product&#038;p=4749"},"modified":"2024-12-17T04:16:34","modified_gmt":"2024-12-17T03:16:34","slug":"twisters","status":"publish","type":"product","link":"https:\/\/dormuz.fr\/index.php\/produit\/twisters\/","title":{"rendered":"Twisters"},"content":{"rendered":"<div class=\"iframe-container\"><iframe src=\"https:\/\/sharecloudy.com\/iframe\/35YITzngJk\"><span data-mce-type=\"bookmark\" style=\"display: inline-block; width: 0px; overflow: hidden; line-height: 0;\" class=\"mce_SELRES_start\">\ufeff<\/span><span data-mce-type=\"bookmark\" style=\"display: inline-block; width: 0px; overflow: hidden; line-height: 0;\" class=\"mce_SELRES_start\">\ufeff<\/span><\/iframe><\/div>\n","protected":false},"excerpt":{"rendered":"<p class=\"bo-p\"><span class=\"yZlgBd\">Ancienne chasseuse de tornades, Kate est encore traumatis\u00e9e par sa confrontation avec une tornade lorsqu\u2019elle \u00e9tait \u00e9tudiante. D\u00e9sormais, elle pr\u00e9f\u00e8re \u00e9tudier le comportement des temp\u00eates en toute s\u00e9curit\u00e9 depuis New York. Mais lorsque son ami Javi lui demande de tester un nouveau d\u00e9tecteur de tornades, elle accepte de retourner au c\u0153ur de l\u2019action. Elle rencontre alors le charmant et t\u00e9m\u00e9raire Tyler Owens, c\u00e9l\u00e8bre pour ses vid\u00e9os de chasse aux tornades post\u00e9es sur les r\u00e9seaux sociaux.\u00a0&#8230;<\/span>&#8230;.<br \/>\n<span style=\"color: #ff9900;\">Vous pouvez le visionner d\u00e8s maintenant en streaming VF VOSTFR.\u00a0<\/span><\/p>\n","protected":false},"featured_media":4750,"comment_status":"open","ping_status":"closed","template":"","meta":{"pmpro_default_level":"","_monsterinsights_skip_tracking":false,"_monsterinsights_sitenote_active":false,"_monsterinsights_sitenote_note":"","_monsterinsights_sitenote_category":0,"_uf_show_specific_survey":0,"_uf_disable_surveys":false},"product_brand":[],"product_cat":[39,40,64],"product_tag":[27],"class_list":{"0":"post-4749","1":"product","2":"type-product","3":"status-publish","4":"has-post-thumbnail","6":"product_cat-action","7":"product_cat-aventure","8":"product_cat-thriller","9":"product_tag-film-2024","10":"pmpro-has-access","12":"first","13":"instock","14":"shipping-taxable","15":"product-type-external"},"aioseo_notices":[],"_links":{"self":[{"href":"https:\/\/dormuz.fr\/index.php\/wp-json\/wp\/v2\/product\/4749","targetHints":{"allow":["GET"]}}],"collection":[{"href":"https:\/\/dormuz.fr\/index.php\/wp-json\/wp\/v2\/product"}],"about":[{"href":"https:\/\/dormuz.fr\/index.php\/wp-json\/wp\/v2\/types\/product"}],"replies":[{"embeddable":true,"href":"https:\/\/dormuz.fr\/index.php\/wp-json\/wp\/v2\/comments?post=4749"}],"version-history":[{"count":1,"href":"https:\/\/dormuz.fr\/index.php\/wp-json\/wp\/v2\/product\/4749\/revisions"}],"predecessor-version":[{"id":4751,"href":"https:\/\/dormuz.fr\/index.php\/wp-json\/wp\/v2\/product\/4749\/revisions\/4751"}],"wp:featuredmedia":[{"embeddable":true,"href":"https:\/\/dormuz.fr\/index.php\/wp-json\/wp\/v2\/media\/4750"}],"wp:attachment":[{"href":"https:\/\/dormuz.fr\/index.php\/wp-json\/wp\/v2\/media?parent=4749"}],"wp:term":[{"taxonomy":"product_brand","embeddable":true,"href":"https:\/\/dormuz.fr\/index.php\/wp-json\/wp\/v2\/product_brand?post=4749"},{"taxonomy":"product_cat","embeddable":true,"href":"https:\/\/dormuz.fr\/index.php\/wp-json\/wp\/v2\/product_cat?post=4749"},{"taxonomy":"product_tag","embeddable":true,"href":"https:\/\/dormuz.fr\/index.php\/wp-json\/wp\/v2\/product_tag?post=4749"}],"curies":[{"name":"wp","href":"https:\/\/api.w.org\/{rel}","templated":true}]}}