{"id":4774,"date":"2024-12-17T14:33:45","date_gmt":"2024-12-17T13:33:45","guid":{"rendered":"https:\/\/dormuz.fr\/?post_type=product&#038;p=4774"},"modified":"2024-12-18T03:35:02","modified_gmt":"2024-12-18T02:35:02","slug":"rush-hour","status":"publish","type":"product","link":"https:\/\/dormuz.fr\/index.php\/produit\/rush-hour\/","title":{"rendered":"Rush Hour"},"content":{"rendered":"<div class=\"iframe-container\"><iframe src=\"https:\/\/sv123.drompit.net\/player\/4YGQet2U3zlA2A\/?p=2109\" allowfullscreen=\"allowfullscreen\"><\/iframe><\/div>\n","protected":false},"excerpt":{"rendered":"<p class=\"bo-p\"><span class=\"yZlgBd\">Rien ne pr\u00e9disposait l&rsquo;inspecteur Lee et le d\u00e9tective James Carter \u00e0 faire \u00e9quipe un jour. Pourtant, lorsque la fille du consul de Chine aux \u00c9tats-Unis est victime d&rsquo;un enl\u00e8vement, le FBI ordonne aux deux limiers de collaborer&#8230;.<\/span>&#8230;.<br \/>\n<span style=\"color: #ff9900;\">Vous pouvez le visionner d\u00e8s maintenant en streaming VF VOSTFR.\u00a0<\/span><\/p>\n","protected":false},"featured_media":4785,"comment_status":"open","ping_status":"closed","template":"","meta":{"pmpro_default_level":"","_monsterinsights_skip_tracking":false,"_monsterinsights_sitenote_active":false,"_monsterinsights_sitenote_note":"","_monsterinsights_sitenote_category":0,"_uf_show_specific_survey":0,"_uf_disable_surveys":false},"product_brand":[],"product_cat":[39,44,58],"product_tag":[137],"class_list":{"0":"post-4774","1":"product","2":"type-product","3":"status-publish","4":"has-post-thumbnail","6":"product_cat-action","7":"product_cat-comedie","8":"product_cat-policier","9":"product_tag-film-1998","10":"pmpro-has-access","12":"first","13":"instock","14":"shipping-taxable","15":"product-type-external"},"aioseo_notices":[],"_links":{"self":[{"href":"https:\/\/dormuz.fr\/index.php\/wp-json\/wp\/v2\/product\/4774","targetHints":{"allow":["GET"]}}],"collection":[{"href":"https:\/\/dormuz.fr\/index.php\/wp-json\/wp\/v2\/product"}],"about":[{"href":"https:\/\/dormuz.fr\/index.php\/wp-json\/wp\/v2\/types\/product"}],"replies":[{"embeddable":true,"href":"https:\/\/dormuz.fr\/index.php\/wp-json\/wp\/v2\/comments?post=4774"}],"version-history":[{"count":3,"href":"https:\/\/dormuz.fr\/index.php\/wp-json\/wp\/v2\/product\/4774\/revisions"}],"predecessor-version":[{"id":4778,"href":"https:\/\/dormuz.fr\/index.php\/wp-json\/wp\/v2\/product\/4774\/revisions\/4778"}],"wp:featuredmedia":[{"embeddable":true,"href":"https:\/\/dormuz.fr\/index.php\/wp-json\/wp\/v2\/media\/4785"}],"wp:attachment":[{"href":"https:\/\/dormuz.fr\/index.php\/wp-json\/wp\/v2\/media?parent=4774"}],"wp:term":[{"taxonomy":"product_brand","embeddable":true,"href":"https:\/\/dormuz.fr\/index.php\/wp-json\/wp\/v2\/product_brand?post=4774"},{"taxonomy":"product_cat","embeddable":true,"href":"https:\/\/dormuz.fr\/index.php\/wp-json\/wp\/v2\/product_cat?post=4774"},{"taxonomy":"product_tag","embeddable":true,"href":"https:\/\/dormuz.fr\/index.php\/wp-json\/wp\/v2\/product_tag?post=4774"}],"curies":[{"name":"wp","href":"https:\/\/api.w.org\/{rel}","templated":true}]}}