{"id":4780,"date":"2024-12-18T02:55:19","date_gmt":"2024-12-18T01:55:19","guid":{"rendered":"https:\/\/dormuz.fr\/?post_type=product&#038;p=4780"},"modified":"2025-01-11T14:23:07","modified_gmt":"2025-01-11T13:23:07","slug":"rush-hour-2","status":"publish","type":"product","link":"https:\/\/dormuz.fr\/index.php\/produit\/rush-hour-2\/","title":{"rendered":"Rush Hour 2"},"content":{"rendered":"<div class=\"iframe-container\"><iframe src=\"https:\/\/darkibox.com\/embed-0ccc0195559e.html?autoplay=0\" allowfullscreen=\"allowfullscreen\"><\/iframe><\/div>\n","protected":false},"excerpt":{"rendered":"<p class=\"bo-p\"><span class=\"yZlgBd\">Le temps des vacances est arriv\u00e9 pour l&rsquo;agent James Carter, qui rejoint l&rsquo;inspecteur Lee, son coll\u00e8gue, \u00e0 Hong Kong, en vue d&rsquo;y passer quelques jours de d\u00e9tente et de repos bien m\u00e9rit\u00e9s. Les distractions sont de courte dur\u00e9e: une bombe \u00e9clate \u00e0 l&rsquo;ambassade am\u00e9ricaine, faisant deux victimes&#8230;..<\/span>&#8230;.<br \/>\n<span style=\"color: #ff9900;\">Vous pouvez le visionner d\u00e8s maintenant en streaming VF VOSTFR.\u00a0<\/span><\/p>\n","protected":false},"featured_media":4781,"comment_status":"open","ping_status":"closed","template":"","meta":{"pmpro_default_level":"","_monsterinsights_skip_tracking":false,"_monsterinsights_sitenote_active":false,"_monsterinsights_sitenote_note":"","_monsterinsights_sitenote_category":0,"_uf_show_specific_survey":0,"_uf_disable_surveys":false},"product_brand":[],"product_cat":[39,44,58],"product_tag":[138],"class_list":{"0":"post-4780","1":"product","2":"type-product","3":"status-publish","4":"has-post-thumbnail","6":"product_cat-action","7":"product_cat-comedie","8":"product_cat-policier","9":"product_tag-film-2001","10":"pmpro-has-access","12":"first","13":"instock","14":"shipping-taxable","15":"product-type-external"},"aioseo_notices":[],"_links":{"self":[{"href":"https:\/\/dormuz.fr\/index.php\/wp-json\/wp\/v2\/product\/4780","targetHints":{"allow":["GET"]}}],"collection":[{"href":"https:\/\/dormuz.fr\/index.php\/wp-json\/wp\/v2\/product"}],"about":[{"href":"https:\/\/dormuz.fr\/index.php\/wp-json\/wp\/v2\/types\/product"}],"replies":[{"embeddable":true,"href":"https:\/\/dormuz.fr\/index.php\/wp-json\/wp\/v2\/comments?post=4780"}],"version-history":[{"count":2,"href":"https:\/\/dormuz.fr\/index.php\/wp-json\/wp\/v2\/product\/4780\/revisions"}],"predecessor-version":[{"id":4851,"href":"https:\/\/dormuz.fr\/index.php\/wp-json\/wp\/v2\/product\/4780\/revisions\/4851"}],"wp:featuredmedia":[{"embeddable":true,"href":"https:\/\/dormuz.fr\/index.php\/wp-json\/wp\/v2\/media\/4781"}],"wp:attachment":[{"href":"https:\/\/dormuz.fr\/index.php\/wp-json\/wp\/v2\/media?parent=4780"}],"wp:term":[{"taxonomy":"product_brand","embeddable":true,"href":"https:\/\/dormuz.fr\/index.php\/wp-json\/wp\/v2\/product_brand?post=4780"},{"taxonomy":"product_cat","embeddable":true,"href":"https:\/\/dormuz.fr\/index.php\/wp-json\/wp\/v2\/product_cat?post=4780"},{"taxonomy":"product_tag","embeddable":true,"href":"https:\/\/dormuz.fr\/index.php\/wp-json\/wp\/v2\/product_tag?post=4780"}],"curies":[{"name":"wp","href":"https:\/\/api.w.org\/{rel}","templated":true}]}}