{"id":4783,"date":"2024-12-18T03:18:45","date_gmt":"2024-12-18T02:18:45","guid":{"rendered":"https:\/\/dormuz.fr\/?post_type=product&#038;p=4783"},"modified":"2024-12-18T03:30:36","modified_gmt":"2024-12-18T02:30:36","slug":"rush-hour-3","status":"publish","type":"product","link":"https:\/\/dormuz.fr\/index.php\/produit\/rush-hour-3\/","title":{"rendered":"Rush Hour 3"},"content":{"rendered":"<div class=\"iframe-container\"><iframe src=\"https:\/\/downstory.xyz\/vod\/?id=5174\" allowfullscreen=\"allowfullscreen\"><\/iframe><\/div>\n","protected":false},"excerpt":{"rendered":"<p class=\"bo-p\"><span class=\"yZlgBd\">L&rsquo;ambassadeur chinois Han compte r\u00e9v\u00e9ler l&rsquo;identit\u00e9 du ma\u00eetre du plus puissant syndicat criminel du monde, les Triades chinoises. Lee est charg\u00e9 de le prot\u00e9ger. Lorsque Carter, rel\u00e9gu\u00e9 depuis quelque temps \u00e0 la circulation, apprend que l&rsquo;ambassadeur vient de se faire tirer dessus, il se pr\u00e9cipite sur les lieux pour intervenir, mais il ne parvient qu&rsquo;\u00e0 g\u00eaner Lee et \u00e0 permettre \u00e0 l&rsquo;assassin de s&rsquo;enfuir&#8230;..<\/span>&#8230;.<br \/>\n<span style=\"color: #ff9900;\">Vous pouvez le visionner d\u00e8s maintenant en streaming VF VOSTFR.\u00a0<\/span><\/p>\n","protected":false},"featured_media":4775,"comment_status":"open","ping_status":"closed","template":"","meta":{"pmpro_default_level":"","_monsterinsights_skip_tracking":false,"_monsterinsights_sitenote_active":false,"_monsterinsights_sitenote_note":"","_monsterinsights_sitenote_category":0,"_uf_show_specific_survey":0,"_uf_disable_surveys":false},"product_brand":[],"product_cat":[39,44,58],"product_tag":[75],"class_list":{"0":"post-4783","1":"product","2":"type-product","3":"status-publish","4":"has-post-thumbnail","6":"product_cat-action","7":"product_cat-comedie","8":"product_cat-policier","9":"product_tag-film-2007","10":"pmpro-has-access","12":"first","13":"instock","14":"shipping-taxable","15":"product-type-external"},"aioseo_notices":[],"_links":{"self":[{"href":"https:\/\/dormuz.fr\/index.php\/wp-json\/wp\/v2\/product\/4783","targetHints":{"allow":["GET"]}}],"collection":[{"href":"https:\/\/dormuz.fr\/index.php\/wp-json\/wp\/v2\/product"}],"about":[{"href":"https:\/\/dormuz.fr\/index.php\/wp-json\/wp\/v2\/types\/product"}],"replies":[{"embeddable":true,"href":"https:\/\/dormuz.fr\/index.php\/wp-json\/wp\/v2\/comments?post=4783"}],"version-history":[{"count":1,"href":"https:\/\/dormuz.fr\/index.php\/wp-json\/wp\/v2\/product\/4783\/revisions"}],"predecessor-version":[{"id":4784,"href":"https:\/\/dormuz.fr\/index.php\/wp-json\/wp\/v2\/product\/4783\/revisions\/4784"}],"wp:featuredmedia":[{"embeddable":true,"href":"https:\/\/dormuz.fr\/index.php\/wp-json\/wp\/v2\/media\/4775"}],"wp:attachment":[{"href":"https:\/\/dormuz.fr\/index.php\/wp-json\/wp\/v2\/media?parent=4783"}],"wp:term":[{"taxonomy":"product_brand","embeddable":true,"href":"https:\/\/dormuz.fr\/index.php\/wp-json\/wp\/v2\/product_brand?post=4783"},{"taxonomy":"product_cat","embeddable":true,"href":"https:\/\/dormuz.fr\/index.php\/wp-json\/wp\/v2\/product_cat?post=4783"},{"taxonomy":"product_tag","embeddable":true,"href":"https:\/\/dormuz.fr\/index.php\/wp-json\/wp\/v2\/product_tag?post=4783"}],"curies":[{"name":"wp","href":"https:\/\/api.w.org\/{rel}","templated":true}]}}