{"id":4789,"date":"2024-12-18T03:55:29","date_gmt":"2024-12-18T02:55:29","guid":{"rendered":"https:\/\/dormuz.fr\/?post_type=product&#038;p=4789"},"modified":"2024-12-18T04:07:52","modified_gmt":"2024-12-18T03:07:52","slug":"plane","status":"publish","type":"product","link":"https:\/\/dormuz.fr\/index.php\/produit\/plane\/","title":{"rendered":"Plane"},"content":{"rendered":"<div class=\"iframe-container\"><iframe src=\"https:\/\/downstory.xyz\/vod\/?id=646389\" allowfullscreen=\"allowfullscreen\"><\/iframe><\/div>\n","protected":false},"excerpt":{"rendered":"<p class=\"bo-p\"><span class=\"yZlgBd\">Le pilote Brodie Torrance sauve des passagers d&rsquo;un coup de foudre en effectuant un atterrissage risqu\u00e9 sur une \u00eele d\u00e9chir\u00e9e par la guerre seulement pour d\u00e9couvrir que survivre \u00e0 l&rsquo;atterrissage n&rsquo;\u00e9tait que le d\u00e9but. Lorsque de dangereux rebelles prennent la plupart des passagers en otage, la seule personne sur laquelle Torrance peut compter pour obtenir de l&rsquo;aide est Louis Gaspare, un meurtrier accus\u00e9 qui a \u00e9t\u00e9 transport\u00e9 par le FBI&#8230;..<\/span>&#8230;.<br \/>\n<span style=\"color: #ff9900;\">Vous pouvez le visionner d\u00e8s maintenant en streaming VF VOSTFR.\u00a0<\/span><\/p>\n","protected":false},"featured_media":4790,"comment_status":"open","ping_status":"closed","template":"","meta":{"pmpro_default_level":"","_monsterinsights_skip_tracking":false,"_monsterinsights_sitenote_active":false,"_monsterinsights_sitenote_note":"","_monsterinsights_sitenote_category":0,"_uf_show_specific_survey":0,"_uf_disable_surveys":false},"product_brand":[],"product_cat":[39,64],"product_tag":[71],"class_list":{"0":"post-4789","1":"product","2":"type-product","3":"status-publish","4":"has-post-thumbnail","6":"product_cat-action","7":"product_cat-thriller","8":"product_tag-film-2023","9":"pmpro-has-access","11":"first","12":"instock","13":"shipping-taxable","14":"product-type-external"},"aioseo_notices":[],"_links":{"self":[{"href":"https:\/\/dormuz.fr\/index.php\/wp-json\/wp\/v2\/product\/4789","targetHints":{"allow":["GET"]}}],"collection":[{"href":"https:\/\/dormuz.fr\/index.php\/wp-json\/wp\/v2\/product"}],"about":[{"href":"https:\/\/dormuz.fr\/index.php\/wp-json\/wp\/v2\/types\/product"}],"replies":[{"embeddable":true,"href":"https:\/\/dormuz.fr\/index.php\/wp-json\/wp\/v2\/comments?post=4789"}],"version-history":[{"count":1,"href":"https:\/\/dormuz.fr\/index.php\/wp-json\/wp\/v2\/product\/4789\/revisions"}],"predecessor-version":[{"id":4791,"href":"https:\/\/dormuz.fr\/index.php\/wp-json\/wp\/v2\/product\/4789\/revisions\/4791"}],"wp:featuredmedia":[{"embeddable":true,"href":"https:\/\/dormuz.fr\/index.php\/wp-json\/wp\/v2\/media\/4790"}],"wp:attachment":[{"href":"https:\/\/dormuz.fr\/index.php\/wp-json\/wp\/v2\/media?parent=4789"}],"wp:term":[{"taxonomy":"product_brand","embeddable":true,"href":"https:\/\/dormuz.fr\/index.php\/wp-json\/wp\/v2\/product_brand?post=4789"},{"taxonomy":"product_cat","embeddable":true,"href":"https:\/\/dormuz.fr\/index.php\/wp-json\/wp\/v2\/product_cat?post=4789"},{"taxonomy":"product_tag","embeddable":true,"href":"https:\/\/dormuz.fr\/index.php\/wp-json\/wp\/v2\/product_tag?post=4789"}],"curies":[{"name":"wp","href":"https:\/\/api.w.org\/{rel}","templated":true}]}}