{"id":4816,"date":"2024-12-18T17:31:28","date_gmt":"2024-12-18T16:31:28","guid":{"rendered":"https:\/\/dormuz.fr\/?post_type=product&#038;p=4816"},"modified":"2025-10-18T04:23:41","modified_gmt":"2025-10-18T02:23:41","slug":"aka","status":"publish","type":"product","link":"https:\/\/dormuz.fr\/index.php\/produit\/aka\/","title":{"rendered":"AKA"},"content":{"rendered":"<div class=\"iframe-container\"><iframe src=\"https:\/\/sharecloudy.com\/iframe\/gss0tEbjue\" allowfullscreen=\"allowfullscreen\" loading=\"lazy\" referrerpolicy=\"no-referrer\"><\/iframe><\/div>\n","protected":false},"excerpt":{"rendered":"<p class=\"bo-p\"><span class=\"yZlgBd\">Adam Franco est un agent infiltr\u00e9, effectuant le sale boulot partout o\u00f9 il est n\u00e9cessaire. Sa nouvelle mission, int\u00e9grer une organisation mafieuse en France pour d\u00e9jouer un attentat terroriste imninent dans la capitale&#8230;..<\/span>&#8230;.<br \/>\n<span style=\"color: #ff9900;\">Vous pouvez le visionner d\u00e8s maintenant en streaming VF VOSTFR.\u00a0<\/span><\/p>\n","protected":false},"featured_media":4817,"comment_status":"open","ping_status":"closed","template":"","meta":{"pmpro_default_level":"","_monsterinsights_skip_tracking":false,"_monsterinsights_sitenote_active":false,"_monsterinsights_sitenote_note":"","_monsterinsights_sitenote_category":0,"_uf_show_specific_survey":0,"_uf_disable_surveys":false},"product_brand":[],"product_cat":[39,58,64],"product_tag":[71],"class_list":{"0":"post-4816","1":"product","2":"type-product","3":"status-publish","4":"has-post-thumbnail","6":"product_cat-action","7":"product_cat-policier","8":"product_cat-thriller","9":"product_tag-film-2023","10":"pmpro-has-access","12":"first","13":"instock","14":"shipping-taxable","15":"product-type-external"},"aioseo_notices":[],"_links":{"self":[{"href":"https:\/\/dormuz.fr\/index.php\/wp-json\/wp\/v2\/product\/4816","targetHints":{"allow":["GET"]}}],"collection":[{"href":"https:\/\/dormuz.fr\/index.php\/wp-json\/wp\/v2\/product"}],"about":[{"href":"https:\/\/dormuz.fr\/index.php\/wp-json\/wp\/v2\/types\/product"}],"replies":[{"embeddable":true,"href":"https:\/\/dormuz.fr\/index.php\/wp-json\/wp\/v2\/comments?post=4816"}],"version-history":[{"count":3,"href":"https:\/\/dormuz.fr\/index.php\/wp-json\/wp\/v2\/product\/4816\/revisions"}],"predecessor-version":[{"id":5140,"href":"https:\/\/dormuz.fr\/index.php\/wp-json\/wp\/v2\/product\/4816\/revisions\/5140"}],"wp:featuredmedia":[{"embeddable":true,"href":"https:\/\/dormuz.fr\/index.php\/wp-json\/wp\/v2\/media\/4817"}],"wp:attachment":[{"href":"https:\/\/dormuz.fr\/index.php\/wp-json\/wp\/v2\/media?parent=4816"}],"wp:term":[{"taxonomy":"product_brand","embeddable":true,"href":"https:\/\/dormuz.fr\/index.php\/wp-json\/wp\/v2\/product_brand?post=4816"},{"taxonomy":"product_cat","embeddable":true,"href":"https:\/\/dormuz.fr\/index.php\/wp-json\/wp\/v2\/product_cat?post=4816"},{"taxonomy":"product_tag","embeddable":true,"href":"https:\/\/dormuz.fr\/index.php\/wp-json\/wp\/v2\/product_tag?post=4816"}],"curies":[{"name":"wp","href":"https:\/\/api.w.org\/{rel}","templated":true}]}}