{"id":4826,"date":"2024-12-20T03:44:49","date_gmt":"2024-12-20T02:44:49","guid":{"rendered":"https:\/\/dormuz.fr\/?post_type=product&#038;p=4826"},"modified":"2024-12-20T03:53:57","modified_gmt":"2024-12-20T02:53:57","slug":"blood-gold","status":"publish","type":"product","link":"https:\/\/dormuz.fr\/index.php\/produit\/blood-gold\/","title":{"rendered":"Blood &#038; Gold"},"content":{"rendered":"<div class=\"iframe-container\"><iframe src=\"https:\/\/cloudmatoc.com\/iframe\/CYY0hq4fBs\" allowfullscreen=\"allowfullscreen\"><\/iframe><\/div>\n","protected":false},"excerpt":{"rendered":"<p class=\"bo-p\"><span class=\"yZlgBd\">Printemps 1945. \u00ab\u00a0Blood &amp; Gold\u00a0\u00bb, qui se d\u00e9roule \u00e0 la fin de la Seconde Guerre mondiale, raconte l&rsquo;histoire de Heinrich, un d\u00e9serteur allemand, d&rsquo;Elsa, une courageuse fermi\u00e8re, et d&rsquo;une horde de nazis. De retour du front pour retrouver sa fille, Heinrich tombe aux mains d&rsquo;un groupe de SS en maraude. Leur chef le laisse pendu \u00e0 un arbre, mais Heinrich est sauv\u00e9 in extremis par Elsa qui le cache dans sa ferme&#8230;..<\/span>&#8230;.<br \/>\n<span style=\"color: #ff9900;\">Vous pouvez le visionner d\u00e8s maintenant en streaming VF VOSTFR.\u00a0<\/span><\/p>\n","protected":false},"featured_media":4827,"comment_status":"open","ping_status":"closed","template":"","meta":{"pmpro_default_level":"","_monsterinsights_skip_tracking":false,"_monsterinsights_sitenote_active":false,"_monsterinsights_sitenote_note":"","_monsterinsights_sitenote_category":0,"_uf_show_specific_survey":0,"_uf_disable_surveys":false},"product_brand":[],"product_cat":[39,44,46,53,65],"product_tag":[71],"class_list":{"0":"post-4826","1":"product","2":"type-product","3":"status-publish","4":"has-post-thumbnail","6":"product_cat-action","7":"product_cat-comedie","8":"product_cat-drame","9":"product_cat-guerre","10":"product_cat-western","11":"product_tag-film-2023","12":"pmpro-has-access","14":"first","15":"instock","16":"shipping-taxable","17":"product-type-external"},"aioseo_notices":[],"_links":{"self":[{"href":"https:\/\/dormuz.fr\/index.php\/wp-json\/wp\/v2\/product\/4826","targetHints":{"allow":["GET"]}}],"collection":[{"href":"https:\/\/dormuz.fr\/index.php\/wp-json\/wp\/v2\/product"}],"about":[{"href":"https:\/\/dormuz.fr\/index.php\/wp-json\/wp\/v2\/types\/product"}],"replies":[{"embeddable":true,"href":"https:\/\/dormuz.fr\/index.php\/wp-json\/wp\/v2\/comments?post=4826"}],"version-history":[{"count":1,"href":"https:\/\/dormuz.fr\/index.php\/wp-json\/wp\/v2\/product\/4826\/revisions"}],"predecessor-version":[{"id":4828,"href":"https:\/\/dormuz.fr\/index.php\/wp-json\/wp\/v2\/product\/4826\/revisions\/4828"}],"wp:featuredmedia":[{"embeddable":true,"href":"https:\/\/dormuz.fr\/index.php\/wp-json\/wp\/v2\/media\/4827"}],"wp:attachment":[{"href":"https:\/\/dormuz.fr\/index.php\/wp-json\/wp\/v2\/media?parent=4826"}],"wp:term":[{"taxonomy":"product_brand","embeddable":true,"href":"https:\/\/dormuz.fr\/index.php\/wp-json\/wp\/v2\/product_brand?post=4826"},{"taxonomy":"product_cat","embeddable":true,"href":"https:\/\/dormuz.fr\/index.php\/wp-json\/wp\/v2\/product_cat?post=4826"},{"taxonomy":"product_tag","embeddable":true,"href":"https:\/\/dormuz.fr\/index.php\/wp-json\/wp\/v2\/product_tag?post=4826"}],"curies":[{"name":"wp","href":"https:\/\/api.w.org\/{rel}","templated":true}]}}