{"id":4830,"date":"2024-12-20T15:03:17","date_gmt":"2024-12-20T14:03:17","guid":{"rendered":"https:\/\/dormuz.fr\/?post_type=product&#038;p=4830"},"modified":"2024-12-20T15:36:25","modified_gmt":"2024-12-20T14:36:25","slug":"gold","status":"publish","type":"product","link":"https:\/\/dormuz.fr\/index.php\/produit\/gold\/","title":{"rendered":"Gold"},"content":{"rendered":"<div class=\"iframe-container\"><iframe src=\"https:\/\/app.videas.fr\/embed\/media\/c34050fa-a176-42b5-84ed-357dadd2205d\/\" allowfullscreen=\"\"><\/iframe><\/div>\n","protected":false},"excerpt":{"rendered":"<p class=\"bo-p\"><span class=\"yZlgBd\">En 1981, Kenneth Wells travaille avec son p\u00e8re dans la compagnie familiale de prospection mini\u00e8re \u00e0 Reno, au Nevada. H\u00e9ritier de l&rsquo;entreprise \u00e0 la mort de son paternel, Kenny part pour la jungle d&rsquo;Indon\u00e9sie en vue d&rsquo;y flairer les occasions d&rsquo;affaires. En s&rsquo;alliant au g\u00e9ologue Michael Acosta, il parvient \u00e0 propulser la soci\u00e9t\u00e9 Washoe Mining Coporation au sommet en bourse et il peut enfin mener la grande vie&#8230;<\/span>&#8230;.<br \/>\n<span style=\"color: #ff9900;\">Vous pouvez le visionner d\u00e8s maintenant en streaming VF VOSTFR.\u00a0<\/span><\/p>\n","protected":false},"featured_media":4831,"comment_status":"open","ping_status":"closed","template":"","meta":{"pmpro_default_level":"","_monsterinsights_skip_tracking":false,"_monsterinsights_sitenote_active":false,"_monsterinsights_sitenote_note":"","_monsterinsights_sitenote_category":0,"_uf_show_specific_survey":0,"_uf_disable_surveys":false},"product_brand":[],"product_cat":[46],"product_tag":[32],"class_list":{"0":"post-4830","1":"product","2":"type-product","3":"status-publish","4":"has-post-thumbnail","6":"product_cat-drame","7":"product_tag-film-2016","8":"pmpro-has-access","10":"first","11":"instock","12":"shipping-taxable","13":"product-type-external"},"aioseo_notices":[],"_links":{"self":[{"href":"https:\/\/dormuz.fr\/index.php\/wp-json\/wp\/v2\/product\/4830","targetHints":{"allow":["GET"]}}],"collection":[{"href":"https:\/\/dormuz.fr\/index.php\/wp-json\/wp\/v2\/product"}],"about":[{"href":"https:\/\/dormuz.fr\/index.php\/wp-json\/wp\/v2\/types\/product"}],"replies":[{"embeddable":true,"href":"https:\/\/dormuz.fr\/index.php\/wp-json\/wp\/v2\/comments?post=4830"}],"version-history":[{"count":2,"href":"https:\/\/dormuz.fr\/index.php\/wp-json\/wp\/v2\/product\/4830\/revisions"}],"predecessor-version":[{"id":4838,"href":"https:\/\/dormuz.fr\/index.php\/wp-json\/wp\/v2\/product\/4830\/revisions\/4838"}],"wp:featuredmedia":[{"embeddable":true,"href":"https:\/\/dormuz.fr\/index.php\/wp-json\/wp\/v2\/media\/4831"}],"wp:attachment":[{"href":"https:\/\/dormuz.fr\/index.php\/wp-json\/wp\/v2\/media?parent=4830"}],"wp:term":[{"taxonomy":"product_brand","embeddable":true,"href":"https:\/\/dormuz.fr\/index.php\/wp-json\/wp\/v2\/product_brand?post=4830"},{"taxonomy":"product_cat","embeddable":true,"href":"https:\/\/dormuz.fr\/index.php\/wp-json\/wp\/v2\/product_cat?post=4830"},{"taxonomy":"product_tag","embeddable":true,"href":"https:\/\/dormuz.fr\/index.php\/wp-json\/wp\/v2\/product_tag?post=4830"}],"curies":[{"name":"wp","href":"https:\/\/api.w.org\/{rel}","templated":true}]}}