{"id":4833,"date":"2024-12-20T15:20:47","date_gmt":"2024-12-20T14:20:47","guid":{"rendered":"https:\/\/dormuz.fr\/?post_type=product&#038;p=4833"},"modified":"2024-12-20T15:35:11","modified_gmt":"2024-12-20T14:35:11","slug":"the-bikeriders","status":"publish","type":"product","link":"https:\/\/dormuz.fr\/index.php\/produit\/the-bikeriders\/","title":{"rendered":"The Bikeriders"},"content":{"rendered":"<div class=\"iframe-container\"><iframe src=\"https:\/\/app.videas.fr\/embed\/media\/d6524656-a6b3-4c3c-9e14-71ef47fdd248\/\" allowfullscreen=\"allowfullscreen\"><span data-mce-type=\"bookmark\" style=\"display: inline-block; width: 0px; overflow: hidden; line-height: 0;\" class=\"mce_SELRES_start\">\ufeff<\/span><span data-mce-type=\"bookmark\" style=\"display: inline-block; width: 0px; overflow: hidden; line-height: 0;\" class=\"mce_SELRES_start\">\ufeff<\/span><\/iframe><\/div>\n","protected":false},"excerpt":{"rendered":"<p class=\"bo-p\"><span class=\"yZlgBd\">Dans un bar de la ville, Kathy, jeune femme au temp\u00e9rament bien tremp\u00e9, croise Benny, qui vient d&rsquo;int\u00e9grer la bande de motards des Vandals, et tombe aussit\u00f4t sous son charme. \u00c0 l&rsquo;image du pays tout entier, le gang, dirig\u00e9 par l&rsquo;\u00e9nigmatique Johnny, \u00e9volue peu \u00e0 peu. Alors que les motards accueillaient tous ceux qui avaient du mal \u00e0 trouver leur place dans la soci\u00e9t\u00e9, les Vandals deviennent une bande de voyous sans vergogne. Benny devra choisir entre Kathy et sa loyaut\u00e9 envers le gang&#8230;.<\/span>&#8230;.<br \/>\n<span style=\"color: #ff9900;\">Vous pouvez le visionner d\u00e8s maintenant en streaming VF VOSTFR.\u00a0<\/span><\/p>\n","protected":false},"featured_media":4834,"comment_status":"open","ping_status":"closed","template":"","meta":{"pmpro_default_level":"","_monsterinsights_skip_tracking":false,"_monsterinsights_sitenote_active":false,"_monsterinsights_sitenote_note":"","_monsterinsights_sitenote_category":0,"_uf_show_specific_survey":0,"_uf_disable_surveys":false},"product_brand":[],"product_cat":[46,58],"product_tag":[27],"class_list":{"0":"post-4833","1":"product","2":"type-product","3":"status-publish","4":"has-post-thumbnail","6":"product_cat-drame","7":"product_cat-policier","8":"product_tag-film-2024","9":"pmpro-has-access","11":"first","12":"instock","13":"shipping-taxable","14":"product-type-external"},"aioseo_notices":[],"_links":{"self":[{"href":"https:\/\/dormuz.fr\/index.php\/wp-json\/wp\/v2\/product\/4833","targetHints":{"allow":["GET"]}}],"collection":[{"href":"https:\/\/dormuz.fr\/index.php\/wp-json\/wp\/v2\/product"}],"about":[{"href":"https:\/\/dormuz.fr\/index.php\/wp-json\/wp\/v2\/types\/product"}],"replies":[{"embeddable":true,"href":"https:\/\/dormuz.fr\/index.php\/wp-json\/wp\/v2\/comments?post=4833"}],"version-history":[{"count":3,"href":"https:\/\/dormuz.fr\/index.php\/wp-json\/wp\/v2\/product\/4833\/revisions"}],"predecessor-version":[{"id":4837,"href":"https:\/\/dormuz.fr\/index.php\/wp-json\/wp\/v2\/product\/4833\/revisions\/4837"}],"wp:featuredmedia":[{"embeddable":true,"href":"https:\/\/dormuz.fr\/index.php\/wp-json\/wp\/v2\/media\/4834"}],"wp:attachment":[{"href":"https:\/\/dormuz.fr\/index.php\/wp-json\/wp\/v2\/media?parent=4833"}],"wp:term":[{"taxonomy":"product_brand","embeddable":true,"href":"https:\/\/dormuz.fr\/index.php\/wp-json\/wp\/v2\/product_brand?post=4833"},{"taxonomy":"product_cat","embeddable":true,"href":"https:\/\/dormuz.fr\/index.php\/wp-json\/wp\/v2\/product_cat?post=4833"},{"taxonomy":"product_tag","embeddable":true,"href":"https:\/\/dormuz.fr\/index.php\/wp-json\/wp\/v2\/product_tag?post=4833"}],"curies":[{"name":"wp","href":"https:\/\/api.w.org\/{rel}","templated":true}]}}