{"id":4845,"date":"2025-01-11T13:55:45","date_gmt":"2025-01-11T12:55:45","guid":{"rendered":"https:\/\/dormuz.fr\/?post_type=product&#038;p=4845"},"modified":"2025-01-11T14:05:06","modified_gmt":"2025-01-11T13:05:06","slug":"le-jardinier","status":"publish","type":"product","link":"https:\/\/dormuz.fr\/index.php\/produit\/le-jardinier\/","title":{"rendered":"Le Jardinier"},"content":{"rendered":"<div class=\"iframe-container\"><iframe src=\"https:\/\/sharecloudy.com\/iframe\/V99bqPEx4n\" allowfullscreen=\"allowfullscreen\"><\/iframe><\/div>\n","protected":false},"excerpt":{"rendered":"<p class=\"bo-p\"><span class=\"yZlgBd\">Chaque ann\u00e9e, le premier ministre fait \u00e9liminer une liste de g\u00eaneurs en tous genres au nom de la raison d\u2019\u00e9tat. Serge Shuster, haut fonctionnaire proche de la Pr\u00e9sidence, se retrouve malgr\u00e9 lui au c\u0153ur d\u2019une machination qui fait appara\u00eetre son nom sur cette liste. Condamn\u00e9 \u00e0 une mort certaine, au c\u0153ur d\u2019un secret d\u2019\u00e9tat qui met \u00e9galement sa famille en danger, Serge, sa femme et ses enfants n\u2019ont plus qu\u2019un seul espoir : leur \u00e9trange jardinier, L\u00e9o&#8230;..<\/span>&#8230;.<br \/>\n<span style=\"color: #ff9900;\">Vous pouvez le visionner d\u00e8s maintenant en streaming VF VOSTFR.\u00a0<\/span><\/p>\n","protected":false},"featured_media":4846,"comment_status":"open","ping_status":"closed","template":"","meta":{"pmpro_default_level":"","_monsterinsights_skip_tracking":false,"_monsterinsights_sitenote_active":false,"_monsterinsights_sitenote_note":"","_monsterinsights_sitenote_category":0,"_uf_show_specific_survey":0,"_uf_disable_surveys":false},"product_brand":[],"product_cat":[39,44],"product_tag":[139],"class_list":{"0":"post-4845","1":"product","2":"type-product","3":"status-publish","4":"has-post-thumbnail","6":"product_cat-action","7":"product_cat-comedie","8":"product_tag-film-2025","9":"pmpro-has-access","11":"first","12":"instock","13":"shipping-taxable","14":"product-type-external"},"aioseo_notices":[],"_links":{"self":[{"href":"https:\/\/dormuz.fr\/index.php\/wp-json\/wp\/v2\/product\/4845","targetHints":{"allow":["GET"]}}],"collection":[{"href":"https:\/\/dormuz.fr\/index.php\/wp-json\/wp\/v2\/product"}],"about":[{"href":"https:\/\/dormuz.fr\/index.php\/wp-json\/wp\/v2\/types\/product"}],"replies":[{"embeddable":true,"href":"https:\/\/dormuz.fr\/index.php\/wp-json\/wp\/v2\/comments?post=4845"}],"version-history":[{"count":1,"href":"https:\/\/dormuz.fr\/index.php\/wp-json\/wp\/v2\/product\/4845\/revisions"}],"predecessor-version":[{"id":4847,"href":"https:\/\/dormuz.fr\/index.php\/wp-json\/wp\/v2\/product\/4845\/revisions\/4847"}],"wp:featuredmedia":[{"embeddable":true,"href":"https:\/\/dormuz.fr\/index.php\/wp-json\/wp\/v2\/media\/4846"}],"wp:attachment":[{"href":"https:\/\/dormuz.fr\/index.php\/wp-json\/wp\/v2\/media?parent=4845"}],"wp:term":[{"taxonomy":"product_brand","embeddable":true,"href":"https:\/\/dormuz.fr\/index.php\/wp-json\/wp\/v2\/product_brand?post=4845"},{"taxonomy":"product_cat","embeddable":true,"href":"https:\/\/dormuz.fr\/index.php\/wp-json\/wp\/v2\/product_cat?post=4845"},{"taxonomy":"product_tag","embeddable":true,"href":"https:\/\/dormuz.fr\/index.php\/wp-json\/wp\/v2\/product_tag?post=4845"}],"curies":[{"name":"wp","href":"https:\/\/api.w.org\/{rel}","templated":true}]}}