{"id":4848,"date":"2025-01-11T14:06:07","date_gmt":"2025-01-11T13:06:07","guid":{"rendered":"https:\/\/dormuz.fr\/?post_type=product&#038;p=4848"},"modified":"2025-01-11T14:19:44","modified_gmt":"2025-01-11T13:19:44","slug":"boneyard","status":"publish","type":"product","link":"https:\/\/dormuz.fr\/index.php\/produit\/boneyard\/","title":{"rendered":"Boneyard"},"content":{"rendered":"<div class=\"iframe-container\"><iframe src=\"https:\/\/darkibox.com\/embed-h3ee2os61qnw.html\" allowfullscreen=\"allowfullscreen\"><\/iframe><\/div>\n","protected":false},"excerpt":{"rendered":"<p class=\"bo-p\"><span class=\"yZlgBd\">Un chef de la police et un d\u00e9tective s&rsquo;associent \u00e0 un agent du FBI pour retrouver un tueur en s\u00e9rie qui a laiss\u00e9 des restes squelettiques dans le d\u00e9sert du Nouveau-Mexique. Alors que leurs programmes et leurs m\u00e9thodes s&rsquo;affrontent, un enchev\u00eatrement d&rsquo;intrigues jette les soup\u00e7ons dans toutes les directions&#8230;&#8230;<\/span>&#8230;.<br \/>\n<span style=\"color: #ff9900;\">Vous pouvez le visionner d\u00e8s maintenant en streaming VF VOSTFR.\u00a0<\/span><\/p>\n","protected":false},"featured_media":4849,"comment_status":"open","ping_status":"closed","template":"","meta":{"pmpro_default_level":"","_monsterinsights_skip_tracking":false,"_monsterinsights_sitenote_active":false,"_monsterinsights_sitenote_note":"","_monsterinsights_sitenote_category":0,"_uf_show_specific_survey":0,"_uf_disable_surveys":false},"product_brand":[],"product_cat":[39,64],"product_tag":[27],"class_list":{"0":"post-4848","1":"product","2":"type-product","3":"status-publish","4":"has-post-thumbnail","6":"product_cat-action","7":"product_cat-thriller","8":"product_tag-film-2024","9":"pmpro-has-access","11":"first","12":"instock","13":"shipping-taxable","14":"product-type-external"},"aioseo_notices":[],"_links":{"self":[{"href":"https:\/\/dormuz.fr\/index.php\/wp-json\/wp\/v2\/product\/4848","targetHints":{"allow":["GET"]}}],"collection":[{"href":"https:\/\/dormuz.fr\/index.php\/wp-json\/wp\/v2\/product"}],"about":[{"href":"https:\/\/dormuz.fr\/index.php\/wp-json\/wp\/v2\/types\/product"}],"replies":[{"embeddable":true,"href":"https:\/\/dormuz.fr\/index.php\/wp-json\/wp\/v2\/comments?post=4848"}],"version-history":[{"count":1,"href":"https:\/\/dormuz.fr\/index.php\/wp-json\/wp\/v2\/product\/4848\/revisions"}],"predecessor-version":[{"id":4850,"href":"https:\/\/dormuz.fr\/index.php\/wp-json\/wp\/v2\/product\/4848\/revisions\/4850"}],"wp:featuredmedia":[{"embeddable":true,"href":"https:\/\/dormuz.fr\/index.php\/wp-json\/wp\/v2\/media\/4849"}],"wp:attachment":[{"href":"https:\/\/dormuz.fr\/index.php\/wp-json\/wp\/v2\/media?parent=4848"}],"wp:term":[{"taxonomy":"product_brand","embeddable":true,"href":"https:\/\/dormuz.fr\/index.php\/wp-json\/wp\/v2\/product_brand?post=4848"},{"taxonomy":"product_cat","embeddable":true,"href":"https:\/\/dormuz.fr\/index.php\/wp-json\/wp\/v2\/product_cat?post=4848"},{"taxonomy":"product_tag","embeddable":true,"href":"https:\/\/dormuz.fr\/index.php\/wp-json\/wp\/v2\/product_tag?post=4848"}],"curies":[{"name":"wp","href":"https:\/\/api.w.org\/{rel}","templated":true}]}}