{"id":4855,"date":"2025-01-21T02:50:42","date_gmt":"2025-01-21T01:50:42","guid":{"rendered":"https:\/\/dormuz.fr\/?post_type=product&#038;p=4855"},"modified":"2025-01-21T02:50:43","modified_gmt":"2025-01-21T01:50:43","slug":"unstoppable","status":"publish","type":"product","link":"https:\/\/dormuz.fr\/index.php\/produit\/unstoppable\/","title":{"rendered":"Unstoppable"},"content":{"rendered":"<div class=\"iframe-container\"><iframe src=\"https:\/\/sharecloudy.com\/iframe\/fKZXihLpIt\" allowfullscreen=\"allowfullscreen\"><span data-mce-type=\"bookmark\" style=\"display: inline-block; width: 0px; overflow: hidden; line-height: 0;\" class=\"mce_SELRES_start\">\ufeff<\/span><span data-mce-type=\"bookmark\" style=\"display: inline-block; width: 0px; overflow: hidden; line-height: 0;\" class=\"mce_SELRES_start\">\ufeff<\/span><\/iframe><\/div>\n","protected":false},"excerpt":{"rendered":"<p class=\"bo-p\"><span class=\"yZlgBd\">Bien qu\u2019\u00e9tant n\u00e9 sans jambe droite et ayant grandi dans un foyer violent, Anthony Robles est devenu un champion de lutte en premi\u00e8re division de la NCAA, remportant le championnat national contre la puissante \u00e9cole de l\u2019Iowa qui l\u2019avait rejet\u00e9&#8230;&#8230;.<\/span>&#8230;.<br \/>\n<span style=\"color: #ff9900;\">Vous pouvez le visionner d\u00e8s maintenant en streaming VF VOSTFR.\u00a0<\/span><\/p>\n","protected":false},"featured_media":4856,"comment_status":"open","ping_status":"closed","template":"","meta":{"pmpro_default_level":"","_monsterinsights_skip_tracking":false,"_monsterinsights_sitenote_active":false,"_monsterinsights_sitenote_note":"","_monsterinsights_sitenote_category":0,"_uf_show_specific_survey":0,"_uf_disable_surveys":false},"product_brand":[],"product_cat":[46,62],"product_tag":[139],"class_list":{"0":"post-4855","1":"product","2":"type-product","3":"status-publish","4":"has-post-thumbnail","6":"product_cat-drame","7":"product_cat-sport","8":"product_tag-film-2025","9":"pmpro-has-access","11":"first","12":"instock","13":"shipping-taxable","14":"product-type-external"},"aioseo_notices":[],"_links":{"self":[{"href":"https:\/\/dormuz.fr\/index.php\/wp-json\/wp\/v2\/product\/4855","targetHints":{"allow":["GET"]}}],"collection":[{"href":"https:\/\/dormuz.fr\/index.php\/wp-json\/wp\/v2\/product"}],"about":[{"href":"https:\/\/dormuz.fr\/index.php\/wp-json\/wp\/v2\/types\/product"}],"replies":[{"embeddable":true,"href":"https:\/\/dormuz.fr\/index.php\/wp-json\/wp\/v2\/comments?post=4855"}],"version-history":[{"count":1,"href":"https:\/\/dormuz.fr\/index.php\/wp-json\/wp\/v2\/product\/4855\/revisions"}],"predecessor-version":[{"id":4857,"href":"https:\/\/dormuz.fr\/index.php\/wp-json\/wp\/v2\/product\/4855\/revisions\/4857"}],"wp:featuredmedia":[{"embeddable":true,"href":"https:\/\/dormuz.fr\/index.php\/wp-json\/wp\/v2\/media\/4856"}],"wp:attachment":[{"href":"https:\/\/dormuz.fr\/index.php\/wp-json\/wp\/v2\/media?parent=4855"}],"wp:term":[{"taxonomy":"product_brand","embeddable":true,"href":"https:\/\/dormuz.fr\/index.php\/wp-json\/wp\/v2\/product_brand?post=4855"},{"taxonomy":"product_cat","embeddable":true,"href":"https:\/\/dormuz.fr\/index.php\/wp-json\/wp\/v2\/product_cat?post=4855"},{"taxonomy":"product_tag","embeddable":true,"href":"https:\/\/dormuz.fr\/index.php\/wp-json\/wp\/v2\/product_tag?post=4855"}],"curies":[{"name":"wp","href":"https:\/\/api.w.org\/{rel}","templated":true}]}}