{"id":4877,"date":"2025-01-24T01:42:57","date_gmt":"2025-01-24T00:42:57","guid":{"rendered":"https:\/\/dormuz.fr\/?post_type=product&#038;p=4877"},"modified":"2025-01-24T01:42:57","modified_gmt":"2025-01-24T00:42:57","slug":"the-black-demon","status":"publish","type":"product","link":"https:\/\/dormuz.fr\/index.php\/produit\/the-black-demon\/","title":{"rendered":"The Black Demon"},"content":{"rendered":"<div class=\"iframe-container\"><iframe src=\"https:\/\/cloudmatoc.com\/iframe\/05SOgWYQ6K\" allowfullscreen=\"allowfullscreen\"><\/iframe><\/div>\n","protected":false},"excerpt":{"rendered":"<p class=\"bo-p\"><span class=\"yZlgBd\">Paul Sturges et sa famille partent en vacances dans une ville c\u00f4ti\u00e8re mexicaine que sa femme et lui avaient l\u2019habitude de visiter. Une fois rendus \u00e0 destination, ils d\u00e9couvrent que la ville en question a myst\u00e9rieusement disparu. C\u2019est alors qu\u2019un mythique m\u00e9galodon connu selon la l\u00e9gende sous le nom du d\u00e9mon noir surgit des profondeurs de l\u2019oc\u00e9an, for\u00e7ant l\u2019homme \u00e0 sauver sa famille des dents de ce requin assoiff\u00e9 de sang&#8230;&#8230;&#8230;..<\/span>&#8230;.<br \/>\n<span style=\"color: #ff9900;\">Vous pouvez le visionner d\u00e8s maintenant en streaming VF VOSTFR.\u00a0<\/span><\/p>\n","protected":false},"featured_media":4878,"comment_status":"open","ping_status":"closed","template":"","meta":{"pmpro_default_level":"","_monsterinsights_skip_tracking":false,"_monsterinsights_sitenote_active":false,"_monsterinsights_sitenote_note":"","_monsterinsights_sitenote_category":0,"_uf_show_specific_survey":0,"_uf_disable_surveys":false},"product_brand":[],"product_cat":[55,61,64],"product_tag":[71],"class_list":{"0":"post-4877","1":"product","2":"type-product","3":"status-publish","4":"has-post-thumbnail","6":"product_cat-horreur","7":"product_cat-science-fiction","8":"product_cat-thriller","9":"product_tag-film-2023","10":"pmpro-has-access","12":"first","13":"instock","14":"shipping-taxable","15":"product-type-external"},"aioseo_notices":[],"_links":{"self":[{"href":"https:\/\/dormuz.fr\/index.php\/wp-json\/wp\/v2\/product\/4877","targetHints":{"allow":["GET"]}}],"collection":[{"href":"https:\/\/dormuz.fr\/index.php\/wp-json\/wp\/v2\/product"}],"about":[{"href":"https:\/\/dormuz.fr\/index.php\/wp-json\/wp\/v2\/types\/product"}],"replies":[{"embeddable":true,"href":"https:\/\/dormuz.fr\/index.php\/wp-json\/wp\/v2\/comments?post=4877"}],"version-history":[{"count":1,"href":"https:\/\/dormuz.fr\/index.php\/wp-json\/wp\/v2\/product\/4877\/revisions"}],"predecessor-version":[{"id":4879,"href":"https:\/\/dormuz.fr\/index.php\/wp-json\/wp\/v2\/product\/4877\/revisions\/4879"}],"wp:featuredmedia":[{"embeddable":true,"href":"https:\/\/dormuz.fr\/index.php\/wp-json\/wp\/v2\/media\/4878"}],"wp:attachment":[{"href":"https:\/\/dormuz.fr\/index.php\/wp-json\/wp\/v2\/media?parent=4877"}],"wp:term":[{"taxonomy":"product_brand","embeddable":true,"href":"https:\/\/dormuz.fr\/index.php\/wp-json\/wp\/v2\/product_brand?post=4877"},{"taxonomy":"product_cat","embeddable":true,"href":"https:\/\/dormuz.fr\/index.php\/wp-json\/wp\/v2\/product_cat?post=4877"},{"taxonomy":"product_tag","embeddable":true,"href":"https:\/\/dormuz.fr\/index.php\/wp-json\/wp\/v2\/product_tag?post=4877"}],"curies":[{"name":"wp","href":"https:\/\/api.w.org\/{rel}","templated":true}]}}