{"id":4880,"date":"2025-01-24T01:53:49","date_gmt":"2025-01-24T00:53:49","guid":{"rendered":"https:\/\/dormuz.fr\/?post_type=product&#038;p=4880"},"modified":"2025-01-24T01:53:49","modified_gmt":"2025-01-24T00:53:49","slug":"canary-black","status":"publish","type":"product","link":"https:\/\/dormuz.fr\/index.php\/produit\/canary-black\/","title":{"rendered":"Canary Black"},"content":{"rendered":"<div class=\"iframe-container\"><iframe src=\"https:\/\/sharecloudy.com\/iframe\/DDzMzXBpFI\" allowfullscreen=\"allowfullscreen\"><\/iframe><\/div>\n","protected":false},"excerpt":{"rendered":"<p>Avery Graves, agente de la CIA, est victime de chantage de la part de terroristes l&rsquo;obligeant \u00e0 trahir les USA pour sauver son mari kidnapp\u00e9. Isol\u00e9e, elle se tourne vers d&rsquo;anciens contacts pour r\u00e9cup\u00e9rer les renseignements demand\u00e9s par les ravisseurs. Avery se lance alors dans une course mortelle pour remettre la ran\u00e7on qui pourrait d\u00e9clencher une crise mondiale.<span class=\"yZlgBd\">&#8230;&#8230;&#8230;.<\/span>&#8230;.<br \/>\n<span style=\"color: #ff9900;\">Vous pouvez le visionner d\u00e8s maintenant en streaming VF VOSTFR.\u00a0<\/span><\/p>\n","protected":false},"featured_media":4881,"comment_status":"open","ping_status":"closed","template":"","meta":{"pmpro_default_level":"","_monsterinsights_skip_tracking":false,"_monsterinsights_sitenote_active":false,"_monsterinsights_sitenote_note":"","_monsterinsights_sitenote_category":0,"_uf_show_specific_survey":0,"_uf_disable_surveys":false},"product_brand":[],"product_cat":[39,46],"product_tag":[27],"class_list":{"0":"post-4880","1":"product","2":"type-product","3":"status-publish","4":"has-post-thumbnail","6":"product_cat-action","7":"product_cat-drame","8":"product_tag-film-2024","9":"pmpro-has-access","11":"first","12":"instock","13":"shipping-taxable","14":"product-type-external"},"aioseo_notices":[],"_links":{"self":[{"href":"https:\/\/dormuz.fr\/index.php\/wp-json\/wp\/v2\/product\/4880","targetHints":{"allow":["GET"]}}],"collection":[{"href":"https:\/\/dormuz.fr\/index.php\/wp-json\/wp\/v2\/product"}],"about":[{"href":"https:\/\/dormuz.fr\/index.php\/wp-json\/wp\/v2\/types\/product"}],"replies":[{"embeddable":true,"href":"https:\/\/dormuz.fr\/index.php\/wp-json\/wp\/v2\/comments?post=4880"}],"version-history":[{"count":1,"href":"https:\/\/dormuz.fr\/index.php\/wp-json\/wp\/v2\/product\/4880\/revisions"}],"predecessor-version":[{"id":4882,"href":"https:\/\/dormuz.fr\/index.php\/wp-json\/wp\/v2\/product\/4880\/revisions\/4882"}],"wp:featuredmedia":[{"embeddable":true,"href":"https:\/\/dormuz.fr\/index.php\/wp-json\/wp\/v2\/media\/4881"}],"wp:attachment":[{"href":"https:\/\/dormuz.fr\/index.php\/wp-json\/wp\/v2\/media?parent=4880"}],"wp:term":[{"taxonomy":"product_brand","embeddable":true,"href":"https:\/\/dormuz.fr\/index.php\/wp-json\/wp\/v2\/product_brand?post=4880"},{"taxonomy":"product_cat","embeddable":true,"href":"https:\/\/dormuz.fr\/index.php\/wp-json\/wp\/v2\/product_cat?post=4880"},{"taxonomy":"product_tag","embeddable":true,"href":"https:\/\/dormuz.fr\/index.php\/wp-json\/wp\/v2\/product_tag?post=4880"}],"curies":[{"name":"wp","href":"https:\/\/api.w.org\/{rel}","templated":true}]}}