{"id":4883,"date":"2025-01-24T02:44:13","date_gmt":"2025-01-24T01:44:13","guid":{"rendered":"https:\/\/dormuz.fr\/?post_type=product&#038;p=4883"},"modified":"2025-01-24T02:44:13","modified_gmt":"2025-01-24T01:44:13","slug":"black-flies","status":"publish","type":"product","link":"https:\/\/dormuz.fr\/index.php\/produit\/black-flies\/","title":{"rendered":"Black Flies"},"content":{"rendered":"<div class=\"iframe-container\"><iframe src=\"https:\/\/darkibox.com\/embed-d7c8e0abda8f.html?autoplay=0\" allowfullscreen=\"allowfullscreen\"><\/iframe><\/div>\n","protected":false},"excerpt":{"rendered":"<p>Ollie Cross, jeune ambulancier de New York, fait \u00e9quipe avec Gene Rutkovsky, un urgentiste exp\u00e9riment\u00e9. Confront\u00e9 \u00e0 la violente r\u00e9alit\u00e9 de leurs quotidiens, il d\u00e9couvre les risques d&rsquo;un m\u00e9tier qui chaque jour \u00e9branle ses certitudes et ne lui laisse aucun r\u00e9pit..<span class=\"yZlgBd\">&#8230;&#8230;&#8230;.<\/span>&#8230;.<br \/>\n<span style=\"color: #ff9900;\">Vous pouvez le visionner d\u00e8s maintenant en streaming VF VOSTFR.\u00a0<\/span><\/p>\n","protected":false},"featured_media":4884,"comment_status":"open","ping_status":"closed","template":"","meta":{"pmpro_default_level":"","_monsterinsights_skip_tracking":false,"_monsterinsights_sitenote_active":false,"_monsterinsights_sitenote_note":"","_monsterinsights_sitenote_category":0,"_uf_show_specific_survey":0,"_uf_disable_surveys":false},"product_brand":[],"product_cat":[46,64],"product_tag":[27],"class_list":{"0":"post-4883","1":"product","2":"type-product","3":"status-publish","4":"has-post-thumbnail","6":"product_cat-drame","7":"product_cat-thriller","8":"product_tag-film-2024","9":"pmpro-has-access","11":"first","12":"instock","13":"shipping-taxable","14":"product-type-external"},"aioseo_notices":[],"_links":{"self":[{"href":"https:\/\/dormuz.fr\/index.php\/wp-json\/wp\/v2\/product\/4883","targetHints":{"allow":["GET"]}}],"collection":[{"href":"https:\/\/dormuz.fr\/index.php\/wp-json\/wp\/v2\/product"}],"about":[{"href":"https:\/\/dormuz.fr\/index.php\/wp-json\/wp\/v2\/types\/product"}],"replies":[{"embeddable":true,"href":"https:\/\/dormuz.fr\/index.php\/wp-json\/wp\/v2\/comments?post=4883"}],"version-history":[{"count":1,"href":"https:\/\/dormuz.fr\/index.php\/wp-json\/wp\/v2\/product\/4883\/revisions"}],"predecessor-version":[{"id":4885,"href":"https:\/\/dormuz.fr\/index.php\/wp-json\/wp\/v2\/product\/4883\/revisions\/4885"}],"wp:featuredmedia":[{"embeddable":true,"href":"https:\/\/dormuz.fr\/index.php\/wp-json\/wp\/v2\/media\/4884"}],"wp:attachment":[{"href":"https:\/\/dormuz.fr\/index.php\/wp-json\/wp\/v2\/media?parent=4883"}],"wp:term":[{"taxonomy":"product_brand","embeddable":true,"href":"https:\/\/dormuz.fr\/index.php\/wp-json\/wp\/v2\/product_brand?post=4883"},{"taxonomy":"product_cat","embeddable":true,"href":"https:\/\/dormuz.fr\/index.php\/wp-json\/wp\/v2\/product_cat?post=4883"},{"taxonomy":"product_tag","embeddable":true,"href":"https:\/\/dormuz.fr\/index.php\/wp-json\/wp\/v2\/product_tag?post=4883"}],"curies":[{"name":"wp","href":"https:\/\/api.w.org\/{rel}","templated":true}]}}