{"id":4889,"date":"2025-01-25T04:15:03","date_gmt":"2025-01-25T03:15:03","guid":{"rendered":"https:\/\/dormuz.fr\/?post_type=product&#038;p=4889"},"modified":"2025-01-25T04:15:03","modified_gmt":"2025-01-25T03:15:03","slug":"the-killers-game","status":"publish","type":"product","link":"https:\/\/dormuz.fr\/index.php\/produit\/the-killers-game\/","title":{"rendered":"The Killer&rsquo;s Game"},"content":{"rendered":"<div class=\"iframe-container\"><iframe src=\"https:\/\/cloudmatoc.com\/iframe\/ueT1xd07aq\" allowfullscreen=\"allowfullscreen\"><\/iframe><\/div>\n","protected":false},"excerpt":{"rendered":"<p><span class=\"yZlgBd\">Un tueur \u00e0 gages de haut vol, Joe Flood, apprend qu&rsquo;il est condamn\u00e9 par une maladie. Catholique, il d\u00e9cide de ne pas mettre fin \u00e0 ses jours et s&rsquo;assure que sa compagne sera \u00e0 l&rsquo;abri financi\u00e8rement. Quand Flood apprend qu&rsquo;il a \u00e9t\u00e9 mal diagnostiqu\u00e9, sa nouvelle mission est de prot\u00e9ger sa femme. Mais plusieurs assassins se disputent maintenant la prime que Flood leur avait promise en vue de son d\u00e9c\u00e8s imminent&#8230;&#8230;&#8230;..<\/span>&#8230;.<br \/>\n<span style=\"color: #ff9900;\">Vous pouvez le visionner d\u00e8s maintenant en streaming VF VOSTFR.\u00a0<\/span><\/p>\n","protected":false},"featured_media":4890,"comment_status":"open","ping_status":"closed","template":"","meta":{"pmpro_default_level":"","_monsterinsights_skip_tracking":false,"_monsterinsights_sitenote_active":false,"_monsterinsights_sitenote_note":"","_monsterinsights_sitenote_category":0,"_uf_show_specific_survey":0,"_uf_disable_surveys":false},"product_brand":[],"product_cat":[39,44,64],"product_tag":[139],"class_list":{"0":"post-4889","1":"product","2":"type-product","3":"status-publish","4":"has-post-thumbnail","6":"product_cat-action","7":"product_cat-comedie","8":"product_cat-thriller","9":"product_tag-film-2025","10":"pmpro-has-access","12":"first","13":"instock","14":"shipping-taxable","15":"product-type-external"},"aioseo_notices":[],"_links":{"self":[{"href":"https:\/\/dormuz.fr\/index.php\/wp-json\/wp\/v2\/product\/4889","targetHints":{"allow":["GET"]}}],"collection":[{"href":"https:\/\/dormuz.fr\/index.php\/wp-json\/wp\/v2\/product"}],"about":[{"href":"https:\/\/dormuz.fr\/index.php\/wp-json\/wp\/v2\/types\/product"}],"replies":[{"embeddable":true,"href":"https:\/\/dormuz.fr\/index.php\/wp-json\/wp\/v2\/comments?post=4889"}],"version-history":[{"count":1,"href":"https:\/\/dormuz.fr\/index.php\/wp-json\/wp\/v2\/product\/4889\/revisions"}],"predecessor-version":[{"id":4891,"href":"https:\/\/dormuz.fr\/index.php\/wp-json\/wp\/v2\/product\/4889\/revisions\/4891"}],"wp:featuredmedia":[{"embeddable":true,"href":"https:\/\/dormuz.fr\/index.php\/wp-json\/wp\/v2\/media\/4890"}],"wp:attachment":[{"href":"https:\/\/dormuz.fr\/index.php\/wp-json\/wp\/v2\/media?parent=4889"}],"wp:term":[{"taxonomy":"product_brand","embeddable":true,"href":"https:\/\/dormuz.fr\/index.php\/wp-json\/wp\/v2\/product_brand?post=4889"},{"taxonomy":"product_cat","embeddable":true,"href":"https:\/\/dormuz.fr\/index.php\/wp-json\/wp\/v2\/product_cat?post=4889"},{"taxonomy":"product_tag","embeddable":true,"href":"https:\/\/dormuz.fr\/index.php\/wp-json\/wp\/v2\/product_tag?post=4889"}],"curies":[{"name":"wp","href":"https:\/\/api.w.org\/{rel}","templated":true}]}}