{"id":4892,"date":"2025-01-25T04:27:55","date_gmt":"2025-01-25T03:27:55","guid":{"rendered":"https:\/\/dormuz.fr\/?post_type=product&#038;p=4892"},"modified":"2025-01-25T04:27:56","modified_gmt":"2025-01-25T03:27:56","slug":"week-end-a-taipei","status":"publish","type":"product","link":"https:\/\/dormuz.fr\/index.php\/produit\/week-end-a-taipei\/","title":{"rendered":"Week-end \u00e0 Taipei"},"content":{"rendered":"<div class=\"iframe-container\"><iframe src=\"https:\/\/sharecloudy.com\/iframe\/8BUKht1wKG\" allowfullscreen=\"allowfullscreen\"><\/iframe><\/div>\n","protected":false},"excerpt":{"rendered":"<p><span class=\"yZlgBd\">John Lawlor est un redoutable agent de la DEA pour qui le travail passe avant tout. De l\u2019autre c\u00f4t\u00e9 du globe, Joey Kwang vit sa vie pied au plancher. Au volant, il n\u2019y a pas meilleur pilote qu\u2019elle. Ils se sont rencontr\u00e9s \u00e0 Taipei. Leur histoire a \u00e9t\u00e9 folle, brulante, passionn\u00e9e. Mais de courte dur\u00e9e\u2026 Quinze ans plus tard, le destin les r\u00e9unit de nouveau \u00e0 Taipei. Les \u00e9motions enfouies refont surface. Dans un monde o\u00f9 le danger r\u00f4de \u00e0 chaque coin de rue, seule la passion qui les avait unis autrefois pourra les sauver&#8230;&#8230;&#8230;.<\/span>&#8230;.<br \/>\n<span style=\"color: #ff9900;\">Vous pouvez le visionner d\u00e8s maintenant en streaming VF VOSTFR.\u00a0<\/span><\/p>\n","protected":false},"featured_media":4893,"comment_status":"open","ping_status":"closed","template":"","meta":{"pmpro_default_level":"","_monsterinsights_skip_tracking":false,"_monsterinsights_sitenote_active":false,"_monsterinsights_sitenote_note":"","_monsterinsights_sitenote_category":0,"_uf_show_specific_survey":0,"_uf_disable_surveys":false},"product_brand":[],"product_cat":[39,64],"product_tag":[27],"class_list":{"0":"post-4892","1":"product","2":"type-product","3":"status-publish","4":"has-post-thumbnail","6":"product_cat-action","7":"product_cat-thriller","8":"product_tag-film-2024","9":"pmpro-has-access","11":"first","12":"instock","13":"shipping-taxable","14":"product-type-external"},"aioseo_notices":[],"_links":{"self":[{"href":"https:\/\/dormuz.fr\/index.php\/wp-json\/wp\/v2\/product\/4892","targetHints":{"allow":["GET"]}}],"collection":[{"href":"https:\/\/dormuz.fr\/index.php\/wp-json\/wp\/v2\/product"}],"about":[{"href":"https:\/\/dormuz.fr\/index.php\/wp-json\/wp\/v2\/types\/product"}],"replies":[{"embeddable":true,"href":"https:\/\/dormuz.fr\/index.php\/wp-json\/wp\/v2\/comments?post=4892"}],"version-history":[{"count":1,"href":"https:\/\/dormuz.fr\/index.php\/wp-json\/wp\/v2\/product\/4892\/revisions"}],"predecessor-version":[{"id":4894,"href":"https:\/\/dormuz.fr\/index.php\/wp-json\/wp\/v2\/product\/4892\/revisions\/4894"}],"wp:featuredmedia":[{"embeddable":true,"href":"https:\/\/dormuz.fr\/index.php\/wp-json\/wp\/v2\/media\/4893"}],"wp:attachment":[{"href":"https:\/\/dormuz.fr\/index.php\/wp-json\/wp\/v2\/media?parent=4892"}],"wp:term":[{"taxonomy":"product_brand","embeddable":true,"href":"https:\/\/dormuz.fr\/index.php\/wp-json\/wp\/v2\/product_brand?post=4892"},{"taxonomy":"product_cat","embeddable":true,"href":"https:\/\/dormuz.fr\/index.php\/wp-json\/wp\/v2\/product_cat?post=4892"},{"taxonomy":"product_tag","embeddable":true,"href":"https:\/\/dormuz.fr\/index.php\/wp-json\/wp\/v2\/product_tag?post=4892"}],"curies":[{"name":"wp","href":"https:\/\/api.w.org\/{rel}","templated":true}]}}