{"id":4895,"date":"2025-01-25T04:42:35","date_gmt":"2025-01-25T03:42:35","guid":{"rendered":"https:\/\/dormuz.fr\/?post_type=product&#038;p=4895"},"modified":"2025-01-25T04:42:35","modified_gmt":"2025-01-25T03:42:35","slug":"blink-twice","status":"publish","type":"product","link":"https:\/\/dormuz.fr\/index.php\/produit\/blink-twice\/","title":{"rendered":"Blink Twice"},"content":{"rendered":"<div class=\"iframe-container\"><iframe src=\"https:\/\/cloudmatoc.com\/iframe\/uSHmL5EnQy\" allowfullscreen=\"allowfullscreen\"><\/iframe><\/div>\n","protected":false},"excerpt":{"rendered":"<p><span class=\"yZlgBd\">Lors d&rsquo;une soir\u00e9e b\u00e9n\u00e9fice, Frida tombe dans l&rsquo;oeil de Slater King. Au point o\u00f9 ce milliardaire des technologies, emp\u00eatr\u00e9 dans une controverse m\u00e9diatique, invite la jeune serveuse afro-am\u00e9ricaine et sa coll\u00e8gue Jess \u00e0 s\u00e9journer sur son \u00eele priv\u00e9e, dans les Cara\u00efbes. Au programme: des journ\u00e9es de farniente autour de la vaste piscine en compagnie d&rsquo;une dizaine d&rsquo;autres convives des deux sexes, des repas succulents pr\u00e9par\u00e9s par un ami de Slater et une provision infinie de drogues r\u00e9cr\u00e9atives&#8230;&#8230;&#8230;.<\/span>&#8230;.<br \/>\n<span style=\"color: #ff9900;\">Vous pouvez le visionner d\u00e8s maintenant en streaming VF VOSTFR.\u00a0<\/span><\/p>\n","protected":false},"featured_media":4896,"comment_status":"open","ping_status":"closed","template":"","meta":{"pmpro_default_level":"","_monsterinsights_skip_tracking":false,"_monsterinsights_sitenote_active":false,"_monsterinsights_sitenote_note":"","_monsterinsights_sitenote_category":0,"_uf_show_specific_survey":0,"_uf_disable_surveys":false},"product_brand":[],"product_cat":[55,64],"product_tag":[27],"class_list":{"0":"post-4895","1":"product","2":"type-product","3":"status-publish","4":"has-post-thumbnail","6":"product_cat-horreur","7":"product_cat-thriller","8":"product_tag-film-2024","9":"pmpro-has-access","11":"first","12":"instock","13":"shipping-taxable","14":"product-type-external"},"aioseo_notices":[],"_links":{"self":[{"href":"https:\/\/dormuz.fr\/index.php\/wp-json\/wp\/v2\/product\/4895","targetHints":{"allow":["GET"]}}],"collection":[{"href":"https:\/\/dormuz.fr\/index.php\/wp-json\/wp\/v2\/product"}],"about":[{"href":"https:\/\/dormuz.fr\/index.php\/wp-json\/wp\/v2\/types\/product"}],"replies":[{"embeddable":true,"href":"https:\/\/dormuz.fr\/index.php\/wp-json\/wp\/v2\/comments?post=4895"}],"version-history":[{"count":1,"href":"https:\/\/dormuz.fr\/index.php\/wp-json\/wp\/v2\/product\/4895\/revisions"}],"predecessor-version":[{"id":4897,"href":"https:\/\/dormuz.fr\/index.php\/wp-json\/wp\/v2\/product\/4895\/revisions\/4897"}],"wp:featuredmedia":[{"embeddable":true,"href":"https:\/\/dormuz.fr\/index.php\/wp-json\/wp\/v2\/media\/4896"}],"wp:attachment":[{"href":"https:\/\/dormuz.fr\/index.php\/wp-json\/wp\/v2\/media?parent=4895"}],"wp:term":[{"taxonomy":"product_brand","embeddable":true,"href":"https:\/\/dormuz.fr\/index.php\/wp-json\/wp\/v2\/product_brand?post=4895"},{"taxonomy":"product_cat","embeddable":true,"href":"https:\/\/dormuz.fr\/index.php\/wp-json\/wp\/v2\/product_cat?post=4895"},{"taxonomy":"product_tag","embeddable":true,"href":"https:\/\/dormuz.fr\/index.php\/wp-json\/wp\/v2\/product_tag?post=4895"}],"curies":[{"name":"wp","href":"https:\/\/api.w.org\/{rel}","templated":true}]}}