{"id":4901,"date":"2025-01-31T02:09:40","date_gmt":"2025-01-31T01:09:40","guid":{"rendered":"https:\/\/dormuz.fr\/?post_type=product&#038;p=4901"},"modified":"2025-01-31T02:09:40","modified_gmt":"2025-01-31T01:09:40","slug":"zero-dark-thirty","status":"publish","type":"product","link":"https:\/\/dormuz.fr\/index.php\/produit\/zero-dark-thirty\/","title":{"rendered":"Zero Dark Thirty"},"content":{"rendered":"<div class=\"iframe-container\"><iframe src=\"https:\/\/ok.ru\/videoembed\/1226764520036?nochat=1\" allowfullscreen=\"allowfullscreen\"><\/iframe><\/div>\n","protected":false},"excerpt":{"rendered":"<p><span class=\"yZlgBd\">Apr\u00e8s les attentats du 11 septembre, une unit\u00e9 des forces sp\u00e9ciales am\u00e9ricaines met tout en oeuvre pour d\u00e9busquer et neutraliser Oussama Ben Laden. En 2003, Maya, jeune agente fra\u00eechement recrut\u00e9e par la CIA, est d\u00e9p\u00each\u00e9e au Pakistan, o\u00f9 elle collabore \u00e9troitement avec des agents sp\u00e9cialis\u00e9s. La traque, men\u00e9e dans le plus grand secret, s&rsquo;av\u00e8re longue, difficile et hasardeuse. Ce n&rsquo;est qu&rsquo;en 2011 que des renseignements permettent de localiser le terroriste&#8230;&#8230;&#8230;..<\/span>&#8230;.<br \/>\n<span style=\"color: #ff9900;\">Vous pouvez le visionner d\u00e8s maintenant en streaming VF VOSTFR.\u00a0<\/span><\/p>\n","protected":false},"featured_media":4902,"comment_status":"open","ping_status":"closed","template":"","meta":{"pmpro_default_level":"","_monsterinsights_skip_tracking":false,"_monsterinsights_sitenote_active":false,"_monsterinsights_sitenote_note":"","_monsterinsights_sitenote_category":0,"_uf_show_specific_survey":0,"_uf_disable_surveys":false},"product_brand":[],"product_cat":[46,54,64],"product_tag":[36],"class_list":{"0":"post-4901","1":"product","2":"type-product","3":"status-publish","4":"has-post-thumbnail","6":"product_cat-drame","7":"product_cat-histoire","8":"product_cat-thriller","9":"product_tag-film-2012","10":"pmpro-has-access","12":"first","13":"instock","14":"shipping-taxable","15":"product-type-external"},"aioseo_notices":[],"_links":{"self":[{"href":"https:\/\/dormuz.fr\/index.php\/wp-json\/wp\/v2\/product\/4901","targetHints":{"allow":["GET"]}}],"collection":[{"href":"https:\/\/dormuz.fr\/index.php\/wp-json\/wp\/v2\/product"}],"about":[{"href":"https:\/\/dormuz.fr\/index.php\/wp-json\/wp\/v2\/types\/product"}],"replies":[{"embeddable":true,"href":"https:\/\/dormuz.fr\/index.php\/wp-json\/wp\/v2\/comments?post=4901"}],"version-history":[{"count":1,"href":"https:\/\/dormuz.fr\/index.php\/wp-json\/wp\/v2\/product\/4901\/revisions"}],"predecessor-version":[{"id":4903,"href":"https:\/\/dormuz.fr\/index.php\/wp-json\/wp\/v2\/product\/4901\/revisions\/4903"}],"wp:featuredmedia":[{"embeddable":true,"href":"https:\/\/dormuz.fr\/index.php\/wp-json\/wp\/v2\/media\/4902"}],"wp:attachment":[{"href":"https:\/\/dormuz.fr\/index.php\/wp-json\/wp\/v2\/media?parent=4901"}],"wp:term":[{"taxonomy":"product_brand","embeddable":true,"href":"https:\/\/dormuz.fr\/index.php\/wp-json\/wp\/v2\/product_brand?post=4901"},{"taxonomy":"product_cat","embeddable":true,"href":"https:\/\/dormuz.fr\/index.php\/wp-json\/wp\/v2\/product_cat?post=4901"},{"taxonomy":"product_tag","embeddable":true,"href":"https:\/\/dormuz.fr\/index.php\/wp-json\/wp\/v2\/product_tag?post=4901"}],"curies":[{"name":"wp","href":"https:\/\/api.w.org\/{rel}","templated":true}]}}