{"id":4910,"date":"2025-02-21T13:42:27","date_gmt":"2025-02-21T12:42:27","guid":{"rendered":"https:\/\/dormuz.fr\/?post_type=product&#038;p=4910"},"modified":"2025-02-21T13:42:27","modified_gmt":"2025-02-21T12:42:27","slug":"the-gorge","status":"publish","type":"product","link":"https:\/\/dormuz.fr\/index.php\/produit\/the-gorge\/","title":{"rendered":"The Gorge"},"content":{"rendered":"<div class=\"iframe-container\"><iframe src=\"https:\/\/sharecloudy.com\/iframe\/osZlaSUj4f\" allowfullscreen=\"allowfullscreen\"><\/iframe><\/div>\n","protected":false},"excerpt":{"rendered":"<p><span class=\"yZlgBd\">Deux agents surentra\u00een\u00e9s sont affect\u00e9s \u00e0 des postes de garde dans des tours situ\u00e9es des deux c\u00f4t\u00e9s d\u2019un vaste gouffre secret, afin de prot\u00e9ger le monde du mal myst\u00e9rieux qu\u2019il renferme. Nouant des liens malgr\u00e9 la distance, les deux agents doivent rester vigilants face \u00e0 cet ennemi invisible. Mais lorsque la menace cataclysmique pour l\u2019humanit\u00e9 leur est r\u00e9v\u00e9l\u00e9e, ils devront faire \u00e9quipe pour maintenir le secret \u00e0 l&rsquo;int\u00e9rieur du gouffre avant qu\u2019il ne soit trop tard&#8230;&#8230;&#8230;.<\/span>&#8230;.<br \/>\n<span style=\"color: #ff9900;\">Vous pouvez le visionner d\u00e8s maintenant en streaming VF VOSTFR.\u00a0<\/span><\/p>\n","protected":false},"featured_media":4911,"comment_status":"open","ping_status":"closed","template":"","meta":{"pmpro_default_level":"","_monsterinsights_skip_tracking":false,"_monsterinsights_sitenote_active":false,"_monsterinsights_sitenote_note":"","_monsterinsights_sitenote_category":0,"_uf_show_specific_survey":0,"_uf_disable_surveys":false},"product_brand":[],"product_cat":[39,55,60],"product_tag":[139],"class_list":{"0":"post-4910","1":"product","2":"type-product","3":"status-publish","4":"has-post-thumbnail","6":"product_cat-action","7":"product_cat-horreur","8":"product_cat-romance","9":"product_tag-film-2025","10":"pmpro-has-access","12":"first","13":"instock","14":"shipping-taxable","15":"product-type-external"},"aioseo_notices":[],"_links":{"self":[{"href":"https:\/\/dormuz.fr\/index.php\/wp-json\/wp\/v2\/product\/4910","targetHints":{"allow":["GET"]}}],"collection":[{"href":"https:\/\/dormuz.fr\/index.php\/wp-json\/wp\/v2\/product"}],"about":[{"href":"https:\/\/dormuz.fr\/index.php\/wp-json\/wp\/v2\/types\/product"}],"replies":[{"embeddable":true,"href":"https:\/\/dormuz.fr\/index.php\/wp-json\/wp\/v2\/comments?post=4910"}],"version-history":[{"count":1,"href":"https:\/\/dormuz.fr\/index.php\/wp-json\/wp\/v2\/product\/4910\/revisions"}],"predecessor-version":[{"id":4912,"href":"https:\/\/dormuz.fr\/index.php\/wp-json\/wp\/v2\/product\/4910\/revisions\/4912"}],"wp:featuredmedia":[{"embeddable":true,"href":"https:\/\/dormuz.fr\/index.php\/wp-json\/wp\/v2\/media\/4911"}],"wp:attachment":[{"href":"https:\/\/dormuz.fr\/index.php\/wp-json\/wp\/v2\/media?parent=4910"}],"wp:term":[{"taxonomy":"product_brand","embeddable":true,"href":"https:\/\/dormuz.fr\/index.php\/wp-json\/wp\/v2\/product_brand?post=4910"},{"taxonomy":"product_cat","embeddable":true,"href":"https:\/\/dormuz.fr\/index.php\/wp-json\/wp\/v2\/product_cat?post=4910"},{"taxonomy":"product_tag","embeddable":true,"href":"https:\/\/dormuz.fr\/index.php\/wp-json\/wp\/v2\/product_tag?post=4910"}],"curies":[{"name":"wp","href":"https:\/\/api.w.org\/{rel}","templated":true}]}}