{"id":4913,"date":"2025-02-21T13:57:51","date_gmt":"2025-02-21T12:57:51","guid":{"rendered":"https:\/\/dormuz.fr\/?post_type=product&#038;p=4913"},"modified":"2025-02-21T13:57:51","modified_gmt":"2025-02-21T12:57:51","slug":"flight-risk","status":"publish","type":"product","link":"https:\/\/dormuz.fr\/index.php\/produit\/flight-risk\/","title":{"rendered":"Flight Risk"},"content":{"rendered":"<div class=\"iframe-container\"><iframe src=\"https:\/\/sharecloudy.com\/iframe\/qIu9ihlL0U\" allowfullscreen=\"allowfullscreen\"><\/iframe><\/div>\n","protected":false},"excerpt":{"rendered":"<p><span class=\"yZlgBd\">Une agente des forces de l&rsquo;ordre est charg\u00e9e d&rsquo;assurer la s\u00e9curit\u00e9 de Winston, un criminel qui a accept\u00e9 de t\u00e9moigner dans une affaire de corruption. Ce dernier vient d&rsquo;\u00eatre arr\u00eat\u00e9 et doit \u00eatre transport\u00e9 jusqu&rsquo;\u00e0 Anchorage, en Alaska. Tous deux prennent place \u00e0 bord d&rsquo;un petit avion de brousse. Alors qu&rsquo;ils traversent une zone de turbulences, le permis de pilotage du pilote glisse sur le sol. La photo d&rsquo;identit\u00e9 qui s&rsquo;y trouve ne correspond pas \u00e0 l&rsquo;homme qui tient les commandes de l&rsquo;appareil&#8230;&#8230;&#8230;.<\/span>&#8230;.<br \/>\n<span style=\"color: #ff9900;\">Vous pouvez le visionner d\u00e8s maintenant en streaming VF VOSTFR.\u00a0<\/span><\/p>\n","protected":false},"featured_media":4914,"comment_status":"open","ping_status":"closed","template":"","meta":{"pmpro_default_level":"","_monsterinsights_skip_tracking":false,"_monsterinsights_sitenote_active":false,"_monsterinsights_sitenote_note":"","_monsterinsights_sitenote_category":0,"_uf_show_specific_survey":0,"_uf_disable_surveys":false},"product_brand":[],"product_cat":[39,46,58,64],"product_tag":[139],"class_list":{"0":"post-4913","1":"product","2":"type-product","3":"status-publish","4":"has-post-thumbnail","6":"product_cat-action","7":"product_cat-drame","8":"product_cat-policier","9":"product_cat-thriller","10":"product_tag-film-2025","11":"pmpro-has-access","13":"first","14":"instock","15":"shipping-taxable","16":"product-type-external"},"aioseo_notices":[],"_links":{"self":[{"href":"https:\/\/dormuz.fr\/index.php\/wp-json\/wp\/v2\/product\/4913","targetHints":{"allow":["GET"]}}],"collection":[{"href":"https:\/\/dormuz.fr\/index.php\/wp-json\/wp\/v2\/product"}],"about":[{"href":"https:\/\/dormuz.fr\/index.php\/wp-json\/wp\/v2\/types\/product"}],"replies":[{"embeddable":true,"href":"https:\/\/dormuz.fr\/index.php\/wp-json\/wp\/v2\/comments?post=4913"}],"version-history":[{"count":1,"href":"https:\/\/dormuz.fr\/index.php\/wp-json\/wp\/v2\/product\/4913\/revisions"}],"predecessor-version":[{"id":4915,"href":"https:\/\/dormuz.fr\/index.php\/wp-json\/wp\/v2\/product\/4913\/revisions\/4915"}],"wp:featuredmedia":[{"embeddable":true,"href":"https:\/\/dormuz.fr\/index.php\/wp-json\/wp\/v2\/media\/4914"}],"wp:attachment":[{"href":"https:\/\/dormuz.fr\/index.php\/wp-json\/wp\/v2\/media?parent=4913"}],"wp:term":[{"taxonomy":"product_brand","embeddable":true,"href":"https:\/\/dormuz.fr\/index.php\/wp-json\/wp\/v2\/product_brand?post=4913"},{"taxonomy":"product_cat","embeddable":true,"href":"https:\/\/dormuz.fr\/index.php\/wp-json\/wp\/v2\/product_cat?post=4913"},{"taxonomy":"product_tag","embeddable":true,"href":"https:\/\/dormuz.fr\/index.php\/wp-json\/wp\/v2\/product_tag?post=4913"}],"curies":[{"name":"wp","href":"https:\/\/api.w.org\/{rel}","templated":true}]}}