{"id":4918,"date":"2025-02-22T03:20:14","date_gmt":"2025-02-22T02:20:14","guid":{"rendered":"https:\/\/dormuz.fr\/?post_type=product&#038;p=4918"},"modified":"2025-02-22T03:20:14","modified_gmt":"2025-02-22T02:20:14","slug":"nickel-boys","status":"publish","type":"product","link":"https:\/\/dormuz.fr\/index.php\/produit\/nickel-boys\/","title":{"rendered":"Nickel Boys"},"content":{"rendered":"<div class=\"iframe-container\"><iframe src=\"https:\/\/sharecloudy.com\/iframe\/MYcefRpHHS\" allowfullscreen=\"allowfullscreen\"><\/iframe><\/div>\n","protected":false},"excerpt":{"rendered":"<p><span class=\"yZlgBd\">Dans les ann\u00e9es 1960 \u00e0 Tallahassee, en Floride, Elwood Curtis, un jeune Afro-Am\u00e9ricain ambitieux, est injustement accus\u00e9 de vol de voiture alors qu&rsquo;il se rend \u00e0 l&rsquo;universit\u00e9. Il est envoy\u00e9 \u00e0 la Nickel Academy, une maison de correction pour mineurs o\u00f9 les abus et les mauvais traitements sont monnaie courante, en particulier envers les \u00e9l\u00e8ves noirs. L\u00e0-bas, il se lie d&rsquo;amiti\u00e9 avec Turner, un autre d\u00e9tenu au temp\u00e9rament plus cynique&#8230;&#8230;&#8230;..<\/span>&#8230;.<br \/>\n<span style=\"color: #ff9900;\">Vous pouvez le visionner d\u00e8s maintenant en streaming VF VOSTFR.\u00a0<\/span><\/p>\n","protected":false},"featured_media":4919,"comment_status":"open","ping_status":"closed","template":"","meta":{"pmpro_default_level":"","_monsterinsights_skip_tracking":false,"_monsterinsights_sitenote_active":false,"_monsterinsights_sitenote_note":"","_monsterinsights_sitenote_category":0,"_uf_show_specific_survey":0,"_uf_disable_surveys":false},"product_brand":[],"product_cat":[46,54],"product_tag":[139],"class_list":{"0":"post-4918","1":"product","2":"type-product","3":"status-publish","4":"has-post-thumbnail","6":"product_cat-drame","7":"product_cat-histoire","8":"product_tag-film-2025","9":"pmpro-has-access","11":"first","12":"instock","13":"shipping-taxable","14":"product-type-external"},"aioseo_notices":[],"_links":{"self":[{"href":"https:\/\/dormuz.fr\/index.php\/wp-json\/wp\/v2\/product\/4918","targetHints":{"allow":["GET"]}}],"collection":[{"href":"https:\/\/dormuz.fr\/index.php\/wp-json\/wp\/v2\/product"}],"about":[{"href":"https:\/\/dormuz.fr\/index.php\/wp-json\/wp\/v2\/types\/product"}],"replies":[{"embeddable":true,"href":"https:\/\/dormuz.fr\/index.php\/wp-json\/wp\/v2\/comments?post=4918"}],"version-history":[{"count":1,"href":"https:\/\/dormuz.fr\/index.php\/wp-json\/wp\/v2\/product\/4918\/revisions"}],"predecessor-version":[{"id":4920,"href":"https:\/\/dormuz.fr\/index.php\/wp-json\/wp\/v2\/product\/4918\/revisions\/4920"}],"wp:featuredmedia":[{"embeddable":true,"href":"https:\/\/dormuz.fr\/index.php\/wp-json\/wp\/v2\/media\/4919"}],"wp:attachment":[{"href":"https:\/\/dormuz.fr\/index.php\/wp-json\/wp\/v2\/media?parent=4918"}],"wp:term":[{"taxonomy":"product_brand","embeddable":true,"href":"https:\/\/dormuz.fr\/index.php\/wp-json\/wp\/v2\/product_brand?post=4918"},{"taxonomy":"product_cat","embeddable":true,"href":"https:\/\/dormuz.fr\/index.php\/wp-json\/wp\/v2\/product_cat?post=4918"},{"taxonomy":"product_tag","embeddable":true,"href":"https:\/\/dormuz.fr\/index.php\/wp-json\/wp\/v2\/product_tag?post=4918"}],"curies":[{"name":"wp","href":"https:\/\/api.w.org\/{rel}","templated":true}]}}