{"id":4921,"date":"2025-02-22T03:31:44","date_gmt":"2025-02-22T02:31:44","guid":{"rendered":"https:\/\/dormuz.fr\/?post_type=product&#038;p=4921"},"modified":"2025-02-22T03:31:44","modified_gmt":"2025-02-22T02:31:44","slug":"the-brutalist","status":"publish","type":"product","link":"https:\/\/dormuz.fr\/index.php\/produit\/the-brutalist\/","title":{"rendered":"The Brutalist"},"content":{"rendered":"<div class=\"iframe-container\"><iframe src=\"https:\/\/cloudmatoc.com\/iframe\/YdhA18eW3y\" allowfullscreen=\"allowfullscreen\"><\/iframe><\/div>\n","protected":false},"excerpt":{"rendered":"<p><span class=\"yZlgBd\">Pour \u00e9chapper \u00e0 l\u2019Europe de l\u2019apr\u00e8s-guerre, l\u2019architecte visionnaire L\u00e1szl\u00f3 T\u00f3th \u00e9migre aux \u00c9tats-Unis. Il veut y reconstruire sa vie, son travail et son mariage avec sa femme Erzs\u00e9bet, dont il a \u00e9t\u00e9 s\u00e9par\u00e9 pendant la guerre par suite des modifications de fronti\u00e8res et de r\u00e9gimes. Seul dans ce nouveau pays, L\u00e1szl\u00f3 s\u2019installe en Pennsylvanie, o\u00f9 le riche industriel Harrison Lee Van Buren remarque son talent pour la construction. Mais le pouvoir et l\u2019h\u00e9ritage se paient au prix fort&#8230;&#8230;&#8230;.<\/span>&#8230;.<br \/>\n<span style=\"color: #ff9900;\">Vous pouvez le visionner d\u00e8s maintenant en streaming VF VOSTFR.\u00a0<\/span><\/p>\n","protected":false},"featured_media":4922,"comment_status":"open","ping_status":"closed","template":"","meta":{"pmpro_default_level":"","_monsterinsights_skip_tracking":false,"_monsterinsights_sitenote_active":false,"_monsterinsights_sitenote_note":"","_monsterinsights_sitenote_category":0,"_uf_show_specific_survey":0,"_uf_disable_surveys":false},"product_brand":[],"product_cat":[46,54,60],"product_tag":[139],"class_list":{"0":"post-4921","1":"product","2":"type-product","3":"status-publish","4":"has-post-thumbnail","6":"product_cat-drame","7":"product_cat-histoire","8":"product_cat-romance","9":"product_tag-film-2025","10":"pmpro-has-access","12":"first","13":"instock","14":"shipping-taxable","15":"product-type-external"},"aioseo_notices":[],"_links":{"self":[{"href":"https:\/\/dormuz.fr\/index.php\/wp-json\/wp\/v2\/product\/4921","targetHints":{"allow":["GET"]}}],"collection":[{"href":"https:\/\/dormuz.fr\/index.php\/wp-json\/wp\/v2\/product"}],"about":[{"href":"https:\/\/dormuz.fr\/index.php\/wp-json\/wp\/v2\/types\/product"}],"replies":[{"embeddable":true,"href":"https:\/\/dormuz.fr\/index.php\/wp-json\/wp\/v2\/comments?post=4921"}],"version-history":[{"count":1,"href":"https:\/\/dormuz.fr\/index.php\/wp-json\/wp\/v2\/product\/4921\/revisions"}],"predecessor-version":[{"id":4923,"href":"https:\/\/dormuz.fr\/index.php\/wp-json\/wp\/v2\/product\/4921\/revisions\/4923"}],"wp:featuredmedia":[{"embeddable":true,"href":"https:\/\/dormuz.fr\/index.php\/wp-json\/wp\/v2\/media\/4922"}],"wp:attachment":[{"href":"https:\/\/dormuz.fr\/index.php\/wp-json\/wp\/v2\/media?parent=4921"}],"wp:term":[{"taxonomy":"product_brand","embeddable":true,"href":"https:\/\/dormuz.fr\/index.php\/wp-json\/wp\/v2\/product_brand?post=4921"},{"taxonomy":"product_cat","embeddable":true,"href":"https:\/\/dormuz.fr\/index.php\/wp-json\/wp\/v2\/product_cat?post=4921"},{"taxonomy":"product_tag","embeddable":true,"href":"https:\/\/dormuz.fr\/index.php\/wp-json\/wp\/v2\/product_tag?post=4921"}],"curies":[{"name":"wp","href":"https:\/\/api.w.org\/{rel}","templated":true}]}}