{"id":4924,"date":"2025-02-22T03:59:27","date_gmt":"2025-02-22T02:59:27","guid":{"rendered":"https:\/\/dormuz.fr\/?post_type=product&#038;p=4924"},"modified":"2025-02-22T04:21:26","modified_gmt":"2025-02-22T03:21:26","slug":"the-apprentice","status":"publish","type":"product","link":"https:\/\/dormuz.fr\/index.php\/produit\/the-apprentice\/","title":{"rendered":"The Apprentice"},"content":{"rendered":"<div class=\"iframe-container\"><iframe src=\"https:\/\/sharecloudy.com\/iframe\/YUVfzWITEk\" allowfullscreen=\"allowfullscreen\"><\/iframe><\/div>\n","protected":false},"excerpt":{"rendered":"<p>The Apprentice revient sur la vie de Donald Trump pendant ses jeunes ann\u00e9es en tant qu\u2019entrepreneur immobilier. Il s\u2019agit de la p\u00e9riode pendant laquelle Trump fait ses premiers pas dans l\u2019entreprenariat, secteur en perp\u00e9tuelle \u00e9volution. Il commence alors \u00e0 fonder son empire immobilier avec l\u2019aide de son mentor, l\u2019influent avocat Roy Cohn.<span class=\"yZlgBd\">&#8230;&#8230;&#8230;<\/span>&#8230;.<br \/>\n<span style=\"color: #ff9900;\">Vous pouvez le visionner d\u00e8s maintenant en streaming VF VOSTFR.\u00a0<\/span><\/p>\n","protected":false},"featured_media":4925,"comment_status":"open","ping_status":"closed","template":"","meta":{"pmpro_default_level":"","_monsterinsights_skip_tracking":false,"_monsterinsights_sitenote_active":false,"_monsterinsights_sitenote_note":"","_monsterinsights_sitenote_category":0,"_uf_show_specific_survey":0,"_uf_disable_surveys":false},"product_brand":[],"product_cat":[43,46,54],"product_tag":[27],"class_list":{"0":"post-4924","1":"product","2":"type-product","3":"status-publish","4":"has-post-thumbnail","6":"product_cat-biographie","7":"product_cat-drame","8":"product_cat-histoire","9":"product_tag-film-2024","10":"pmpro-has-access","12":"first","13":"instock","14":"shipping-taxable","15":"product-type-external"},"aioseo_notices":[],"_links":{"self":[{"href":"https:\/\/dormuz.fr\/index.php\/wp-json\/wp\/v2\/product\/4924","targetHints":{"allow":["GET"]}}],"collection":[{"href":"https:\/\/dormuz.fr\/index.php\/wp-json\/wp\/v2\/product"}],"about":[{"href":"https:\/\/dormuz.fr\/index.php\/wp-json\/wp\/v2\/types\/product"}],"replies":[{"embeddable":true,"href":"https:\/\/dormuz.fr\/index.php\/wp-json\/wp\/v2\/comments?post=4924"}],"version-history":[{"count":1,"href":"https:\/\/dormuz.fr\/index.php\/wp-json\/wp\/v2\/product\/4924\/revisions"}],"predecessor-version":[{"id":4926,"href":"https:\/\/dormuz.fr\/index.php\/wp-json\/wp\/v2\/product\/4924\/revisions\/4926"}],"wp:featuredmedia":[{"embeddable":true,"href":"https:\/\/dormuz.fr\/index.php\/wp-json\/wp\/v2\/media\/4925"}],"wp:attachment":[{"href":"https:\/\/dormuz.fr\/index.php\/wp-json\/wp\/v2\/media?parent=4924"}],"wp:term":[{"taxonomy":"product_brand","embeddable":true,"href":"https:\/\/dormuz.fr\/index.php\/wp-json\/wp\/v2\/product_brand?post=4924"},{"taxonomy":"product_cat","embeddable":true,"href":"https:\/\/dormuz.fr\/index.php\/wp-json\/wp\/v2\/product_cat?post=4924"},{"taxonomy":"product_tag","embeddable":true,"href":"https:\/\/dormuz.fr\/index.php\/wp-json\/wp\/v2\/product_tag?post=4924"}],"curies":[{"name":"wp","href":"https:\/\/api.w.org\/{rel}","templated":true}]}}