{"id":4930,"date":"2025-03-15T09:58:29","date_gmt":"2025-03-15T08:58:29","guid":{"rendered":"https:\/\/dormuz.fr\/?post_type=product&#038;p=4930"},"modified":"2025-03-15T10:11:40","modified_gmt":"2025-03-15T09:11:40","slug":"transporter-3","status":"publish","type":"product","link":"https:\/\/dormuz.fr\/index.php\/produit\/transporter-3\/","title":{"rendered":"Transporter 3"},"content":{"rendered":"<div class=\"iframe-container\"><iframe src=\"https:\/\/sharecloudy.com\/iframe\/l60tdY1H77\" allowfullscreen=\"allowfullscreen\"><\/iframe><\/div>\n","protected":false},"excerpt":{"rendered":"<p>Parce qu&rsquo;il est le sp\u00e9cialiste incontest\u00e9 des livraisons \u00e0 haut risque, Frank Martin se voit contraint, sous la menace, de transporter deux sacs imposants et une jeune Ukrainienne depuis Marseille jusqu&rsquo;\u00e0 Odessa. Que contiennent les sacs ? Qui est cette fille? Pourquoi doit-il l&rsquo;accompagner ? Quels enjeux se cachent derri\u00e8re cette livraison ? Frank ne sait pas grand-chose, et surtout pas comment il va sortir de ce pi\u00e8ge tendu par un adversaire bien plus redoutable que les pr\u00e9c\u00e9dents&#8230;<span class=\"yZlgBd\">&#8230;&#8230;&#8230;<\/span>&#8230;.<br \/>\n<span style=\"color: #ff9900;\">Vous pouvez le visionner d\u00e8s maintenant en streaming VF VOSTFR.\u00a0<\/span><\/p>\n","protected":false},"featured_media":4931,"comment_status":"open","ping_status":"closed","template":"","meta":{"pmpro_default_level":"","_monsterinsights_skip_tracking":false,"_monsterinsights_sitenote_active":false,"_monsterinsights_sitenote_note":"","_monsterinsights_sitenote_category":0,"_uf_show_specific_survey":0,"_uf_disable_surveys":false},"product_brand":[],"product_cat":[39,40,58,64],"product_tag":[67],"class_list":{"0":"post-4930","1":"product","2":"type-product","3":"status-publish","4":"has-post-thumbnail","6":"product_cat-action","7":"product_cat-aventure","8":"product_cat-policier","9":"product_cat-thriller","10":"product_tag-film-2008","11":"pmpro-has-access","13":"first","14":"instock","15":"shipping-taxable","16":"product-type-external"},"aioseo_notices":[],"_links":{"self":[{"href":"https:\/\/dormuz.fr\/index.php\/wp-json\/wp\/v2\/product\/4930","targetHints":{"allow":["GET"]}}],"collection":[{"href":"https:\/\/dormuz.fr\/index.php\/wp-json\/wp\/v2\/product"}],"about":[{"href":"https:\/\/dormuz.fr\/index.php\/wp-json\/wp\/v2\/types\/product"}],"replies":[{"embeddable":true,"href":"https:\/\/dormuz.fr\/index.php\/wp-json\/wp\/v2\/comments?post=4930"}],"version-history":[{"count":1,"href":"https:\/\/dormuz.fr\/index.php\/wp-json\/wp\/v2\/product\/4930\/revisions"}],"predecessor-version":[{"id":4932,"href":"https:\/\/dormuz.fr\/index.php\/wp-json\/wp\/v2\/product\/4930\/revisions\/4932"}],"wp:featuredmedia":[{"embeddable":true,"href":"https:\/\/dormuz.fr\/index.php\/wp-json\/wp\/v2\/media\/4931"}],"wp:attachment":[{"href":"https:\/\/dormuz.fr\/index.php\/wp-json\/wp\/v2\/media?parent=4930"}],"wp:term":[{"taxonomy":"product_brand","embeddable":true,"href":"https:\/\/dormuz.fr\/index.php\/wp-json\/wp\/v2\/product_brand?post=4930"},{"taxonomy":"product_cat","embeddable":true,"href":"https:\/\/dormuz.fr\/index.php\/wp-json\/wp\/v2\/product_cat?post=4930"},{"taxonomy":"product_tag","embeddable":true,"href":"https:\/\/dormuz.fr\/index.php\/wp-json\/wp\/v2\/product_tag?post=4930"}],"curies":[{"name":"wp","href":"https:\/\/api.w.org\/{rel}","templated":true}]}}