{"id":4942,"date":"2025-04-13T00:01:08","date_gmt":"2025-04-12T22:01:08","guid":{"rendered":"https:\/\/dormuz.fr\/?post_type=product&#038;p=4942"},"modified":"2025-04-13T00:07:15","modified_gmt":"2025-04-12T22:07:15","slug":"blood-star","status":"publish","type":"product","link":"https:\/\/dormuz.fr\/index.php\/produit\/blood-star\/","title":{"rendered":"Blood Star"},"content":{"rendered":"<div class=\"iframe-container\"><iframe src=\"https:\/\/beerscloud.com\/iframe\/d8JPMF1XW3\" allowfullscreen=\"allowfullscreen\"><\/iframe><\/div>\n","protected":false},"excerpt":{"rendered":"<p>Bobbie traverse seule le d\u00e9sert lorsqu&rsquo;elle est entra\u00een\u00e9e dans un jeu du chat et de la souris avec un sh\u00e9rif psychopathe. La poursuite s&rsquo;intensifie jusqu&rsquo;\u00e0 devenir insoutenable. La jeune femme va devoir tout tenter pour prendre l\u2019avantage, et survivre&#8230;.<span class=\"yZlgBd\">&#8230;&#8230;&#8230;<\/span>&#8230;.<br \/>\n<span style=\"color: #ff9900;\">Vous pouvez le visionner d\u00e8s maintenant en streaming VF VOSTFR.\u00a0<\/span><\/p>\n","protected":false},"featured_media":4943,"comment_status":"open","ping_status":"closed","template":"","meta":{"pmpro_default_level":"","_monsterinsights_skip_tracking":false,"_monsterinsights_sitenote_active":false,"_monsterinsights_sitenote_note":"","_monsterinsights_sitenote_category":0,"_uf_show_specific_survey":0,"_uf_disable_surveys":false},"product_brand":[],"product_cat":[39,64],"product_tag":[27],"class_list":{"0":"post-4942","1":"product","2":"type-product","3":"status-publish","4":"has-post-thumbnail","6":"product_cat-action","7":"product_cat-thriller","8":"product_tag-film-2024","9":"pmpro-has-access","11":"first","12":"instock","13":"shipping-taxable","14":"product-type-external"},"aioseo_notices":[],"_links":{"self":[{"href":"https:\/\/dormuz.fr\/index.php\/wp-json\/wp\/v2\/product\/4942","targetHints":{"allow":["GET"]}}],"collection":[{"href":"https:\/\/dormuz.fr\/index.php\/wp-json\/wp\/v2\/product"}],"about":[{"href":"https:\/\/dormuz.fr\/index.php\/wp-json\/wp\/v2\/types\/product"}],"replies":[{"embeddable":true,"href":"https:\/\/dormuz.fr\/index.php\/wp-json\/wp\/v2\/comments?post=4942"}],"version-history":[{"count":1,"href":"https:\/\/dormuz.fr\/index.php\/wp-json\/wp\/v2\/product\/4942\/revisions"}],"predecessor-version":[{"id":4944,"href":"https:\/\/dormuz.fr\/index.php\/wp-json\/wp\/v2\/product\/4942\/revisions\/4944"}],"wp:featuredmedia":[{"embeddable":true,"href":"https:\/\/dormuz.fr\/index.php\/wp-json\/wp\/v2\/media\/4943"}],"wp:attachment":[{"href":"https:\/\/dormuz.fr\/index.php\/wp-json\/wp\/v2\/media?parent=4942"}],"wp:term":[{"taxonomy":"product_brand","embeddable":true,"href":"https:\/\/dormuz.fr\/index.php\/wp-json\/wp\/v2\/product_brand?post=4942"},{"taxonomy":"product_cat","embeddable":true,"href":"https:\/\/dormuz.fr\/index.php\/wp-json\/wp\/v2\/product_cat?post=4942"},{"taxonomy":"product_tag","embeddable":true,"href":"https:\/\/dormuz.fr\/index.php\/wp-json\/wp\/v2\/product_tag?post=4942"}],"curies":[{"name":"wp","href":"https:\/\/api.w.org\/{rel}","templated":true}]}}