{"id":4945,"date":"2025-04-13T01:42:13","date_gmt":"2025-04-12T23:42:13","guid":{"rendered":"https:\/\/dormuz.fr\/?post_type=product&#038;p=4945"},"modified":"2025-04-13T01:42:15","modified_gmt":"2025-04-12T23:42:15","slug":"novocaine","status":"publish","type":"product","link":"https:\/\/dormuz.fr\/index.php\/produit\/novocaine\/","title":{"rendered":"Novocaine"},"content":{"rendered":"<div class=\"iframe-container\"><iframe src=\"https:\/\/beerscloud.com\/iframe\/rAs9sG2rxO\" allowfullscreen=\"allowfullscreen\"><\/iframe><\/div>\n","protected":false},"excerpt":{"rendered":"<p>Lorsque la fille de ses r\u00eaves est kidnapp\u00e9e, Nate, un homme ordinaire, transforme son incapacit\u00e9 \u00e0 ressentir la douleur en une force inattendue dans son combat pour la retrouver&#8230;<span class=\"yZlgBd\">&#8230;&#8230;&#8230;<\/span>&#8230;.<br \/>\n<span style=\"color: #ff9900;\">Vous pouvez le visionner d\u00e8s maintenant en streaming VF VOSTFR.\u00a0<\/span><\/p>\n","protected":false},"featured_media":4946,"comment_status":"open","ping_status":"closed","template":"","meta":{"pmpro_default_level":"","_monsterinsights_skip_tracking":false,"_monsterinsights_sitenote_active":false,"_monsterinsights_sitenote_note":"","_monsterinsights_sitenote_category":0,"_uf_show_specific_survey":0,"_uf_disable_surveys":false},"product_brand":[],"product_cat":[39,44,64],"product_tag":[139],"class_list":{"0":"post-4945","1":"product","2":"type-product","3":"status-publish","4":"has-post-thumbnail","6":"product_cat-action","7":"product_cat-comedie","8":"product_cat-thriller","9":"product_tag-film-2025","10":"pmpro-has-access","12":"first","13":"instock","14":"shipping-taxable","15":"product-type-external"},"aioseo_notices":[],"_links":{"self":[{"href":"https:\/\/dormuz.fr\/index.php\/wp-json\/wp\/v2\/product\/4945","targetHints":{"allow":["GET"]}}],"collection":[{"href":"https:\/\/dormuz.fr\/index.php\/wp-json\/wp\/v2\/product"}],"about":[{"href":"https:\/\/dormuz.fr\/index.php\/wp-json\/wp\/v2\/types\/product"}],"replies":[{"embeddable":true,"href":"https:\/\/dormuz.fr\/index.php\/wp-json\/wp\/v2\/comments?post=4945"}],"version-history":[{"count":1,"href":"https:\/\/dormuz.fr\/index.php\/wp-json\/wp\/v2\/product\/4945\/revisions"}],"predecessor-version":[{"id":4947,"href":"https:\/\/dormuz.fr\/index.php\/wp-json\/wp\/v2\/product\/4945\/revisions\/4947"}],"wp:featuredmedia":[{"embeddable":true,"href":"https:\/\/dormuz.fr\/index.php\/wp-json\/wp\/v2\/media\/4946"}],"wp:attachment":[{"href":"https:\/\/dormuz.fr\/index.php\/wp-json\/wp\/v2\/media?parent=4945"}],"wp:term":[{"taxonomy":"product_brand","embeddable":true,"href":"https:\/\/dormuz.fr\/index.php\/wp-json\/wp\/v2\/product_brand?post=4945"},{"taxonomy":"product_cat","embeddable":true,"href":"https:\/\/dormuz.fr\/index.php\/wp-json\/wp\/v2\/product_cat?post=4945"},{"taxonomy":"product_tag","embeddable":true,"href":"https:\/\/dormuz.fr\/index.php\/wp-json\/wp\/v2\/product_tag?post=4945"}],"curies":[{"name":"wp","href":"https:\/\/api.w.org\/{rel}","templated":true}]}}