{"id":4948,"date":"2025-04-13T02:13:43","date_gmt":"2025-04-13T00:13:43","guid":{"rendered":"https:\/\/dormuz.fr\/?post_type=product&#038;p=4948"},"modified":"2025-04-13T02:13:44","modified_gmt":"2025-04-13T00:13:44","slug":"last-night-in-soho","status":"publish","type":"product","link":"https:\/\/dormuz.fr\/index.php\/produit\/last-night-in-soho\/","title":{"rendered":"Last Night in Soho"},"content":{"rendered":"<div class=\"iframe-container\"><iframe src=\"https:\/\/ovocloudy.com\/iframe\/bPUUP9piDu\" allowfullscreen=\"allowfullscreen\"><\/iframe><\/div>\n","protected":false},"excerpt":{"rendered":"<p>L\u2019histoire d\u2019une jeune femme passionn\u00e9e de mode et de design qui parvient myst\u00e9rieusement \u00e0 retourner dans les ann\u00e9es 60 o\u00f9 elle rencontre son idole, une \u00e9blouissante jeune star montante. Mais le Londres des ann\u00e9es 60 n\u2019est pas ce qu\u2019il parait, et le temps semble se d\u00e9sagr\u00e9ger entra\u00eenant de sombres r\u00e9percussions&#8230;<span class=\"yZlgBd\">&#8230;&#8230;&#8230;<\/span>&#8230;.<br \/>\n<span style=\"color: #ff9900;\">Vous pouvez le visionner d\u00e8s maintenant en streaming VF VOSTFR.\u00a0<\/span><\/p>\n","protected":false},"featured_media":4949,"comment_status":"open","ping_status":"closed","template":"","meta":{"pmpro_default_level":"","_monsterinsights_skip_tracking":false,"_monsterinsights_sitenote_active":false,"_monsterinsights_sitenote_note":"","_monsterinsights_sitenote_category":0,"_uf_show_specific_survey":0,"_uf_disable_surveys":false},"product_brand":[],"product_cat":[46,51,55,64],"product_tag":[35],"class_list":{"0":"post-4948","1":"product","2":"type-product","3":"status-publish","4":"has-post-thumbnail","6":"product_cat-drame","7":"product_cat-fantastique","8":"product_cat-horreur","9":"product_cat-thriller","10":"product_tag-film-2021","11":"pmpro-has-access","13":"first","14":"instock","15":"shipping-taxable","16":"product-type-external"},"aioseo_notices":[],"_links":{"self":[{"href":"https:\/\/dormuz.fr\/index.php\/wp-json\/wp\/v2\/product\/4948","targetHints":{"allow":["GET"]}}],"collection":[{"href":"https:\/\/dormuz.fr\/index.php\/wp-json\/wp\/v2\/product"}],"about":[{"href":"https:\/\/dormuz.fr\/index.php\/wp-json\/wp\/v2\/types\/product"}],"replies":[{"embeddable":true,"href":"https:\/\/dormuz.fr\/index.php\/wp-json\/wp\/v2\/comments?post=4948"}],"version-history":[{"count":1,"href":"https:\/\/dormuz.fr\/index.php\/wp-json\/wp\/v2\/product\/4948\/revisions"}],"predecessor-version":[{"id":4950,"href":"https:\/\/dormuz.fr\/index.php\/wp-json\/wp\/v2\/product\/4948\/revisions\/4950"}],"wp:featuredmedia":[{"embeddable":true,"href":"https:\/\/dormuz.fr\/index.php\/wp-json\/wp\/v2\/media\/4949"}],"wp:attachment":[{"href":"https:\/\/dormuz.fr\/index.php\/wp-json\/wp\/v2\/media?parent=4948"}],"wp:term":[{"taxonomy":"product_brand","embeddable":true,"href":"https:\/\/dormuz.fr\/index.php\/wp-json\/wp\/v2\/product_brand?post=4948"},{"taxonomy":"product_cat","embeddable":true,"href":"https:\/\/dormuz.fr\/index.php\/wp-json\/wp\/v2\/product_cat?post=4948"},{"taxonomy":"product_tag","embeddable":true,"href":"https:\/\/dormuz.fr\/index.php\/wp-json\/wp\/v2\/product_tag?post=4948"}],"curies":[{"name":"wp","href":"https:\/\/api.w.org\/{rel}","templated":true}]}}