{"id":4965,"date":"2025-04-15T03:20:07","date_gmt":"2025-04-15T01:20:07","guid":{"rendered":"https:\/\/dormuz.fr\/?post_type=product&#038;p=4965"},"modified":"2025-04-15T03:20:08","modified_gmt":"2025-04-15T01:20:08","slug":"holland","status":"publish","type":"product","link":"https:\/\/dormuz.fr\/index.php\/produit\/holland\/","title":{"rendered":"Holland"},"content":{"rendered":"<div class=\"iframe-container\"><iframe src=\"https:\/\/ovocloudy.com\/iframe\/IJk5ZmFN6d\" allowfullscreen=\"allowfullscreen\"><\/iframe><\/div>\n","protected":false},"excerpt":{"rendered":"<p>Nancy Vandergroot, enseignante et m\u00e8re de famille d\u00e9vou\u00e9e, m\u00e8ne une vie paisible \u00e0 Holland, Michigan, avec son mari Fred et leur fils Harry. Lorsque des doutes sur la fid\u00e9lit\u00e9 de Fred \u00e9mergent, Nancy, avec l&rsquo;aide de son coll\u00e8gue Dave, d\u00e9cide de mener sa propre enqu\u00eate. Ce qu&rsquo;elle d\u00e9couvre d\u00e9passe toutes ses craintes&#8230;&#8230;<br \/>\n<span style=\"color: #ff9900;\">Vous pouvez le visionner d\u00e8s maintenant en streaming VF VOSTFR.\u00a0<\/span><\/p>\n","protected":false},"featured_media":4966,"comment_status":"open","ping_status":"closed","template":"","meta":{"pmpro_default_level":"","_monsterinsights_skip_tracking":false,"_monsterinsights_sitenote_active":false,"_monsterinsights_sitenote_note":"","_monsterinsights_sitenote_category":0,"_uf_show_specific_survey":0,"_uf_disable_surveys":false},"product_brand":[],"product_cat":[46,64],"product_tag":[139],"class_list":{"0":"post-4965","1":"product","2":"type-product","3":"status-publish","4":"has-post-thumbnail","6":"product_cat-drame","7":"product_cat-thriller","8":"product_tag-film-2025","9":"pmpro-has-access","11":"first","12":"instock","13":"shipping-taxable","14":"product-type-external"},"aioseo_notices":[],"_links":{"self":[{"href":"https:\/\/dormuz.fr\/index.php\/wp-json\/wp\/v2\/product\/4965","targetHints":{"allow":["GET"]}}],"collection":[{"href":"https:\/\/dormuz.fr\/index.php\/wp-json\/wp\/v2\/product"}],"about":[{"href":"https:\/\/dormuz.fr\/index.php\/wp-json\/wp\/v2\/types\/product"}],"replies":[{"embeddable":true,"href":"https:\/\/dormuz.fr\/index.php\/wp-json\/wp\/v2\/comments?post=4965"}],"version-history":[{"count":1,"href":"https:\/\/dormuz.fr\/index.php\/wp-json\/wp\/v2\/product\/4965\/revisions"}],"predecessor-version":[{"id":4967,"href":"https:\/\/dormuz.fr\/index.php\/wp-json\/wp\/v2\/product\/4965\/revisions\/4967"}],"wp:featuredmedia":[{"embeddable":true,"href":"https:\/\/dormuz.fr\/index.php\/wp-json\/wp\/v2\/media\/4966"}],"wp:attachment":[{"href":"https:\/\/dormuz.fr\/index.php\/wp-json\/wp\/v2\/media?parent=4965"}],"wp:term":[{"taxonomy":"product_brand","embeddable":true,"href":"https:\/\/dormuz.fr\/index.php\/wp-json\/wp\/v2\/product_brand?post=4965"},{"taxonomy":"product_cat","embeddable":true,"href":"https:\/\/dormuz.fr\/index.php\/wp-json\/wp\/v2\/product_cat?post=4965"},{"taxonomy":"product_tag","embeddable":true,"href":"https:\/\/dormuz.fr\/index.php\/wp-json\/wp\/v2\/product_tag?post=4965"}],"curies":[{"name":"wp","href":"https:\/\/api.w.org\/{rel}","templated":true}]}}