{"id":4968,"date":"2025-04-15T14:28:26","date_gmt":"2025-04-15T12:28:26","guid":{"rendered":"https:\/\/dormuz.fr\/?post_type=product&#038;p=4968"},"modified":"2025-04-15T14:28:26","modified_gmt":"2025-04-15T12:28:26","slug":"revelations","status":"publish","type":"product","link":"https:\/\/dormuz.fr\/index.php\/produit\/revelations\/","title":{"rendered":"Revelations"},"content":{"rendered":"<div class=\"iframe-container\"><iframe src=\"https:\/\/sharecloudy.com\/iframe\/17NEomDfvr\" allowfullscreen=\"allowfullscreen\"><\/iframe><\/div>\n","protected":false},"excerpt":{"rendered":"<p>Lorsque le pasteur d&rsquo;une petite \u00e9glise d&rsquo;une ville de province croit trouver le coupable de l&rsquo;enl\u00e8vement de son fils gr\u00e2ce \u00e0 une r\u00e9v\u00e9lation divine, il se laisse consumer par son d\u00e9sir de vengeance et fera tout pour obtenir justice. Une d\u00e9tective, elle-m\u00eame hant\u00e9e par les visions de sa s\u0153ur d\u00e9c\u00e9d\u00e9e des suites d&rsquo;un crime odieux, est alors charg\u00e9e d&rsquo;enqu\u00eater sur cette affaire apr\u00e8s avoir suivi la piste du suspect. Mais elle va aussi enqu\u00eater sur le pasteur&#8230;&#8230;.<br \/>\n<span style=\"color: #ff9900;\">Vous pouvez le visionner d\u00e8s maintenant en streaming VF VOSTFR.\u00a0<\/span><\/p>\n","protected":false},"featured_media":4970,"comment_status":"open","ping_status":"closed","template":"","meta":{"pmpro_default_level":"","_monsterinsights_skip_tracking":false,"_monsterinsights_sitenote_active":false,"_monsterinsights_sitenote_note":"","_monsterinsights_sitenote_category":0,"_uf_show_specific_survey":0,"_uf_disable_surveys":false},"product_brand":[],"product_cat":[55,64],"product_tag":[139],"class_list":{"0":"post-4968","1":"product","2":"type-product","3":"status-publish","4":"has-post-thumbnail","6":"product_cat-horreur","7":"product_cat-thriller","8":"product_tag-film-2025","9":"pmpro-has-access","11":"first","12":"instock","13":"shipping-taxable","14":"product-type-external"},"aioseo_notices":[],"_links":{"self":[{"href":"https:\/\/dormuz.fr\/index.php\/wp-json\/wp\/v2\/product\/4968","targetHints":{"allow":["GET"]}}],"collection":[{"href":"https:\/\/dormuz.fr\/index.php\/wp-json\/wp\/v2\/product"}],"about":[{"href":"https:\/\/dormuz.fr\/index.php\/wp-json\/wp\/v2\/types\/product"}],"replies":[{"embeddable":true,"href":"https:\/\/dormuz.fr\/index.php\/wp-json\/wp\/v2\/comments?post=4968"}],"version-history":[{"count":1,"href":"https:\/\/dormuz.fr\/index.php\/wp-json\/wp\/v2\/product\/4968\/revisions"}],"predecessor-version":[{"id":4971,"href":"https:\/\/dormuz.fr\/index.php\/wp-json\/wp\/v2\/product\/4968\/revisions\/4971"}],"wp:featuredmedia":[{"embeddable":true,"href":"https:\/\/dormuz.fr\/index.php\/wp-json\/wp\/v2\/media\/4970"}],"wp:attachment":[{"href":"https:\/\/dormuz.fr\/index.php\/wp-json\/wp\/v2\/media?parent=4968"}],"wp:term":[{"taxonomy":"product_brand","embeddable":true,"href":"https:\/\/dormuz.fr\/index.php\/wp-json\/wp\/v2\/product_brand?post=4968"},{"taxonomy":"product_cat","embeddable":true,"href":"https:\/\/dormuz.fr\/index.php\/wp-json\/wp\/v2\/product_cat?post=4968"},{"taxonomy":"product_tag","embeddable":true,"href":"https:\/\/dormuz.fr\/index.php\/wp-json\/wp\/v2\/product_tag?post=4968"}],"curies":[{"name":"wp","href":"https:\/\/api.w.org\/{rel}","templated":true}]}}