{"id":4972,"date":"2025-04-15T14:47:38","date_gmt":"2025-04-15T12:47:38","guid":{"rendered":"https:\/\/dormuz.fr\/?post_type=product&#038;p=4972"},"modified":"2025-04-15T14:47:38","modified_gmt":"2025-04-15T12:47:38","slug":"high-ground","status":"publish","type":"product","link":"https:\/\/dormuz.fr\/index.php\/produit\/high-ground\/","title":{"rendered":"High Ground"},"content":{"rendered":"<div class=\"iframe-container\"><iframe src=\"https:\/\/cloudmatoc.com\/iframe\/FGytdQRoFG\" allowfullscreen=\"allowfullscreen\"><\/iframe><\/div>\n","protected":false},"excerpt":{"rendered":"<p>Apr\u00e8s l&rsquo;arriv\u00e9e d&rsquo;un myst\u00e9rieux prisonnier dans sa prison, le sh\u00e9rif d&rsquo;une ville frontali\u00e8re doit faire face \u00e0 la col\u00e8re d&rsquo;un cartel violent&#8230;&#8230;<br \/>\n<span style=\"color: #ff9900;\">Vous pouvez le visionner d\u00e8s maintenant en streaming VF VOSTFR.\u00a0<\/span><\/p>\n","protected":false},"featured_media":4973,"comment_status":"open","ping_status":"closed","template":"","meta":{"pmpro_default_level":"","_monsterinsights_skip_tracking":false,"_monsterinsights_sitenote_active":false,"_monsterinsights_sitenote_note":"","_monsterinsights_sitenote_category":0,"_uf_show_specific_survey":0,"_uf_disable_surveys":false},"product_brand":[],"product_cat":[39,45,64,65],"product_tag":[139],"class_list":{"0":"post-4972","1":"product","2":"type-product","3":"status-publish","4":"has-post-thumbnail","6":"product_cat-action","7":"product_cat-crime","8":"product_cat-thriller","9":"product_cat-western","10":"product_tag-film-2025","11":"pmpro-has-access","13":"first","14":"instock","15":"shipping-taxable","16":"product-type-external"},"aioseo_notices":[],"_links":{"self":[{"href":"https:\/\/dormuz.fr\/index.php\/wp-json\/wp\/v2\/product\/4972","targetHints":{"allow":["GET"]}}],"collection":[{"href":"https:\/\/dormuz.fr\/index.php\/wp-json\/wp\/v2\/product"}],"about":[{"href":"https:\/\/dormuz.fr\/index.php\/wp-json\/wp\/v2\/types\/product"}],"replies":[{"embeddable":true,"href":"https:\/\/dormuz.fr\/index.php\/wp-json\/wp\/v2\/comments?post=4972"}],"version-history":[{"count":1,"href":"https:\/\/dormuz.fr\/index.php\/wp-json\/wp\/v2\/product\/4972\/revisions"}],"predecessor-version":[{"id":4974,"href":"https:\/\/dormuz.fr\/index.php\/wp-json\/wp\/v2\/product\/4972\/revisions\/4974"}],"wp:featuredmedia":[{"embeddable":true,"href":"https:\/\/dormuz.fr\/index.php\/wp-json\/wp\/v2\/media\/4973"}],"wp:attachment":[{"href":"https:\/\/dormuz.fr\/index.php\/wp-json\/wp\/v2\/media?parent=4972"}],"wp:term":[{"taxonomy":"product_brand","embeddable":true,"href":"https:\/\/dormuz.fr\/index.php\/wp-json\/wp\/v2\/product_brand?post=4972"},{"taxonomy":"product_cat","embeddable":true,"href":"https:\/\/dormuz.fr\/index.php\/wp-json\/wp\/v2\/product_cat?post=4972"},{"taxonomy":"product_tag","embeddable":true,"href":"https:\/\/dormuz.fr\/index.php\/wp-json\/wp\/v2\/product_tag?post=4972"}],"curies":[{"name":"wp","href":"https:\/\/api.w.org\/{rel}","templated":true}]}}