{"id":4975,"date":"2025-04-18T23:37:41","date_gmt":"2025-04-18T21:37:41","guid":{"rendered":"https:\/\/dormuz.fr\/?post_type=product&#038;p=4975"},"modified":"2025-04-18T23:37:41","modified_gmt":"2025-04-18T21:37:41","slug":"paulette","status":"publish","type":"product","link":"https:\/\/dormuz.fr\/index.php\/produit\/paulette\/","title":{"rendered":"Paulette"},"content":{"rendered":"<div id=\"wpfp_515576ef9600bcec288420a8c458c8e5\" data-item=\"{&quot;sources&quot;:[{&quot;src&quot;:&quot;https:\\\/\\\/d1yei2z3i6k35z.cloudfront.net\\\/4639540\\\/6802c59568d69_PauletteVF2012.MP4&quot;,&quot;type&quot;:&quot;video\\\/mp4&quot;}],&quot;id&quot;:&quot;16&quot;,&quot;fv_title&quot;:&quot;Paulette&quot;,&quot;splash&quot;:&quot;https:\\\/\\\/media.senscritique.com\\\/media\\\/000012546635\\\/0\\\/paulette.jpg&quot;}\" class=\"flowplayer no-brand is-splash is-paused skin-custom no-svg  fp-playful has-caption\" data-fvsticky=\"true\" data-fv-embed=\"https:\/\/dormuz.fr\/index.php\/produit\/paulette\/fvp-16\/\" style=\"position:relative; max-width: 100%; max-height: 60%; \" data-ratio=\"0.5625\" data-popup=\"{&quot;html&quot;:&quot;\\u003Cdiv class=\\u0022fv_player_popup fv_player_popup-1 wpfp_custom_popup_content\\u0022\\u003E\\u003Chtml lang=\\u0022fr\\u0022\\u003E\\r\\n\\u003Chead\\u003E\\r\\n    \\u003Cmeta charset=\\u0022UTF-8\\u0022\\u003E\\r\\n    \\u003Cmeta name=\\u0022viewport\\u0022 content=\\u0022width=device-width, initial-scale=1.0\\u0022\\u003E\\r\\n    \\u003Ctitle\\u003EPublicit\\u00e9 en boucle\\u003C\\\/title\\u003E\\r\\n    \\u003Clink rel=\\u0022stylesheet\\u0022 href=\\u0022styles.css\\u0022\\u003E\\r\\n    \\r\\n    \\u003Cstyle\\u003E\\r\\n    \\r\\n\\r\\n.ads-container {\\r\\n    width: 100%;\\r\\n    height: 600px;\\r\\n    margin-left:100px;\\r\\n    overflow: hidden;\\r\\n    position: relative;\\r\\n}\\r\\n\\r\\n.ad {\\r\\n    position: absolute;\\r\\n    top: 0;\\r\\n    left: -50px;\\r\\n    width: 100%;\\r\\n    height: 100%;\\r\\n    opacity: 1;\\r\\n    transition: opacity 1s ease-in-out;\\r\\n    display:none;\\r\\n    \\r\\n}\\r\\n\\r\\n.ad img {\\r\\n    width: 100%;\\r\\n    height: 100%;\\r\\n    object-fit: contain;\\r\\n}\\r\\n\\r\\n\\r\\n    \\u003C\\\/style\\u003E\\r\\n\\u003C\\\/head\\u003E\\r\\n\\r\\n\\u003Cbody\\u003E\\r\\n    \\r\\n   \\u003Cdiv class=\\u0022ads-container\\u0022\\u003E\\r\\n        \\u003Cdiv class=\\u0022ad\\u0022 id=\\u0022ad1\\u0022\\u003E\\r\\n          \\u003Ca href=\\u0022https:\\\/\\\/www.widilo.fr\\\/l\\\/sosh\\\/LLS9q8-bL2ehqnE\\u0022 target=\\u0022_blank\\u0022 \\u003E \\u003Cimg src=\\u0022https:\\\/\\\/d1yei2z3i6k35z.cloudfront.net\\\/4683661\\\/66ee86a06c9c7_Forfaitmobile-lapromoSosh50Go10moisvaut-ellelecoupboxeetinternetillimitmoinscherdumoment.jpeg\\u0022 alt=\\u0022Publicit\\u00e9 1\\u0022 \\u003E \\u003C\\\/a\\u003E\\r\\n        \\u003C\\\/div\\u003E\\r\\n        \\r\\n        \\u003Cdiv class=\\u0022ad\\u0022 id=\\u0022ad2\\u0022\\u003E\\r\\n           \\u003Ca href=\\u0022https:\\\/\\\/www.widilo.fr\\\/l\\\/totalenergies\\\/4Lr159-Qk3YGYQZ\\u0022 target=\\u0022_blank\\u0022 rel=\\u0022nofollow\\u0022\\u003E \\u003Cimg src=\\u0022https:\\\/\\\/d1yei2z3i6k35z.cloudfront.net\\\/4683661\\\/66ee96987b339_Commentchangerdefournisseurdnergie-LesnergiesRenouvelablesmoinschercheztotalEnergie.png\\u0022 alt=\\u0022Publicit\\u00e9 2\\u0022\\u003E\\u003C\\\/a\\u003E\\r\\n        \\u003C\\\/div\\u003E\\r\\n        \\u003Cdiv class=\\u0022ad\\u0022 id=\\u0022ad3\\u0022\\u003E\\r\\n           \\u003Ca href=\\u0022https:\\\/\\\/www.widilo.fr\\\/i\\\/YONF57\\u0022 \\u003E \\u003Cimg src=\\u0022https:\\\/\\\/www.o2feel.com\\\/wp-content\\\/uploads\\\/2023\\\/08\\\/Cashback-offre-FR-600x900-1.jpg\\u0022 alt=\\u0022Publicit\\u00e9 3\\u0022\\u003E\\u003C\\\/a\\u003E\\r\\n        \\u003C\\\/div\\u003E\\r\\n       \\r\\n     \\r\\n    \\u003C\\\/div\\u003E\\r\\n    \\r\\n  \\r\\n    \\u003Cscript\\u003E\\r\\n      \\r\\n      const ads = document.querySelectorAll(\\u0027.ad\\u0027);\\r\\n      \\r\\n      \\r\\nlet currentAd = 0;\\r\\n\\r\\n\\r\\nfunction showNextAd() {\\r\\n    ads[currentAd].style.display = \\u0027none\\u0027; \\\/\\\/ Masquer la publicit\\u00e9 actuelle\\r\\n    currentAd = (currentAd + 1) % ads.length; \\\/\\\/ Passer \\u00e0 la publicit\\u00e9 suivante\\r\\n    ads[currentAd].style.display = \\u0027block\\u0027; \\\/\\\/ Afficher la nouvelle publicit\\u00e9\\r\\n\\r\\n\\r\\n\\\/\\\/ Afficher la premi\\u00e8re publicit\\u00e9\\r\\nads[currentAd].style.display = \\u0027block\\u0027;\\r\\n\\r\\n\\\/\\\/ Changer la publicit\\u00e9 toutes les 10 secondes\\r\\n setTimeout(showNextAd, 2000);\\r\\n}\\r\\n\\r\\n \\\/\\\/ D\\u00e9marrer la boucle\\r\\nshowNextAd();\\r\\n     \\r\\n    \\u003C\\\/script\\u003E\\r\\n\\u003C\\\/body\\u003E\\r\\n\\u003C\\\/html\\u003E\\r\\n\\u003C\\\/div\\u003E&quot;,&quot;pause&quot;:&quot;1&quot;}\" data-player-id=\"16\" data-fv_stats_data=\"{&quot;player_id&quot;:&quot;16&quot;,&quot;post_id&quot;:4975}\">\n\t<div class=\"fp-ratio\" style=\"padding-top: 56.25%\"><\/div>\n\t<img decoding=\"async\" class=\"fp-splash\" alt=\"Paulette\" src=\"https:\/\/media.senscritique.com\/media\/000012546635\/0\/paulette.jpg\" style=\"position:absolute;top:0;width:100%\" \/>\n\t<div class=\"fp-ui\"><noscript>Please enable JavaScript<\/noscript><div class=\"fp-play fp-visible\"><svg class=\"fp-play-rounded-fill\" xmlns=\"http:\/\/www.w3.org\/2000\/svg\" viewBox=\"0 0 100 100\"><defs><style>.a{fill:#000;opacity:0.65;}.b{fill:#fff;opacity:1.0;}<\/style><\/defs><title>play-rounded-fill<\/title><path class=\"fp-color-play\" d=\"M49.9217-.078a50,50,0,1,0,50,50A50.0564,50.0564,0,0,0,49.9217-.078Z\"\/><path class=\"b\" d=\"M35.942,35.2323c0-4.7289,3.3506-6.6637,7.446-4.2971L68.83,45.6235c4.0956,2.364,4.0956,6.2319,0,8.5977L43.388,68.91c-4.0954,2.364-7.446.43-7.446-4.2979Z\" filter=\"url(#f1)\"\/><\/svg><\/div><div class=\"fp-preload\"><b><\/b><b><\/b><b><\/b><b><\/b><\/div><\/div>\n<div class='fvp-share-bar'><ul class=\"fvp-sharing\">\r\n    <li><a class=\"sharing-facebook\" href=\"https:\/\/www.facebook.com\/sharer\/sharer.php?u=https%3A%2F%2Fdormuz.fr%2Findex.php%2Fproduit%2Fpaulette%2F\" target=\"_blank\"><\/a><\/li>\r\n    <li><a class=\"sharing-twitter\" href=\"https:\/\/twitter.com\/intent\/tweet?text=Dormuz+Movies+&url=https%3A%2F%2Fdormuz.fr%2Findex.php%2Fproduit%2Fpaulette%2F\" target=\"_blank\"><\/a><\/li>\r\n    <li><a class=\"sharing-email\" href=\"mailto:?body=Check%20out%20the%20amazing%20video%20here%3A%20https%3A%2F%2Fdormuz.fr%2Findex.php%2Fproduit%2Fpaulette%2F\" target=\"_blank\"><\/a><\/li><\/ul><div><a class=\"sharing-link\" href=\"https:\/\/dormuz.fr\/index.php\/produit\/paulette\/\" target=\"_blank\">Link<\/a><\/div><div><label><a class=\"embed-code-toggle\" href=\"#\"><strong>Embed<\/strong><\/a><\/label><\/div><div class=\"embed-code\"><label>Copy and paste this HTML code into your webpage to embed.<\/label><textarea><\/textarea><\/div><\/div>\n<\/div>\n<p class='fp-caption'>Paulette<\/p>\n","protected":false},"excerpt":{"rendered":"<p>Paulette vit seule dans une cit\u00e9 HLM de la banlieue parisienne. Avec sa maigre retraite, elle n\u2019arrive plus \u00e0 joindre les deux bouts. Lorsqu\u2019un soir elle assiste \u00e0 un curieux trafic en bas de son immeuble, Paulette y voit le signe du destin. Elle d\u00e9cide de se lancer dans la vente de cannabis. Apr\u00e8s tout, pourquoi pas elle ? Paulette \u00e9tait p\u00e2tissi\u00e8re autrefois.\u00a0&#8230;<br \/>\n<span style=\"color: #ff9900;\">Vous pouvez le visionner d\u00e8s maintenant en streaming VF VOSTFR.\u00a0<\/span><\/p>\n","protected":false},"featured_media":4976,"comment_status":"open","ping_status":"closed","template":"","meta":{"pmpro_default_level":"","_monsterinsights_skip_tracking":false,"_monsterinsights_sitenote_active":false,"_monsterinsights_sitenote_note":"","_monsterinsights_sitenote_category":0,"_uf_show_specific_survey":0,"_uf_disable_surveys":false},"product_brand":[],"product_cat":[44,45,46],"product_tag":[36],"class_list":{"0":"post-4975","1":"product","2":"type-product","3":"status-publish","4":"has-post-thumbnail","6":"product_cat-comedie","7":"product_cat-crime","8":"product_cat-drame","9":"product_tag-film-2012","10":"pmpro-has-access","12":"first","13":"instock","14":"shipping-taxable","15":"product-type-external"},"aioseo_notices":[],"_links":{"self":[{"href":"https:\/\/dormuz.fr\/index.php\/wp-json\/wp\/v2\/product\/4975","targetHints":{"allow":["GET"]}}],"collection":[{"href":"https:\/\/dormuz.fr\/index.php\/wp-json\/wp\/v2\/product"}],"about":[{"href":"https:\/\/dormuz.fr\/index.php\/wp-json\/wp\/v2\/types\/product"}],"replies":[{"embeddable":true,"href":"https:\/\/dormuz.fr\/index.php\/wp-json\/wp\/v2\/comments?post=4975"}],"version-history":[{"count":1,"href":"https:\/\/dormuz.fr\/index.php\/wp-json\/wp\/v2\/product\/4975\/revisions"}],"predecessor-version":[{"id":4977,"href":"https:\/\/dormuz.fr\/index.php\/wp-json\/wp\/v2\/product\/4975\/revisions\/4977"}],"wp:featuredmedia":[{"embeddable":true,"href":"https:\/\/dormuz.fr\/index.php\/wp-json\/wp\/v2\/media\/4976"}],"wp:attachment":[{"href":"https:\/\/dormuz.fr\/index.php\/wp-json\/wp\/v2\/media?parent=4975"}],"wp:term":[{"taxonomy":"product_brand","embeddable":true,"href":"https:\/\/dormuz.fr\/index.php\/wp-json\/wp\/v2\/product_brand?post=4975"},{"taxonomy":"product_cat","embeddable":true,"href":"https:\/\/dormuz.fr\/index.php\/wp-json\/wp\/v2\/product_cat?post=4975"},{"taxonomy":"product_tag","embeddable":true,"href":"https:\/\/dormuz.fr\/index.php\/wp-json\/wp\/v2\/product_tag?post=4975"}],"curies":[{"name":"wp","href":"https:\/\/api.w.org\/{rel}","templated":true}]}}