{"id":4981,"date":"2025-04-19T14:01:15","date_gmt":"2025-04-19T12:01:15","guid":{"rendered":"https:\/\/dormuz.fr\/?post_type=product&#038;p=4981"},"modified":"2025-08-27T13:42:53","modified_gmt":"2025-08-27T11:42:53","slug":"limonov-la-ballade","status":"publish","type":"product","link":"https:\/\/dormuz.fr\/index.php\/produit\/limonov-la-ballade\/","title":{"rendered":"Limonov, la ballade"},"content":{"rendered":"<div class=\"video-container\">\n    <iframe id=\"videoFrame\" src=\"https:\/\/sharecloudy.com\/iframe\/iGNtyKilAy\" frameborder=\"0\" allowfullscreen loading=\"lazy\" referrerpolicy=\"no-referrer\"><\/iframe>\n<\/div>\n","protected":false},"excerpt":{"rendered":"<p>Tout \u00e0 la fois militant, r\u00e9volutionnaire, dandy, voyou, majordome ou sans abri, il fut un po\u00e8te enrag\u00e9 et belliqueux, un agitateur politique et le romancier de sa propre grandeur. La vie d&rsquo;Edouard Limonov, comme une train\u00e9e de soufre, est un voyage \u00e0 travers les rues agit\u00e9es de Moscou et les gratte-ciels de New-York, des ruelles de Paris au c\u0153ur des ge\u00f4les de Sib\u00e9rie pendant la seconde moiti\u00e9 du XXe si\u00e8cle&#8230;..<br \/>\n<span style=\"color: #ff9900;\">Vous pouvez le visionner d\u00e8s maintenant en streaming VF VOSTFR.\u00a0<\/span><\/p>\n","protected":false},"featured_media":4982,"comment_status":"open","ping_status":"closed","template":"","meta":{"pmpro_default_level":"","_monsterinsights_skip_tracking":false,"_monsterinsights_sitenote_active":false,"_monsterinsights_sitenote_note":"","_monsterinsights_sitenote_category":0,"_uf_show_specific_survey":0,"_uf_disable_surveys":false},"product_brand":[],"product_cat":[43,46,54],"product_tag":[27],"class_list":{"0":"post-4981","1":"product","2":"type-product","3":"status-publish","4":"has-post-thumbnail","6":"product_cat-biographie","7":"product_cat-drame","8":"product_cat-histoire","9":"product_tag-film-2024","10":"pmpro-has-access","12":"first","13":"instock","14":"shipping-taxable","15":"product-type-external"},"aioseo_notices":[],"_links":{"self":[{"href":"https:\/\/dormuz.fr\/index.php\/wp-json\/wp\/v2\/product\/4981","targetHints":{"allow":["GET"]}}],"collection":[{"href":"https:\/\/dormuz.fr\/index.php\/wp-json\/wp\/v2\/product"}],"about":[{"href":"https:\/\/dormuz.fr\/index.php\/wp-json\/wp\/v2\/types\/product"}],"replies":[{"embeddable":true,"href":"https:\/\/dormuz.fr\/index.php\/wp-json\/wp\/v2\/comments?post=4981"}],"version-history":[{"count":3,"href":"https:\/\/dormuz.fr\/index.php\/wp-json\/wp\/v2\/product\/4981\/revisions"}],"predecessor-version":[{"id":5094,"href":"https:\/\/dormuz.fr\/index.php\/wp-json\/wp\/v2\/product\/4981\/revisions\/5094"}],"wp:featuredmedia":[{"embeddable":true,"href":"https:\/\/dormuz.fr\/index.php\/wp-json\/wp\/v2\/media\/4982"}],"wp:attachment":[{"href":"https:\/\/dormuz.fr\/index.php\/wp-json\/wp\/v2\/media?parent=4981"}],"wp:term":[{"taxonomy":"product_brand","embeddable":true,"href":"https:\/\/dormuz.fr\/index.php\/wp-json\/wp\/v2\/product_brand?post=4981"},{"taxonomy":"product_cat","embeddable":true,"href":"https:\/\/dormuz.fr\/index.php\/wp-json\/wp\/v2\/product_cat?post=4981"},{"taxonomy":"product_tag","embeddable":true,"href":"https:\/\/dormuz.fr\/index.php\/wp-json\/wp\/v2\/product_tag?post=4981"}],"curies":[{"name":"wp","href":"https:\/\/api.w.org\/{rel}","templated":true}]}}