{"id":4984,"date":"2025-04-19T14:31:14","date_gmt":"2025-04-19T12:31:14","guid":{"rendered":"https:\/\/dormuz.fr\/?post_type=product&#038;p=4984"},"modified":"2025-08-27T13:42:29","modified_gmt":"2025-08-27T11:42:29","slug":"les-suffragettes","status":"publish","type":"product","link":"https:\/\/dormuz.fr\/index.php\/produit\/les-suffragettes\/","title":{"rendered":"Les Suffragettes"},"content":{"rendered":"<div class=\"video-container\">\n    <iframe id=\"videoFrame\" src=\"https:\/\/ovocloudy.com\/iframe\/TbKNt5PpVg\" frameborder=\"0\" allowfullscreen loading=\"lazy\" referrerpolicy=\"no-referrer\"><\/iframe>\n<\/div>\n","protected":false},"excerpt":{"rendered":"<p>Au d\u00e9but du si\u00e8cle dernier, en Angleterre, des femmes de toutes conditions d\u00e9cident de se battre pour obtenir le droit de vote. Face \u00e0 leurs revendications, les r\u00e9actions du gouvernement sont de plus en plus brutales et les obligent \u00e0 entrer dans la clandestinit\u00e9 pour une lutte de plus en plus radicale. Puisque les manifestations pacifiques n\u2019ont rien donn\u00e9, celles que l\u2019on appelle les suffragettes finissent par avoir recours \u00e0 la violence pour se faire entendre. Dans ce combat pour l\u2019\u00e9galit\u00e9, elles sont pr\u00eates \u00e0 tout risquer: leur travail, leur maison, leurs enfants, et m\u00eame leur vie&#8230;..<br \/>\n<span style=\"color: #ff9900;\">Vous pouvez le visionner d\u00e8s maintenant en streaming VF VOSTFR.\u00a0<\/span><\/p>\n","protected":false},"featured_media":4985,"comment_status":"open","ping_status":"closed","template":"","meta":{"pmpro_default_level":"","_monsterinsights_skip_tracking":false,"_monsterinsights_sitenote_active":false,"_monsterinsights_sitenote_note":"","_monsterinsights_sitenote_category":0,"_uf_show_specific_survey":0,"_uf_disable_surveys":false},"product_brand":[],"product_cat":[46,54],"product_tag":[73],"class_list":{"0":"post-4984","1":"product","2":"type-product","3":"status-publish","4":"has-post-thumbnail","6":"product_cat-drame","7":"product_cat-histoire","8":"product_tag-film-2015","9":"pmpro-has-access","11":"first","12":"instock","13":"shipping-taxable","14":"product-type-external"},"aioseo_notices":[],"_links":{"self":[{"href":"https:\/\/dormuz.fr\/index.php\/wp-json\/wp\/v2\/product\/4984","targetHints":{"allow":["GET"]}}],"collection":[{"href":"https:\/\/dormuz.fr\/index.php\/wp-json\/wp\/v2\/product"}],"about":[{"href":"https:\/\/dormuz.fr\/index.php\/wp-json\/wp\/v2\/types\/product"}],"replies":[{"embeddable":true,"href":"https:\/\/dormuz.fr\/index.php\/wp-json\/wp\/v2\/comments?post=4984"}],"version-history":[{"count":3,"href":"https:\/\/dormuz.fr\/index.php\/wp-json\/wp\/v2\/product\/4984\/revisions"}],"predecessor-version":[{"id":5092,"href":"https:\/\/dormuz.fr\/index.php\/wp-json\/wp\/v2\/product\/4984\/revisions\/5092"}],"wp:featuredmedia":[{"embeddable":true,"href":"https:\/\/dormuz.fr\/index.php\/wp-json\/wp\/v2\/media\/4985"}],"wp:attachment":[{"href":"https:\/\/dormuz.fr\/index.php\/wp-json\/wp\/v2\/media?parent=4984"}],"wp:term":[{"taxonomy":"product_brand","embeddable":true,"href":"https:\/\/dormuz.fr\/index.php\/wp-json\/wp\/v2\/product_brand?post=4984"},{"taxonomy":"product_cat","embeddable":true,"href":"https:\/\/dormuz.fr\/index.php\/wp-json\/wp\/v2\/product_cat?post=4984"},{"taxonomy":"product_tag","embeddable":true,"href":"https:\/\/dormuz.fr\/index.php\/wp-json\/wp\/v2\/product_tag?post=4984"}],"curies":[{"name":"wp","href":"https:\/\/api.w.org\/{rel}","templated":true}]}}