{"id":4987,"date":"2025-04-19T14:44:22","date_gmt":"2025-04-19T12:44:22","guid":{"rendered":"https:\/\/dormuz.fr\/?post_type=product&#038;p=4987"},"modified":"2025-08-27T13:41:58","modified_gmt":"2025-08-27T11:41:58","slug":"easy-money-le-dernier-souffle","status":"publish","type":"product","link":"https:\/\/dormuz.fr\/index.php\/produit\/easy-money-le-dernier-souffle\/","title":{"rendered":"Easy Money : Le dernier souffle"},"content":{"rendered":"<div class=\"video-container\">\n    <iframe id=\"videoFrame\" src=\"https:\/\/ovocloudy.com\/iframe\/aJtQrL6cNZ\" frameborder=\"0\" allowfullscreen loading=\"lazy\" referrerpolicy=\"no-referrer\"><\/iframe>\n<\/div>\n","protected":false},"excerpt":{"rendered":"<p>Au c\u0153ur de la mafia su\u00e9doise, 4 vies, 4 destins vont se dessiner. Un fr\u00e8re prend tous les risques pour retrouver sa s\u0153ur disparue. Un criminel essaie de r\u00e9aliser le plus grand vol de sa carri\u00e8re. Un policier infiltre la mafia. Et une fille venge son p\u00e8re, baron de la drogue, qui voit son empire menac\u00e9. Tous vont tomber dans les m\u00e9andres de la haine et de la violence, et se perdre dans Stockholm la noire&#8230;.<br \/>\n<span style=\"color: #ff9900;\">Vous pouvez le visionner d\u00e8s maintenant en streaming VF VOSTFR.\u00a0<\/span><\/p>\n","protected":false},"featured_media":4988,"comment_status":"open","ping_status":"closed","template":"","meta":{"pmpro_default_level":"","_monsterinsights_skip_tracking":false,"_monsterinsights_sitenote_active":false,"_monsterinsights_sitenote_note":"","_monsterinsights_sitenote_category":0,"_uf_show_specific_survey":0,"_uf_disable_surveys":false},"product_brand":[],"product_cat":[39,45,46,58,64],"product_tag":[30],"class_list":{"0":"post-4987","1":"product","2":"type-product","3":"status-publish","4":"has-post-thumbnail","6":"product_cat-action","7":"product_cat-crime","8":"product_cat-drame","9":"product_cat-policier","10":"product_cat-thriller","11":"product_tag-film-2013","12":"pmpro-has-access","14":"first","15":"instock","16":"shipping-taxable","17":"product-type-external"},"aioseo_notices":[],"_links":{"self":[{"href":"https:\/\/dormuz.fr\/index.php\/wp-json\/wp\/v2\/product\/4987","targetHints":{"allow":["GET"]}}],"collection":[{"href":"https:\/\/dormuz.fr\/index.php\/wp-json\/wp\/v2\/product"}],"about":[{"href":"https:\/\/dormuz.fr\/index.php\/wp-json\/wp\/v2\/types\/product"}],"replies":[{"embeddable":true,"href":"https:\/\/dormuz.fr\/index.php\/wp-json\/wp\/v2\/comments?post=4987"}],"version-history":[{"count":3,"href":"https:\/\/dormuz.fr\/index.php\/wp-json\/wp\/v2\/product\/4987\/revisions"}],"predecessor-version":[{"id":5090,"href":"https:\/\/dormuz.fr\/index.php\/wp-json\/wp\/v2\/product\/4987\/revisions\/5090"}],"wp:featuredmedia":[{"embeddable":true,"href":"https:\/\/dormuz.fr\/index.php\/wp-json\/wp\/v2\/media\/4988"}],"wp:attachment":[{"href":"https:\/\/dormuz.fr\/index.php\/wp-json\/wp\/v2\/media?parent=4987"}],"wp:term":[{"taxonomy":"product_brand","embeddable":true,"href":"https:\/\/dormuz.fr\/index.php\/wp-json\/wp\/v2\/product_brand?post=4987"},{"taxonomy":"product_cat","embeddable":true,"href":"https:\/\/dormuz.fr\/index.php\/wp-json\/wp\/v2\/product_cat?post=4987"},{"taxonomy":"product_tag","embeddable":true,"href":"https:\/\/dormuz.fr\/index.php\/wp-json\/wp\/v2\/product_tag?post=4987"}],"curies":[{"name":"wp","href":"https:\/\/api.w.org\/{rel}","templated":true}]}}