{"id":4990,"date":"2025-04-21T04:02:49","date_gmt":"2025-04-21T02:02:49","guid":{"rendered":"https:\/\/dormuz.fr\/?post_type=product&#038;p=4990"},"modified":"2025-08-27T13:41:40","modified_gmt":"2025-08-27T11:41:40","slug":"speed-driver","status":"publish","type":"product","link":"https:\/\/dormuz.fr\/index.php\/produit\/speed-driver\/","title":{"rendered":"Speed Driver"},"content":{"rendered":"<div class=\"video-container\">\n    <iframe id=\"videoFrame\" src=\"https:\/\/beerscloud.com\/iframe\/vmm10v6mz\" frameborder=\"0\" allowfullscreen loading=\"lazy\" referrerpolicy=\"no-referrer\"><\/iframe>\n<\/div>\n","protected":false},"excerpt":{"rendered":"<p>Eun-ha est une livreuse d\u2019un autre genre. \u00ab\u00a0Tout ce que les services postaux ne peuvent pas prendre en charge\u00a0\u00bb, elle l\u2019am\u00e8ne \u00e0 bon port, au volant de voitures pimp\u00e9es par un m\u00e9cano de g\u00e9nie. Mais le jour o\u00f9 cette pilote experte doit conduire le fils d\u2019un sportif corrompu, elle doit prot\u00e9ger son jeune passager des assauts du crime organis\u00e9&#8230;&#8230;<br \/>\n<span style=\"color: #ff9900;\">Vous pouvez le visionner d\u00e8s maintenant en streaming VF VOSTFR.\u00a0<\/span><\/p>\n","protected":false},"featured_media":4991,"comment_status":"open","ping_status":"closed","template":"","meta":{"pmpro_default_level":"","_monsterinsights_skip_tracking":false,"_monsterinsights_sitenote_active":false,"_monsterinsights_sitenote_note":"","_monsterinsights_sitenote_category":0,"_uf_show_specific_survey":0,"_uf_disable_surveys":false},"product_brand":[],"product_cat":[39,64],"product_tag":[71],"class_list":{"0":"post-4990","1":"product","2":"type-product","3":"status-publish","4":"has-post-thumbnail","6":"product_cat-action","7":"product_cat-thriller","8":"product_tag-film-2023","9":"pmpro-has-access","11":"first","12":"instock","13":"shipping-taxable","14":"product-type-external"},"aioseo_notices":[],"_links":{"self":[{"href":"https:\/\/dormuz.fr\/index.php\/wp-json\/wp\/v2\/product\/4990","targetHints":{"allow":["GET"]}}],"collection":[{"href":"https:\/\/dormuz.fr\/index.php\/wp-json\/wp\/v2\/product"}],"about":[{"href":"https:\/\/dormuz.fr\/index.php\/wp-json\/wp\/v2\/types\/product"}],"replies":[{"embeddable":true,"href":"https:\/\/dormuz.fr\/index.php\/wp-json\/wp\/v2\/comments?post=4990"}],"version-history":[{"count":3,"href":"https:\/\/dormuz.fr\/index.php\/wp-json\/wp\/v2\/product\/4990\/revisions"}],"predecessor-version":[{"id":5088,"href":"https:\/\/dormuz.fr\/index.php\/wp-json\/wp\/v2\/product\/4990\/revisions\/5088"}],"wp:featuredmedia":[{"embeddable":true,"href":"https:\/\/dormuz.fr\/index.php\/wp-json\/wp\/v2\/media\/4991"}],"wp:attachment":[{"href":"https:\/\/dormuz.fr\/index.php\/wp-json\/wp\/v2\/media?parent=4990"}],"wp:term":[{"taxonomy":"product_brand","embeddable":true,"href":"https:\/\/dormuz.fr\/index.php\/wp-json\/wp\/v2\/product_brand?post=4990"},{"taxonomy":"product_cat","embeddable":true,"href":"https:\/\/dormuz.fr\/index.php\/wp-json\/wp\/v2\/product_cat?post=4990"},{"taxonomy":"product_tag","embeddable":true,"href":"https:\/\/dormuz.fr\/index.php\/wp-json\/wp\/v2\/product_tag?post=4990"}],"curies":[{"name":"wp","href":"https:\/\/api.w.org\/{rel}","templated":true}]}}