{"id":5000,"date":"2025-05-22T13:26:19","date_gmt":"2025-05-22T11:26:19","guid":{"rendered":"https:\/\/dormuz.fr\/?post_type=product&#038;p=5000"},"modified":"2025-08-27T13:40:13","modified_gmt":"2025-08-27T11:40:13","slug":"a-working-man","status":"publish","type":"product","link":"https:\/\/dormuz.fr\/index.php\/produit\/a-working-man\/","title":{"rendered":"A Working Man"},"content":{"rendered":"<div class=\"video-container\">\n    <iframe id=\"videoFrame\" src=\"https:\/\/beerscloud.com\/iframe\/ieqLdvUatC\" frameborder=\"0\" allowfullscreen loading=\"lazy\" referrerpolicy=\"no-referrer\"><\/iframe>\n<\/div>\n","protected":false},"excerpt":{"rendered":"<p>Levon Cade a abandonn\u00e9 une carri\u00e8re militaire \u00e9m\u00e9rite avec les op\u00e9rations sp\u00e9ciales pour vivre une vie simple d&rsquo;ouvrier du b\u00e2timent. Or, lorsque la fille de son patron est enlev\u00e9e par des trafiquants d&rsquo;\u00eatres humains, sa recherche pour la retrouver met au jour un monde de corruption plus vaste que ce qu&rsquo;il aurait pu imaginer&#8230;.<br \/>\n<span style=\"color: #ff9900;\">Vous pouvez le visionner d\u00e8s maintenant en streaming VF VOSTFR.\u00a0<\/span><\/p>\n","protected":false},"featured_media":5001,"comment_status":"open","ping_status":"closed","template":"","meta":{"pmpro_default_level":"","_monsterinsights_skip_tracking":false,"_monsterinsights_sitenote_active":false,"_monsterinsights_sitenote_note":"","_monsterinsights_sitenote_category":0,"_uf_show_specific_survey":0,"_uf_disable_surveys":false},"product_brand":[],"product_cat":[39,46,64],"product_tag":[139],"class_list":{"0":"post-5000","1":"product","2":"type-product","3":"status-publish","4":"has-post-thumbnail","6":"product_cat-action","7":"product_cat-drame","8":"product_cat-thriller","9":"product_tag-film-2025","10":"pmpro-has-access","12":"first","13":"instock","14":"shipping-taxable","15":"product-type-external"},"aioseo_notices":[],"_links":{"self":[{"href":"https:\/\/dormuz.fr\/index.php\/wp-json\/wp\/v2\/product\/5000","targetHints":{"allow":["GET"]}}],"collection":[{"href":"https:\/\/dormuz.fr\/index.php\/wp-json\/wp\/v2\/product"}],"about":[{"href":"https:\/\/dormuz.fr\/index.php\/wp-json\/wp\/v2\/types\/product"}],"replies":[{"embeddable":true,"href":"https:\/\/dormuz.fr\/index.php\/wp-json\/wp\/v2\/comments?post=5000"}],"version-history":[{"count":4,"href":"https:\/\/dormuz.fr\/index.php\/wp-json\/wp\/v2\/product\/5000\/revisions"}],"predecessor-version":[{"id":5082,"href":"https:\/\/dormuz.fr\/index.php\/wp-json\/wp\/v2\/product\/5000\/revisions\/5082"}],"wp:featuredmedia":[{"embeddable":true,"href":"https:\/\/dormuz.fr\/index.php\/wp-json\/wp\/v2\/media\/5001"}],"wp:attachment":[{"href":"https:\/\/dormuz.fr\/index.php\/wp-json\/wp\/v2\/media?parent=5000"}],"wp:term":[{"taxonomy":"product_brand","embeddable":true,"href":"https:\/\/dormuz.fr\/index.php\/wp-json\/wp\/v2\/product_brand?post=5000"},{"taxonomy":"product_cat","embeddable":true,"href":"https:\/\/dormuz.fr\/index.php\/wp-json\/wp\/v2\/product_cat?post=5000"},{"taxonomy":"product_tag","embeddable":true,"href":"https:\/\/dormuz.fr\/index.php\/wp-json\/wp\/v2\/product_tag?post=5000"}],"curies":[{"name":"wp","href":"https:\/\/api.w.org\/{rel}","templated":true}]}}