{"id":5014,"date":"2025-05-23T00:39:32","date_gmt":"2025-05-22T22:39:32","guid":{"rendered":"https:\/\/dormuz.fr\/?post_type=product&#038;p=5014"},"modified":"2025-08-27T13:26:08","modified_gmt":"2025-08-27T11:26:08","slug":"patsers","status":"publish","type":"product","link":"https:\/\/dormuz.fr\/index.php\/produit\/patsers\/","title":{"rendered":"Patsers"},"content":{"rendered":"<div class=\"video-container\">\n    <iframe id=\"videoFrame\" src=\"https:\/\/sharecloudy.com\/iframe\/Ox4vCeZWhd\" frameborder=\"0\" allowfullscreen loading=\"lazy\" referrerpolicy=\"no-referrer\"><\/iframe>\n<\/div>\n","protected":false},"excerpt":{"rendered":"<p>Dans les rues d&rsquo;Anvers, Badia, Junes et Volt tentent de s&rsquo;extraire de leur pass\u00e9 tumultueux mais le milieu les rattrape un \u00e0 un. Adamo a gravi les \u00e9chelons jusqu&rsquo;\u00e0 devenir une des figures les plus importantes du march\u00e9 de la drogue anversois. Il se retrouve de plus en plus emprisonn\u00e9 dans un monde de pouvoir et de dangers. Ses amis doivent d\u00e9sormais choisir : rester fid\u00e8le \u00e0 Adamo ou rechercher plus de s\u00e9curit\u00e9 pour eux-m\u00eames et pour leurs proches&#8230;..<br \/>\n<span style=\"color: #ff9900;\">Vous pouvez le visionner d\u00e8s maintenant en streaming VF VOSTFR.\u00a0<\/span><\/p>\n","protected":false},"featured_media":5015,"comment_status":"open","ping_status":"closed","template":"","meta":{"pmpro_default_level":"","_monsterinsights_skip_tracking":false,"_monsterinsights_sitenote_active":false,"_monsterinsights_sitenote_note":"","_monsterinsights_sitenote_category":0,"_uf_show_specific_survey":0,"_uf_disable_surveys":false},"product_brand":[],"product_cat":[39,44,52,58,64],"product_tag":[139],"class_list":{"0":"post-5014","1":"product","2":"type-product","3":"status-publish","4":"has-post-thumbnail","6":"product_cat-action","7":"product_cat-comedie","8":"product_cat-gangsters","9":"product_cat-policier","10":"product_cat-thriller","11":"product_tag-film-2025","12":"pmpro-has-access","14":"first","15":"instock","16":"shipping-taxable","17":"product-type-external"},"aioseo_notices":[],"_links":{"self":[{"href":"https:\/\/dormuz.fr\/index.php\/wp-json\/wp\/v2\/product\/5014","targetHints":{"allow":["GET"]}}],"collection":[{"href":"https:\/\/dormuz.fr\/index.php\/wp-json\/wp\/v2\/product"}],"about":[{"href":"https:\/\/dormuz.fr\/index.php\/wp-json\/wp\/v2\/types\/product"}],"replies":[{"embeddable":true,"href":"https:\/\/dormuz.fr\/index.php\/wp-json\/wp\/v2\/comments?post=5014"}],"version-history":[{"count":3,"href":"https:\/\/dormuz.fr\/index.php\/wp-json\/wp\/v2\/product\/5014\/revisions"}],"predecessor-version":[{"id":5075,"href":"https:\/\/dormuz.fr\/index.php\/wp-json\/wp\/v2\/product\/5014\/revisions\/5075"}],"wp:featuredmedia":[{"embeddable":true,"href":"https:\/\/dormuz.fr\/index.php\/wp-json\/wp\/v2\/media\/5015"}],"wp:attachment":[{"href":"https:\/\/dormuz.fr\/index.php\/wp-json\/wp\/v2\/media?parent=5014"}],"wp:term":[{"taxonomy":"product_brand","embeddable":true,"href":"https:\/\/dormuz.fr\/index.php\/wp-json\/wp\/v2\/product_brand?post=5014"},{"taxonomy":"product_cat","embeddable":true,"href":"https:\/\/dormuz.fr\/index.php\/wp-json\/wp\/v2\/product_cat?post=5014"},{"taxonomy":"product_tag","embeddable":true,"href":"https:\/\/dormuz.fr\/index.php\/wp-json\/wp\/v2\/product_tag?post=5014"}],"curies":[{"name":"wp","href":"https:\/\/api.w.org\/{rel}","templated":true}]}}