{"id":5017,"date":"2025-05-23T00:50:11","date_gmt":"2025-05-22T22:50:11","guid":{"rendered":"https:\/\/dormuz.fr\/?post_type=product&#038;p=5017"},"modified":"2025-08-27T13:24:42","modified_gmt":"2025-08-27T11:24:42","slug":"get-away","status":"publish","type":"product","link":"https:\/\/dormuz.fr\/index.php\/produit\/get-away\/","title":{"rendered":"Get Away"},"content":{"rendered":"<div class=\"video-container\">\n    <iframe id=\"videoFrame\" src=\"https:\/\/sharecloudy.com\/iframe\/ctLT064D4D\" frameborder=\"0\" allowfullscreen loading=\"lazy\" referrerpolicy=\"no-referrer\"><\/iframe>\n<\/div>\n","protected":false},"excerpt":{"rendered":"<p>Les vacances d&rsquo;une famille dans une destination isol\u00e9e prennent une tournure inattendue lorsqu&rsquo;ils d\u00e9couvrent que l&rsquo;\u00eele sur laquelle ils se trouvent est habit\u00e9e par un tueur en s\u00e9rie&#8230;.<br \/>\n<span style=\"color: #ff9900;\">Vous pouvez le visionner d\u00e8s maintenant en streaming VF VOSTFR.\u00a0<\/span><\/p>\n","protected":false},"featured_media":5018,"comment_status":"open","ping_status":"closed","template":"","meta":{"pmpro_default_level":"","_monsterinsights_skip_tracking":false,"_monsterinsights_sitenote_active":false,"_monsterinsights_sitenote_note":"","_monsterinsights_sitenote_category":0,"_uf_show_specific_survey":0,"_uf_disable_surveys":false},"product_brand":[],"product_cat":[40,44,55],"product_tag":[139],"class_list":{"0":"post-5017","1":"product","2":"type-product","3":"status-publish","4":"has-post-thumbnail","6":"product_cat-aventure","7":"product_cat-comedie","8":"product_cat-horreur","9":"product_tag-film-2025","10":"pmpro-has-access","12":"first","13":"instock","14":"shipping-taxable","15":"product-type-external"},"aioseo_notices":[],"_links":{"self":[{"href":"https:\/\/dormuz.fr\/index.php\/wp-json\/wp\/v2\/product\/5017","targetHints":{"allow":["GET"]}}],"collection":[{"href":"https:\/\/dormuz.fr\/index.php\/wp-json\/wp\/v2\/product"}],"about":[{"href":"https:\/\/dormuz.fr\/index.php\/wp-json\/wp\/v2\/types\/product"}],"replies":[{"embeddable":true,"href":"https:\/\/dormuz.fr\/index.php\/wp-json\/wp\/v2\/comments?post=5017"}],"version-history":[{"count":3,"href":"https:\/\/dormuz.fr\/index.php\/wp-json\/wp\/v2\/product\/5017\/revisions"}],"predecessor-version":[{"id":5073,"href":"https:\/\/dormuz.fr\/index.php\/wp-json\/wp\/v2\/product\/5017\/revisions\/5073"}],"wp:featuredmedia":[{"embeddable":true,"href":"https:\/\/dormuz.fr\/index.php\/wp-json\/wp\/v2\/media\/5018"}],"wp:attachment":[{"href":"https:\/\/dormuz.fr\/index.php\/wp-json\/wp\/v2\/media?parent=5017"}],"wp:term":[{"taxonomy":"product_brand","embeddable":true,"href":"https:\/\/dormuz.fr\/index.php\/wp-json\/wp\/v2\/product_brand?post=5017"},{"taxonomy":"product_cat","embeddable":true,"href":"https:\/\/dormuz.fr\/index.php\/wp-json\/wp\/v2\/product_cat?post=5017"},{"taxonomy":"product_tag","embeddable":true,"href":"https:\/\/dormuz.fr\/index.php\/wp-json\/wp\/v2\/product_tag?post=5017"}],"curies":[{"name":"wp","href":"https:\/\/api.w.org\/{rel}","templated":true}]}}