{"id":5020,"date":"2025-05-23T01:00:27","date_gmt":"2025-05-22T23:00:27","guid":{"rendered":"https:\/\/dormuz.fr\/?post_type=product&#038;p=5020"},"modified":"2025-08-27T13:24:15","modified_gmt":"2025-08-27T11:24:15","slug":"the-accidental-getaway-driver","status":"publish","type":"product","link":"https:\/\/dormuz.fr\/index.php\/produit\/the-accidental-getaway-driver\/","title":{"rendered":"The Accidental Getaway Driver"},"content":{"rendered":"<div class=\"video-container\">\n    <iframe id=\"videoFrame\" src=\"https:\/\/sharecloudy.com\/iframe\/Jz93XMyAJ6\" frameborder=\"0\" allowfullscreen loading=\"lazy\" referrerpolicy=\"no-referrer\"><\/iframe>\n<\/div>\n","protected":false},"excerpt":{"rendered":"<p>Long, un chauffeur de taxi vietnamien du sud de la Californie, accepte \u00e0 contrec\u0153ur une course tard dans la nuit. Menac\u00e9 par une arme, il prend en charge trois hommes qui sont en r\u00e9alit\u00e9 des d\u00e9tenus en cavale. Suite \u00e0 quelques complications, les fugitifs et leur otage se r\u00e9fugient dans un motel. Le temps passe, la tension monte, et la situation semble pr\u00eate \u00e0 exploser \u00e0 tout moment&#8230;.<br \/>\n<span style=\"color: #ff9900;\">Vous pouvez le visionner d\u00e8s maintenant en streaming VF VOSTFR.\u00a0<\/span><\/p>\n","protected":false},"featured_media":5021,"comment_status":"open","ping_status":"closed","template":"","meta":{"pmpro_default_level":"","_monsterinsights_skip_tracking":false,"_monsterinsights_sitenote_active":false,"_monsterinsights_sitenote_note":"","_monsterinsights_sitenote_category":0,"_uf_show_specific_survey":0,"_uf_disable_surveys":false},"product_brand":[],"product_cat":[46,64],"product_tag":[71],"class_list":{"0":"post-5020","1":"product","2":"type-product","3":"status-publish","4":"has-post-thumbnail","6":"product_cat-drame","7":"product_cat-thriller","8":"product_tag-film-2023","9":"pmpro-has-access","11":"first","12":"instock","13":"shipping-taxable","14":"product-type-external"},"aioseo_notices":[],"_links":{"self":[{"href":"https:\/\/dormuz.fr\/index.php\/wp-json\/wp\/v2\/product\/5020","targetHints":{"allow":["GET"]}}],"collection":[{"href":"https:\/\/dormuz.fr\/index.php\/wp-json\/wp\/v2\/product"}],"about":[{"href":"https:\/\/dormuz.fr\/index.php\/wp-json\/wp\/v2\/types\/product"}],"replies":[{"embeddable":true,"href":"https:\/\/dormuz.fr\/index.php\/wp-json\/wp\/v2\/comments?post=5020"}],"version-history":[{"count":2,"href":"https:\/\/dormuz.fr\/index.php\/wp-json\/wp\/v2\/product\/5020\/revisions"}],"predecessor-version":[{"id":5071,"href":"https:\/\/dormuz.fr\/index.php\/wp-json\/wp\/v2\/product\/5020\/revisions\/5071"}],"wp:featuredmedia":[{"embeddable":true,"href":"https:\/\/dormuz.fr\/index.php\/wp-json\/wp\/v2\/media\/5021"}],"wp:attachment":[{"href":"https:\/\/dormuz.fr\/index.php\/wp-json\/wp\/v2\/media?parent=5020"}],"wp:term":[{"taxonomy":"product_brand","embeddable":true,"href":"https:\/\/dormuz.fr\/index.php\/wp-json\/wp\/v2\/product_brand?post=5020"},{"taxonomy":"product_cat","embeddable":true,"href":"https:\/\/dormuz.fr\/index.php\/wp-json\/wp\/v2\/product_cat?post=5020"},{"taxonomy":"product_tag","embeddable":true,"href":"https:\/\/dormuz.fr\/index.php\/wp-json\/wp\/v2\/product_tag?post=5020"}],"curies":[{"name":"wp","href":"https:\/\/api.w.org\/{rel}","templated":true}]}}