{"id":5023,"date":"2025-05-23T02:59:14","date_gmt":"2025-05-23T00:59:14","guid":{"rendered":"https:\/\/dormuz.fr\/?post_type=product&#038;p=5023"},"modified":"2025-08-27T13:23:12","modified_gmt":"2025-08-27T11:23:12","slug":"patser","status":"publish","type":"product","link":"https:\/\/dormuz.fr\/index.php\/produit\/patser\/","title":{"rendered":"Patser"},"content":{"rendered":"<div class=\"video-container\">\n    <iframe id=\"videoFrame\" src=\"https:\/\/sharecloudy.com\/iframe\/ZSv1THOgm3\" frameborder=\"0\" allowfullscreen loading=\"lazy\" referrerpolicy=\"no-referrer\"><\/iframe>\n<\/div>\n","protected":false},"excerpt":{"rendered":"<p>Anvers. Quatre amis d\u2019enfance, fan de Scarface et petits dealers se r\u00eavent en futurs parrains du crime organis\u00e9. Mais leur l\u00e9gende se transforme en cauchemar quand ils volent un chargement de coca\u00efne, d\u00e9clenchant la guerre avec un baron de la drogue \u00e0 Amsterdam et les cartels colombiens&#8230;&#8230;<br \/>\n<span style=\"color: #ff9900;\">Vous pouvez le visionner d\u00e8s maintenant en streaming VF VOSTFR.\u00a0<\/span><\/p>\n","protected":false},"featured_media":5024,"comment_status":"open","ping_status":"closed","template":"","meta":{"pmpro_default_level":"","_monsterinsights_skip_tracking":false,"_monsterinsights_sitenote_active":false,"_monsterinsights_sitenote_note":"","_monsterinsights_sitenote_category":0,"_uf_show_specific_survey":0,"_uf_disable_surveys":false},"product_brand":[],"product_cat":[39,44,52,58,64],"product_tag":[37],"class_list":{"0":"post-5023","1":"product","2":"type-product","3":"status-publish","4":"has-post-thumbnail","6":"product_cat-action","7":"product_cat-comedie","8":"product_cat-gangsters","9":"product_cat-policier","10":"product_cat-thriller","11":"product_tag-film-2018","12":"pmpro-has-access","14":"first","15":"instock","16":"shipping-taxable","17":"product-type-external"},"aioseo_notices":[],"_links":{"self":[{"href":"https:\/\/dormuz.fr\/index.php\/wp-json\/wp\/v2\/product\/5023","targetHints":{"allow":["GET"]}}],"collection":[{"href":"https:\/\/dormuz.fr\/index.php\/wp-json\/wp\/v2\/product"}],"about":[{"href":"https:\/\/dormuz.fr\/index.php\/wp-json\/wp\/v2\/types\/product"}],"replies":[{"embeddable":true,"href":"https:\/\/dormuz.fr\/index.php\/wp-json\/wp\/v2\/comments?post=5023"}],"version-history":[{"count":2,"href":"https:\/\/dormuz.fr\/index.php\/wp-json\/wp\/v2\/product\/5023\/revisions"}],"predecessor-version":[{"id":5070,"href":"https:\/\/dormuz.fr\/index.php\/wp-json\/wp\/v2\/product\/5023\/revisions\/5070"}],"wp:featuredmedia":[{"embeddable":true,"href":"https:\/\/dormuz.fr\/index.php\/wp-json\/wp\/v2\/media\/5024"}],"wp:attachment":[{"href":"https:\/\/dormuz.fr\/index.php\/wp-json\/wp\/v2\/media?parent=5023"}],"wp:term":[{"taxonomy":"product_brand","embeddable":true,"href":"https:\/\/dormuz.fr\/index.php\/wp-json\/wp\/v2\/product_brand?post=5023"},{"taxonomy":"product_cat","embeddable":true,"href":"https:\/\/dormuz.fr\/index.php\/wp-json\/wp\/v2\/product_cat?post=5023"},{"taxonomy":"product_tag","embeddable":true,"href":"https:\/\/dormuz.fr\/index.php\/wp-json\/wp\/v2\/product_tag?post=5023"}],"curies":[{"name":"wp","href":"https:\/\/api.w.org\/{rel}","templated":true}]}}