{"id":5029,"date":"2025-05-23T03:25:49","date_gmt":"2025-05-23T01:25:49","guid":{"rendered":"https:\/\/dormuz.fr\/?post_type=product&#038;p=5029"},"modified":"2025-08-27T13:21:38","modified_gmt":"2025-08-27T11:21:38","slug":"un-parfait-inconnu","status":"publish","type":"product","link":"https:\/\/dormuz.fr\/index.php\/produit\/un-parfait-inconnu\/","title":{"rendered":"Un parfait inconnu"},"content":{"rendered":"<div class=\"video-container\">\n    <iframe id=\"videoFrame\" src=\"https:\/\/sharecloudy.com\/iframe\/v4FuBPoLUT\" frameborder=\"0\" allowfullscreen loading=\"lazy\" referrerpolicy=\"no-referrer\"><\/iframe>\n<\/div>\n","protected":false},"excerpt":{"rendered":"<p>New York, d\u00e9but des ann\u00e9es 60. Au c\u0153ur de l\u2019effervescente sc\u00e8ne musicale et culturelle de l\u2019\u00e9poque, un \u00e9nigmatique jeune homme de 19 ans arrive dans le West Village depuis son Minnesota natal, avec sa guitare et un talent hors normes qui changeront \u00e0 jamais le cours de la musique am\u00e9ricaine. Alors qu\u2019il noue d\u2019intimes relations durant son ascension vers la gloire, il finit par se sentir \u00e9touff\u00e9 par le mouvement folk et, refusant d\u2019\u00eatre mis dans une case, fait un choix controvers\u00e9 qui aura des r\u00e9percussions \u00e0 l\u2019\u00e9chelle mondiale&#8230;..<br \/>\n<span style=\"color: #ff9900;\">Vous pouvez le visionner d\u00e8s maintenant en streaming VF VOSTFR.\u00a0<\/span><\/p>\n","protected":false},"featured_media":5030,"comment_status":"open","ping_status":"closed","template":"","meta":{"pmpro_default_level":"","_monsterinsights_skip_tracking":false,"_monsterinsights_sitenote_active":false,"_monsterinsights_sitenote_note":"","_monsterinsights_sitenote_category":0,"_uf_show_specific_survey":0,"_uf_disable_surveys":false},"product_brand":[],"product_cat":[43,46,57],"product_tag":[139],"class_list":{"0":"post-5029","1":"product","2":"type-product","3":"status-publish","4":"has-post-thumbnail","6":"product_cat-biographie","7":"product_cat-drame","8":"product_cat-musical","9":"product_tag-film-2025","10":"pmpro-has-access","12":"first","13":"instock","14":"shipping-taxable","15":"product-type-external"},"aioseo_notices":[],"_links":{"self":[{"href":"https:\/\/dormuz.fr\/index.php\/wp-json\/wp\/v2\/product\/5029","targetHints":{"allow":["GET"]}}],"collection":[{"href":"https:\/\/dormuz.fr\/index.php\/wp-json\/wp\/v2\/product"}],"about":[{"href":"https:\/\/dormuz.fr\/index.php\/wp-json\/wp\/v2\/types\/product"}],"replies":[{"embeddable":true,"href":"https:\/\/dormuz.fr\/index.php\/wp-json\/wp\/v2\/comments?post=5029"}],"version-history":[{"count":3,"href":"https:\/\/dormuz.fr\/index.php\/wp-json\/wp\/v2\/product\/5029\/revisions"}],"predecessor-version":[{"id":5067,"href":"https:\/\/dormuz.fr\/index.php\/wp-json\/wp\/v2\/product\/5029\/revisions\/5067"}],"wp:featuredmedia":[{"embeddable":true,"href":"https:\/\/dormuz.fr\/index.php\/wp-json\/wp\/v2\/media\/5030"}],"wp:attachment":[{"href":"https:\/\/dormuz.fr\/index.php\/wp-json\/wp\/v2\/media?parent=5029"}],"wp:term":[{"taxonomy":"product_brand","embeddable":true,"href":"https:\/\/dormuz.fr\/index.php\/wp-json\/wp\/v2\/product_brand?post=5029"},{"taxonomy":"product_cat","embeddable":true,"href":"https:\/\/dormuz.fr\/index.php\/wp-json\/wp\/v2\/product_cat?post=5029"},{"taxonomy":"product_tag","embeddable":true,"href":"https:\/\/dormuz.fr\/index.php\/wp-json\/wp\/v2\/product_tag?post=5029"}],"curies":[{"name":"wp","href":"https:\/\/api.w.org\/{rel}","templated":true}]}}