{"id":5032,"date":"2025-05-23T03:41:18","date_gmt":"2025-05-23T01:41:18","guid":{"rendered":"https:\/\/dormuz.fr\/?post_type=product&#038;p=5032"},"modified":"2025-08-27T13:19:31","modified_gmt":"2025-08-27T11:19:31","slug":"venom-the-last-dance","status":"publish","type":"product","link":"https:\/\/dormuz.fr\/index.php\/produit\/venom-the-last-dance\/","title":{"rendered":"Venom: The Last Dance"},"content":{"rendered":"<div class=\"video-container\">\n    <iframe id=\"videoFrame\" src=\"https:\/\/sharecloudy.com\/iframe\/CMDrAXolH\" frameborder=\"0\" allowfullscreen loading=\"lazy\" referrerpolicy=\"no-referrer\"><\/iframe>\n<\/div>\n","protected":false},"excerpt":{"rendered":"<p>Eddie et Venom sont en cavale. Chacun est traqu\u00e9 par ses semblables et alors que l&rsquo;\u00e9tau se resserre, le duo doit prendre une d\u00e9cision d\u00e9vastatrice qui annonce la conclusion des aventures d&rsquo;Eddie et de Venom&#8230;.<br \/>\n<span style=\"color: #ff9900;\">Vous pouvez le visionner d\u00e8s maintenant en streaming VF VOSTFR.\u00a0<\/span><\/p>\n","protected":false},"featured_media":5033,"comment_status":"open","ping_status":"closed","template":"","meta":{"pmpro_default_level":"","_monsterinsights_skip_tracking":false,"_monsterinsights_sitenote_active":false,"_monsterinsights_sitenote_note":"","_monsterinsights_sitenote_category":0,"_uf_show_specific_survey":0,"_uf_disable_surveys":false},"product_brand":[],"product_cat":[39,40,44,51,61],"product_tag":[27],"class_list":{"0":"post-5032","1":"product","2":"type-product","3":"status-publish","4":"has-post-thumbnail","6":"product_cat-action","7":"product_cat-aventure","8":"product_cat-comedie","9":"product_cat-fantastique","10":"product_cat-science-fiction","11":"product_tag-film-2024","12":"pmpro-has-access","14":"first","15":"instock","16":"shipping-taxable","17":"product-type-external"},"aioseo_notices":[],"_links":{"self":[{"href":"https:\/\/dormuz.fr\/index.php\/wp-json\/wp\/v2\/product\/5032","targetHints":{"allow":["GET"]}}],"collection":[{"href":"https:\/\/dormuz.fr\/index.php\/wp-json\/wp\/v2\/product"}],"about":[{"href":"https:\/\/dormuz.fr\/index.php\/wp-json\/wp\/v2\/types\/product"}],"replies":[{"embeddable":true,"href":"https:\/\/dormuz.fr\/index.php\/wp-json\/wp\/v2\/comments?post=5032"}],"version-history":[{"count":3,"href":"https:\/\/dormuz.fr\/index.php\/wp-json\/wp\/v2\/product\/5032\/revisions"}],"predecessor-version":[{"id":5065,"href":"https:\/\/dormuz.fr\/index.php\/wp-json\/wp\/v2\/product\/5032\/revisions\/5065"}],"wp:featuredmedia":[{"embeddable":true,"href":"https:\/\/dormuz.fr\/index.php\/wp-json\/wp\/v2\/media\/5033"}],"wp:attachment":[{"href":"https:\/\/dormuz.fr\/index.php\/wp-json\/wp\/v2\/media?parent=5032"}],"wp:term":[{"taxonomy":"product_brand","embeddable":true,"href":"https:\/\/dormuz.fr\/index.php\/wp-json\/wp\/v2\/product_brand?post=5032"},{"taxonomy":"product_cat","embeddable":true,"href":"https:\/\/dormuz.fr\/index.php\/wp-json\/wp\/v2\/product_cat?post=5032"},{"taxonomy":"product_tag","embeddable":true,"href":"https:\/\/dormuz.fr\/index.php\/wp-json\/wp\/v2\/product_tag?post=5032"}],"curies":[{"name":"wp","href":"https:\/\/api.w.org\/{rel}","templated":true}]}}