{"id":5047,"date":"2025-08-15T03:49:47","date_gmt":"2025-08-15T01:49:47","guid":{"rendered":"https:\/\/dormuz.fr\/?post_type=product&#038;p=5047"},"modified":"2025-08-27T13:17:34","modified_gmt":"2025-08-27T11:17:34","slug":"the-last-frontier","status":"publish","type":"product","link":"https:\/\/dormuz.fr\/index.php\/produit\/the-last-frontier\/","title":{"rendered":"The Last Frontier"},"content":{"rendered":"<div class=\"video-container\">\n    <iframe id=\"videoFrame\" src=\"https:\/\/dormuz.fr\/player\/playerjs.html?file=https:\/\/www.youtube.com\/watch?v=G7EubQ8c_gY\" frameborder=\"0\" allowfullscreen loading=\"lazy\" referrerpolicy=\"no-referrer\"><\/iframe>\n<\/div>\n","protected":false},"excerpt":{"rendered":"<p>Apr\u00e8s l\u2019invasion de l\u2019Union Sovi\u00e9tique en juin 1941 (Op\u00e9ration Barbarossa), les blind\u00e9s du III\u00e8me Reich sont \u00e0 200km de Moscou d\u00e9but octobre et rien ne semble pouvoir les arr\u00eater. Seule solution pour le haut commandement de l\u2019Arm\u00e9e Rouge&#8230;.<br \/>\n<span style=\"color: #ff9900;\">Vous pouvez le visionner d\u00e8s maintenant en streaming VF VOSTFR.\u00a0<\/span><\/p>\n","protected":false},"featured_media":5048,"comment_status":"open","ping_status":"closed","template":"","meta":{"pmpro_default_level":"","_monsterinsights_skip_tracking":false,"_monsterinsights_sitenote_active":false,"_monsterinsights_sitenote_note":"","_monsterinsights_sitenote_category":0,"_uf_show_specific_survey":0,"_uf_disable_surveys":false},"product_brand":[],"product_cat":[39,46,53,54,61],"product_tag":[79],"class_list":{"0":"post-5047","1":"product","2":"type-product","3":"status-publish","4":"has-post-thumbnail","6":"product_cat-action","7":"product_cat-drame","8":"product_cat-guerre","9":"product_cat-histoire","10":"product_cat-science-fiction","11":"product_tag-film-2020","12":"pmpro-has-access","14":"first","15":"instock","16":"shipping-taxable","17":"product-type-external"},"aioseo_notices":[],"_links":{"self":[{"href":"https:\/\/dormuz.fr\/index.php\/wp-json\/wp\/v2\/product\/5047","targetHints":{"allow":["GET"]}}],"collection":[{"href":"https:\/\/dormuz.fr\/index.php\/wp-json\/wp\/v2\/product"}],"about":[{"href":"https:\/\/dormuz.fr\/index.php\/wp-json\/wp\/v2\/types\/product"}],"replies":[{"embeddable":true,"href":"https:\/\/dormuz.fr\/index.php\/wp-json\/wp\/v2\/comments?post=5047"}],"version-history":[{"count":3,"href":"https:\/\/dormuz.fr\/index.php\/wp-json\/wp\/v2\/product\/5047\/revisions"}],"predecessor-version":[{"id":5061,"href":"https:\/\/dormuz.fr\/index.php\/wp-json\/wp\/v2\/product\/5047\/revisions\/5061"}],"wp:featuredmedia":[{"embeddable":true,"href":"https:\/\/dormuz.fr\/index.php\/wp-json\/wp\/v2\/media\/5048"}],"wp:attachment":[{"href":"https:\/\/dormuz.fr\/index.php\/wp-json\/wp\/v2\/media?parent=5047"}],"wp:term":[{"taxonomy":"product_brand","embeddable":true,"href":"https:\/\/dormuz.fr\/index.php\/wp-json\/wp\/v2\/product_brand?post=5047"},{"taxonomy":"product_cat","embeddable":true,"href":"https:\/\/dormuz.fr\/index.php\/wp-json\/wp\/v2\/product_cat?post=5047"},{"taxonomy":"product_tag","embeddable":true,"href":"https:\/\/dormuz.fr\/index.php\/wp-json\/wp\/v2\/product_tag?post=5047"}],"curies":[{"name":"wp","href":"https:\/\/api.w.org\/{rel}","templated":true}]}}