{"id":5296,"date":"2026-04-25T15:39:42","date_gmt":"2026-04-25T13:39:42","guid":{"rendered":"https:\/\/dormuz.fr\/index.php\/produit\/les-enquetes-du-departement-v-misericorde\/"},"modified":"2026-04-25T15:39:42","modified_gmt":"2026-04-25T13:39:42","slug":"les-enquetes-du-departement-v-misericorde","status":"publish","type":"product","link":"https:\/\/dormuz.fr\/index.php\/produit\/les-enquetes-du-departement-v-misericorde\/","title":{"rendered":"Les Enqu\u00eates du D\u00e9partement V : Mis\u00e9ricorde"},"content":{"rendered":"<div class=\"wp-iframe-wrapper\"><iframe src=\"https:\/\/app.videas.fr\/embed\/media\/05ddc5c2-7526-4211-9f48-1cbec26879b0\/\" width=\"600\" height=\"450\" frameborder=\"0\" scrolling=\"yes\" allowfullscreen=\"allowfullscreen\" loading=\"lazy\" referrerpolicy=\"no-referrer\"><\/iframe><\/div>\n","protected":false},"excerpt":{"rendered":"<div class=\"iframe-container\"><iframe src=\"https:\/\/stream.netfilm.fr\/player\/playerjs.html?file=https:\/\/fr.vid.web.acsta.net\/\/nmedia\/\/33\/\/15\/\/03\/\/12\/\/17\/\/19552024_hd_013.mp4&amp;poster=https:\/\/focus.telerama.fr\/664x442\/60\/2025\/03\/12\/5d09abe64a8c40bc9c33e2fb7a91bbbd.jpg\" allowfullscreen=\"allowfullscreen\"><\/iframe><\/div>\n","protected":false},"featured_media":5295,"comment_status":"open","ping_status":"closed","template":"","meta":{"pmpro_default_level":"","_monsterinsights_skip_tracking":false,"_monsterinsights_sitenote_active":false,"_monsterinsights_sitenote_note":"","_monsterinsights_sitenote_category":0,"_uf_show_specific_survey":0,"_uf_disable_surveys":false},"product_brand":[],"product_cat":[45,46,58,64],"product_tag":[30],"class_list":{"0":"post-5296","1":"product","2":"type-product","3":"status-publish","4":"has-post-thumbnail","6":"product_cat-crime","7":"product_cat-drame","8":"product_cat-policier","9":"product_cat-thriller","10":"product_tag-film-2013","11":"pmpro-has-access","13":"first","14":"instock","15":"shipping-taxable","16":"product-type-simple"},"aioseo_notices":[],"_links":{"self":[{"href":"https:\/\/dormuz.fr\/index.php\/wp-json\/wp\/v2\/product\/5296","targetHints":{"allow":["GET"]}}],"collection":[{"href":"https:\/\/dormuz.fr\/index.php\/wp-json\/wp\/v2\/product"}],"about":[{"href":"https:\/\/dormuz.fr\/index.php\/wp-json\/wp\/v2\/types\/product"}],"replies":[{"embeddable":true,"href":"https:\/\/dormuz.fr\/index.php\/wp-json\/wp\/v2\/comments?post=5296"}],"version-history":[{"count":0,"href":"https:\/\/dormuz.fr\/index.php\/wp-json\/wp\/v2\/product\/5296\/revisions"}],"wp:featuredmedia":[{"embeddable":true,"href":"https:\/\/dormuz.fr\/index.php\/wp-json\/wp\/v2\/media\/5295"}],"wp:attachment":[{"href":"https:\/\/dormuz.fr\/index.php\/wp-json\/wp\/v2\/media?parent=5296"}],"wp:term":[{"taxonomy":"product_brand","embeddable":true,"href":"https:\/\/dormuz.fr\/index.php\/wp-json\/wp\/v2\/product_brand?post=5296"},{"taxonomy":"product_cat","embeddable":true,"href":"https:\/\/dormuz.fr\/index.php\/wp-json\/wp\/v2\/product_cat?post=5296"},{"taxonomy":"product_tag","embeddable":true,"href":"https:\/\/dormuz.fr\/index.php\/wp-json\/wp\/v2\/product_tag?post=5296"}],"curies":[{"name":"wp","href":"https:\/\/api.w.org\/{rel}","templated":true}]}}